{"id":2144,"date":"2023-07-06T23:30:37","date_gmt":"2023-07-06T23:30:37","guid":{"rendered":"https:\/\/womenbesttravel.com\/circuit-gastronomique-a-marrakech\/"},"modified":"2023-09-29T16:06:37","modified_gmt":"2023-09-29T16:06:37","slug":"circuit-gastronomique-a-marrakech","status":"publish","type":"page","link":"https:\/\/womenbesttravel.com\/fr\/circuit-gastronomique-a-marrakech\/","title":{"rendered":"Circuit gastronomique \u00e0 Marrakech"},"content":{"rendered":"<h1 style=\"text-align: center;\">Circuit gastronomique \u00e0 Marrakech<\/h1>\n<p><b>Points forts de l&rsquo;excursion gastronomique \u00e0 Marrakech<\/b><\/p>\n<p>Explorer les rues et les march\u00e9s anim\u00e9s de <a href=\"https:\/\/womenbesttravel.com\/\">Marrakech<\/a><br \/>\nD\u00e9couvrir la cuisine marocaine de mani\u00e8re authentique et locale<br \/>\nD\u00e9gustez une vari\u00e9t\u00e9 de d\u00e9lices marocains qui vous mettront l&rsquo;eau \u00e0 la bouche,<br \/>\nD\u00e9couvrez les \u00e9pices traditionnelles utilis\u00e9es dans la cuisine marocaine sur un march\u00e9 d&rsquo;\u00e9pices local.<br \/>\nParfait pour les gourmands<\/p>\n<p><b>Description<\/b><\/p>\n<p>Embarquez pour une aventure gastronomique et d\u00e9couvrez le meilleur de la cuisine marocaine lors de cette excursion \u00e0 Marrakech. Sous la conduite d&rsquo;un guide local comp\u00e9tent, vous visiterez les souks anim\u00e9s de la ville et d\u00e9gusterez en chemin une vari\u00e9t\u00e9 de d\u00e9lices marocains qui vous mettront l&rsquo;eau \u00e0 la bouche. D\u00e9couvrez les \u00e9pices traditionnelles utilis\u00e9es dans la cuisine marocaine sur un march\u00e9 d&rsquo;\u00e9pices local et d\u00e9gustez un d\u00eener traditionnel sur l&#8217;embl\u00e9matique place Djemaa El-Fna. Avec de nombreuses possibilit\u00e9s d&rsquo;exploration et de d\u00e9gustation, ce circuit est id\u00e9al pour les gourmands et tous ceux qui souhaitent s&rsquo;immerger dans la culture et la cuisine locales.<\/p>\n<p><img decoding=\"async\" class=\"alignnone wp-image-6053\" title=\"Circuit gastronomique \u00e0 Marrakech  \" src=\"https:\/\/moroccotravelplanner.com\/wp-content\/uploads\/2023\/04\/aff7eeb5-c5dc-4807-8f2e-3c0151de8564-300x225.jpg\" sizes=\"(max-width: 300px) 100vw, 300px\" srcset=\"https:\/\/moroccotravelplanner.com\/wp-content\/uploads\/2023\/04\/aff7eeb5-c5dc-4807-8f2e-3c0151de8564-300x225.jpg 300w, https:\/\/moroccotravelplanner.com\/wp-content\/uploads\/2023\/04\/aff7eeb5-c5dc-4807-8f2e-3c0151de8564-768x576.jpg 768w, https:\/\/moroccotravelplanner.com\/wp-content\/uploads\/2023\/04\/aff7eeb5-c5dc-4807-8f2e-3c0151de8564.jpg 1024w\" alt=\"Circuit gastronomique \u00e0 Marrakech\" width=\"337\" height=\"253\"><img decoding=\"async\" class=\"alignnone wp-image-6054\" src=\"https:\/\/moroccotravelplanner.com\/wp-content\/uploads\/2023\/04\/food-tours-marrakech-morocco-1-300x300.png\" sizes=\"(max-width: 241px) 100vw, 241px\" srcset=\"https:\/\/moroccotravelplanner.com\/wp-content\/uploads\/2023\/04\/food-tours-marrakech-morocco-1-300x300.png 300w, https:\/\/moroccotravelplanner.com\/wp-content\/uploads\/2023\/04\/food-tours-marrakech-morocco-1-1024x1024.png 1024w, https:\/\/moroccotravelplanner.com\/wp-content\/uploads\/2023\/04\/food-tours-marrakech-morocco-1-150x150.png 150w, https:\/\/moroccotravelplanner.com\/wp-content\/uploads\/2023\/04\/food-tours-marrakech-morocco-1-768x768.png 768w, https:\/\/moroccotravelplanner.com\/wp-content\/uploads\/2023\/04\/food-tours-marrakech-morocco-1-100x100.png 100w, https:\/\/moroccotravelplanner.com\/wp-content\/uploads\/2023\/04\/food-tours-marrakech-morocco-1-140x140.png 140w, https:\/\/moroccotravelplanner.com\/wp-content\/uploads\/2023\/04\/food-tours-marrakech-morocco-1-500x500.png 500w, https:\/\/moroccotravelplanner.com\/wp-content\/uploads\/2023\/04\/food-tours-marrakech-morocco-1-350x350.png 350w, https:\/\/moroccotravelplanner.com\/wp-content\/uploads\/2023\/04\/food-tours-marrakech-morocco-1-1000x1000.png 1000w, https:\/\/moroccotravelplanner.com\/wp-content\/uploads\/2023\/04\/food-tours-marrakech-morocco-1-800x800.png 800w, https:\/\/moroccotravelplanner.com\/wp-content\/uploads\/2023\/04\/food-tours-marrakech-morocco-1.png 1080w\" alt=\"circuit gastronomique \u00e0 marrakech\" width=\"253\" height=\"253\"><\/p>\n<p>Toutes nos excursions se font en petits groupes priv\u00e9s afin d&rsquo;offrir les exp\u00e9riences les plus authentiques et uniques de l&rsquo;exploration des montagnes du Haut Atlas, de leurs vues panoramiques et de leurs paysages magiques. Nous avons des options de nourriture faite maison avec des familles berb\u00e8res parce que nous croyons que c&rsquo;est la fa\u00e7on de voyager et de faire une diff\u00e9rence en aidant les familles locales et en \u00e9tablissant un lien avec elles. D&rsquo;autres activit\u00e9s comme la montgolfi\u00e8re et le d\u00eener dans le d\u00e9sert d&rsquo;Agafay pour c\u00e9l\u00e9brer des occasions sp\u00e9ciales comme votre anniversaire. Vous pouvez nous contacter pour des plans, des visites et des activit\u00e9s plus personnalis\u00e9s.<\/p>\n<p>Nous organisons une large gamme d&rsquo;excursions priv\u00e9es et en petits groupes au d\u00e9part de Marrakech. Faites une visite guid\u00e9e de la ville de Marrakech ou r\u00e9servez un circuit qui part tous les jours et vous emm\u00e8ne dans des endroits tels que les montagnes du Haut Atlas, les villages berb\u00e8res, les chutes d&rsquo;eau d&rsquo;Ouzoud, les Kasbahs, le bord de mer d&rsquo;Essaouira, et plus encore. Activit\u00e9s \u00e0 Marrakech Promenade \u00e0 dos de chameau dans les palmeraies, d\u00eener et spectacles marocains, randonn\u00e9e en quad, hammam et spa marocains. Parcourez nos excursions d&rsquo;une journ\u00e9e \u00e0 Marrakech ci-dessous ou personnalisez votre propre circuit. Contactez-nous pour plus de d\u00e9tails.<\/p>\n<p>&nbsp;<\/p>\n","protected":false},"excerpt":{"rendered":"<p>Circuit gastronomique \u00e0 Marrakech Points forts de l&rsquo;excursion gastronomique \u00e0 Marrakech Explorer les rues et les march\u00e9s anim\u00e9s de Marrakech D\u00e9couvrir la cuisine marocaine&#8230;<\/p>\n","protected":false},"author":1,"featured_media":0,"parent":0,"menu_order":0,"comment_status":"closed","ping_status":"closed","template":"","meta":{"_exactmetrics_skip_tracking":false,"_exactmetrics_sitenote_active":false,"_exactmetrics_sitenote_note":"","_exactmetrics_sitenote_category":0,"_monsterinsights_skip_tracking":false,"_monsterinsights_sitenote_active":false,"_monsterinsights_sitenote_note":"","_monsterinsights_sitenote_category":0,"_joinchat":[],"footnotes":""},"class_list":["post-2144","page","type-page","status-publish","hentry","post-item","post-even"],"_links":{"self":[{"href":"https:\/\/womenbesttravel.com\/fr\/wp-json\/wp\/v2\/pages\/2144","targetHints":{"allow":["GET"]}}],"collection":[{"href":"https:\/\/womenbesttravel.com\/fr\/wp-json\/wp\/v2\/pages"}],"about":[{"href":"https:\/\/womenbesttravel.com\/fr\/wp-json\/wp\/v2\/types\/page"}],"author":[{"embeddable":true,"href":"https:\/\/womenbesttravel.com\/fr\/wp-json\/wp\/v2\/users\/1"}],"replies":[{"embeddable":true,"href":"https:\/\/womenbesttravel.com\/fr\/wp-json\/wp\/v2\/comments?post=2144"}],"version-history":[{"count":0,"href":"https:\/\/womenbesttravel.com\/fr\/wp-json\/wp\/v2\/pages\/2144\/revisions"}],"wp:attachment":[{"href":"https:\/\/womenbesttravel.com\/fr\/wp-json\/wp\/v2\/media?parent=2144"}],"curies":[{"name":"wp","href":"https:\/\/api.w.org\/{rel}","templated":true}]}}