{"id":2145,"date":"2021-12-30T22:36:21","date_gmt":"2021-12-30T22:36:21","guid":{"rendered":"https:\/\/womenbesttravel.com\/3-jours-de-randonnee-dans-les-montagnes-de-latlas\/"},"modified":"2023-09-29T16:06:37","modified_gmt":"2023-09-29T16:06:37","slug":"3-jours-de-randonnee-dans-les-montagnes-de-latlas","status":"publish","type":"page","link":"https:\/\/womenbesttravel.com\/fr\/3-jours-de-randonnee-dans-les-montagnes-de-latlas\/","title":{"rendered":"3 jours de randonn\u00e9e dans les montagnes de l&rsquo;Atlas"},"content":{"rendered":"<h1 style=\"text-align: center;\">3 jours de randonn\u00e9e dans les montagnes de l&rsquo;Atlas<\/h1>\n<p style=\"text-align: left;\">Aper\u00e7u du trekking de 3 jours dans les montagnes de l&rsquo;Atlas<\/p>\n<p>&nbsp;<\/p>\n<p><b>Jour 1 Marrakech -Imlil &#8211; Tizi Oussem (nuit \u00e0 Azzaden)<\/b><\/p>\n<p><span style=\"font-weight: 400;\">Le matin, nous venons vous chercher \u00e0 <a href=\"http:\/\/womenbesttravel.com\/\">Marrakech<\/a> et nous nous dirigeons vers Imlil, ce village de montagne est le point de d\u00e9part des personnes qui font l&rsquo;ascension du mont Toubkal (le plus haut sommet d&rsquo;Afrique du Nord). C&rsquo;est \u00e9galement un excellent point de d\u00e9part si vous souhaitez simplement <a href=\"https:\/\/womenbesttravel.com\/trekking-and-hiking-tours\/\">faire du trekking<\/a> dans la r\u00e9gion. Nous commen\u00e7ons notre aventure en marchant d&rsquo;Imlil jusqu&rsquo;au Tizi Mzzik (col de montagne entre les deux vall\u00e9es) pour profiter des deux vues sur la vall\u00e9e d&rsquo;Imlil et d&rsquo;Azzaden. D\u00e9jeuner Pic Nik sur notre route pr\u00e8s d&rsquo;un des villages tranquilles, Apr\u00e8s nous continuons notre voyage en passant par des villages berb\u00e8res, des vues \u00e0 couper le souffle de la nature, des pommiers et des noyers en plongeant dans le style de vie berb\u00e8re, pour arriver \u00e0 Tizi Oussem, l&rsquo;un des plus beaux villages des montagnes de l&rsquo;atlas. Nuit \u00e0 la maison d&rsquo;h\u00f4tes, d\u00e9tente et d\u00eener berb\u00e8re authentique.  <\/span><\/p>\n<p>&nbsp;<\/p>\n<p><b>Jour 2 Tizi oussem &#8211; Tizi Oudit  <\/b><\/p>\n<p><span style=\"font-weight: 400;\">Nous marcherons de Tizi Oussem au village d&rsquo;Ait Aissa en profitant des vues sur le chemin, et nous continuerons jusqu&rsquo;au col de Tizi Oudite qui se trouve \u00e0 2219 m au-dessus du niveau de la mer, o\u00f9 nous d\u00e9jeunerons et continuerons jusqu&rsquo;\u00e0 Imlil o\u00f9 vous passerez la nuit dans une maison d&rsquo;h\u00f4tes.<\/span><\/p>\n<p>&nbsp;<\/p>\n<p><b>Jour 3 Imlil-Tidli- Arm\u00e9- Marrakech  <\/b><\/p>\n<p><span style=\"font-weight: 400;\">Apr\u00e8s le petit-d\u00e9jeuner, nous commen\u00e7ons notre randonn\u00e9e en passant par la for\u00eat de gen\u00e9vriers espagnols et par le col de Tidli qui offre l&rsquo;une des meilleures vues sur les vall\u00e9es d&rsquo;Imlil et d&rsquo;Asni o\u00f9 nous d\u00e9jeunons. Nous continuons \u00e0 marcher jusqu&rsquo;\u00e0 Arm\u00e9, le plus haut village de la vall\u00e9e d&rsquo;Imlil, nous marchons jusqu&rsquo;\u00e0 une cascade pr\u00e8s de la rivi\u00e8re et notre dernier arr\u00eat se fera au centre d&rsquo;Imlil dans le march\u00e9 principal apr\u00e8s que nous ayons repris la route pour Marrakech.  <\/span><\/p>\n<p>&nbsp;<\/p>\n<p><span style=\"font-weight: 400;\"> <strong>Inclus dans ce trekking de 3 jours dans les montagnes de l&rsquo;Atlas<\/strong><\/span><\/p>\n<p><span style=\"font-weight: 400;\">guide local  <\/span><\/p>\n<p><span style=\"font-weight: 400;\">petit-d\u00e9jeuner, d\u00e9jeuner, d\u00eener  <\/span><\/p>\n<p><span style=\"font-weight: 400;\">voiture priv\u00e9e et chauffeur  <\/span><\/p>\n<p><span style=\"font-weight: 400;\">mule pour les bagages  <\/span><\/p>\n<p><span style=\"font-weight: 400;\">cuisinier et mat\u00e9riel de cuisine  <\/span><\/p>\n<p><span style=\"font-weight: 400;\">Nuit\u00e9e dans des maisons d&rsquo;h\u00f4tes berb\u00e8res  <\/span><\/p>\n<p>&nbsp;<\/p>\n<p><strong>Non inclus<\/strong><\/p>\n<p><span style=\"font-weight: 400;\">Assurance voyage  <\/span><\/p>\n<p><span style=\"font-weight: 400;\">Boissons  <\/span><\/p>\n<p><span style=\"font-weight: 400;\">Conseils  <\/span><\/p>\n<p><span style=\"font-weight: 400;\">D\u00e9penses personnelles<\/span><\/p>\n","protected":false},"excerpt":{"rendered":"<p>3 jours de randonn\u00e9e dans les montagnes de l&rsquo;Atlas Aper\u00e7u du trekking de 3 jours dans les montagnes de l&rsquo;Atlas &nbsp; Jour 1 Marrakech&#8230;<\/p>\n","protected":false},"author":1,"featured_media":0,"parent":0,"menu_order":0,"comment_status":"closed","ping_status":"closed","template":"","meta":{"_exactmetrics_skip_tracking":false,"_exactmetrics_sitenote_active":false,"_exactmetrics_sitenote_note":"","_exactmetrics_sitenote_category":0,"_monsterinsights_skip_tracking":false,"_monsterinsights_sitenote_active":false,"_monsterinsights_sitenote_note":"","_monsterinsights_sitenote_category":0,"_joinchat":[],"footnotes":""},"class_list":["post-2145","page","type-page","status-publish","hentry","post-item","post-even"],"_links":{"self":[{"href":"https:\/\/womenbesttravel.com\/fr\/wp-json\/wp\/v2\/pages\/2145","targetHints":{"allow":["GET"]}}],"collection":[{"href":"https:\/\/womenbesttravel.com\/fr\/wp-json\/wp\/v2\/pages"}],"about":[{"href":"https:\/\/womenbesttravel.com\/fr\/wp-json\/wp\/v2\/types\/page"}],"author":[{"embeddable":true,"href":"https:\/\/womenbesttravel.com\/fr\/wp-json\/wp\/v2\/users\/1"}],"replies":[{"embeddable":true,"href":"https:\/\/womenbesttravel.com\/fr\/wp-json\/wp\/v2\/comments?post=2145"}],"version-history":[{"count":0,"href":"https:\/\/womenbesttravel.com\/fr\/wp-json\/wp\/v2\/pages\/2145\/revisions"}],"wp:attachment":[{"href":"https:\/\/womenbesttravel.com\/fr\/wp-json\/wp\/v2\/media?parent=2145"}],"curies":[{"name":"wp","href":"https:\/\/api.w.org\/{rel}","templated":true}]}}