{"id":2155,"date":"2022-02-15T11:53:31","date_gmt":"2022-02-15T11:53:31","guid":{"rendered":"https:\/\/womenbesttravel.com\/5-jours-de-trekking-dans-le-desert-au-depart-de-marrakech\/"},"modified":"2023-09-29T16:06:58","modified_gmt":"2023-09-29T16:06:58","slug":"5-jours-de-trekking-dans-le-desert-au-depart-de-marrakech","status":"publish","type":"page","link":"https:\/\/womenbesttravel.com\/fr\/5-jours-de-trekking-dans-le-desert-au-depart-de-marrakech\/","title":{"rendered":"5 jours de trekking dans le d\u00e9sert au d\u00e9part de Marrakech"},"content":{"rendered":"<h1 style=\"text-align: center;\">5 jours de trekking dans le d\u00e9sert au d\u00e9part de Marrakech<\/h1>\n<p><strong>  5 jours de trekking dans le d\u00e9sert au d\u00e9part de Marrakech Aper\u00e7u g\u00e9n\u00e9ral  <\/strong><\/p>\n<p><span style=\"font-weight: 400;\"><img decoding=\"async\" class=\"aligncenter wp-image-1451 size-full\" src=\"https:\/\/womenbesttravel.com\/wp-content\/uploads\/2022\/02\/Trekking-Desert-Tours-From-Marrakech-scaled.jpeg\" alt=\"Trekking dans le d\u00e9sert \u00e0 partir de Marrakech\" width=\"2560\" height=\"1713\" srcset=\"https:\/\/womenbesttravel.com\/wp-content\/uploads\/2022\/02\/Trekking-Desert-Tours-From-Marrakech-scaled.jpeg 2560w, https:\/\/womenbesttravel.com\/wp-content\/uploads\/2022\/02\/Trekking-Desert-Tours-From-Marrakech-300x201.jpeg 300w, https:\/\/womenbesttravel.com\/wp-content\/uploads\/2022\/02\/Trekking-Desert-Tours-From-Marrakech-1024x685.jpeg 1024w, https:\/\/womenbesttravel.com\/wp-content\/uploads\/2022\/02\/Trekking-Desert-Tours-From-Marrakech-768x514.jpeg 768w, https:\/\/womenbesttravel.com\/wp-content\/uploads\/2022\/02\/Trekking-Desert-Tours-From-Marrakech-1536x1028.jpeg 1536w, https:\/\/womenbesttravel.com\/wp-content\/uploads\/2022\/02\/Trekking-Desert-Tours-From-Marrakech-2048x1370.jpeg 2048w, https:\/\/womenbesttravel.com\/wp-content\/uploads\/2022\/02\/Trekking-Desert-Tours-From-Marrakech-370x248.jpeg 370w, https:\/\/womenbesttravel.com\/wp-content\/uploads\/2022\/02\/Trekking-Desert-Tours-From-Marrakech-270x180.jpeg 270w, https:\/\/womenbesttravel.com\/wp-content\/uploads\/2022\/02\/Trekking-Desert-Tours-From-Marrakech-570x381.jpeg 570w, https:\/\/womenbesttravel.com\/wp-content\/uploads\/2022\/02\/Trekking-Desert-Tours-From-Marrakech-770x515.jpeg 770w, https:\/\/womenbesttravel.com\/wp-content\/uploads\/2022\/02\/Trekking-Desert-Tours-From-Marrakech-1170x783.jpeg 1170w, https:\/\/womenbesttravel.com\/wp-content\/uploads\/2022\/02\/Trekking-Desert-Tours-From-Marrakech-867x580.jpeg 867w\" sizes=\"(max-width: 2560px) 100vw, 2560px\" \/><\/span><\/p>\n<p><span style=\"font-weight: 400;\">Si vous r\u00eavez de voyager dans le <a href=\"https:\/\/womenbesttravel.com\/morocco-desert-tours\/\">d\u00e9sert du Sahara<\/a>, d&rsquo;harmonie, d&rsquo;\u00e9couter le son du silence, de la beaut\u00e9 et de la spiritualit\u00e9 d&rsquo;une nature pr\u00e9serv\u00e9e et authentique et de la culture nomade du d\u00e9sert.  <\/span><span style=\"font-weight: 400;\">Le trekking dans le d\u00e9sert offre une v\u00e9ritable sensation d&rsquo;espace et d&rsquo;\u00e9loignement, surtout lorsqu&rsquo;on l&rsquo;observe depuis le sommet des vastes champs de dunes. Nos programmes de trekking et de randonn\u00e9e durent \u00e0 partir de 3 jours.  <\/span><\/p>\n<p><span style=\"font-weight: 400;\">Votre randonn\u00e9e \u00e0 dos de chameau et vos vacances dans le d\u00e9sert du Sahara avec nous sont une exp\u00e9rience authentique,  <\/span><span style=\"font-weight: 400;\">avec des itin\u00e9raires isol\u00e9s et du camping sauvage dans le \u00ab\u00a0parc national d&rsquo;Iriqui\u00a0\u00bb pr\u00e9serv\u00e9,<\/span><span style=\"font-weight: 400;\">  proche de la culture et des Nomades, qui rempliront votre \u00e2me et rendront votre voyage dans le d\u00e9sert du Sahara inoubliable en vous laissant l&rsquo;envie irr\u00e9pressible d&rsquo;y retourner !<\/span><\/p>\n<p>Sahara Desert Treks est votre aventure marocaine pour une exploration lente de la culture du d\u00e9sert du Sahara, l&rsquo;exp\u00e9rience de dormir \u00e0 la belle \u00e9toile dans un d\u00e9sert isol\u00e9, le camping berb\u00e8re dans le d\u00e9sert.<\/p>\n<p><strong>5 joursTrekking dans le d\u00e9sert \u00e0 partir de Marrakech itin\u00e9raire<\/strong><\/p>\n<p><strong>Jour 1 Marrakech -Lac Iriki &#8211; Erg mhazil<\/strong><\/p>\n<p><span style=\"font-weight: 400;\">D\u00e9part matinal en 4&#215;4, d\u00e9jeuner en cours de route, arriv\u00e9e avant le coucher du soleil dans l&rsquo;erg d\u00e9sertique de Mhazil, premi\u00e8re nuit sous tente (pr\u00e9par\u00e9e par les guides de trekking), travers\u00e9e du parc national d&rsquo;Iriki qui a \u00e9t\u00e9 c<\/span><span style=\"font-weight: 400;\">r\u00e9\u00e9 en 1994, le parc national d&rsquo;Iriqui a \u00e9t\u00e9 cr\u00e9\u00e9 pour prot\u00e9ger la biodiversit\u00e9, la flore et la faune sur 123 000 hectares dans le sud-est du Maroc, et en particulier pour pr\u00e9server les zones humides temporaires du lac Iriqui, au c\u0153ur du d\u00e9sert. coucher de soleil et nuit \u00e0 erg lmhazil, Cette vaste zone de dunes de sable offre un paysage \u00e0 couper le souffle, en particulier au lever ou au coucher du soleil. Le soir, nous faisons du feu et admirons un ciel pur rempli d&rsquo;\u00e9toiles brillantes et une nuit en plein air avec des moments de r\u00e9el plaisir pour d\u00e9couvrir les constellations.<\/span><\/p>\n<p><strong>Jour 2 Eerg mhazil &#8211; Dunes d&rsquo;Erg El Ghoule<\/strong><\/p>\n<p><span style=\"font-weight: 400;\">Apr\u00e8s le petit d\u00e9jeuner, nous commen\u00e7ons le trekking dans les dunes (4 heures de marche). Nous marchons au milieu des dunes, avec \u00e0 l&rsquo;horizon la montagne de Jebel Bani au nord et la hamada de Draa au sud, avant la fronti\u00e8re avec l&rsquo;Alg\u00e9rie. Nous avons install\u00e9 le camp pr\u00e8s des dunes de l&rsquo;erg el ghoul.  <\/span><\/p>\n<p><span style=\"font-weight: 400;\"><br \/>\nTrekking dans le d\u00e9sert \u00e0 partir de Marrakech<br \/>\n<\/span><\/p>\n<p><strong>Jour 3 Erg Lghoul &#8211; Ecole Nomade &#8211; Oasis lgrizima  <\/strong><\/p>\n<p><span style=\"font-weight: 400;\">Apr\u00e8s le petit d\u00e9jeuner, nous marchons vers les nomades pour d\u00e9jeuner avec eux et d\u00e9couvrir leur mode de vie. Apr\u00e8s le d\u00e9jeuner, d\u00e9part vers l&rsquo;oasis lgrizima (palmiers), pr\u00e9paration du pain de sable. y passer la nuit  <\/span><\/p>\n<p><strong>Jour 4 Oasis lgrizima Erg Chegaga  <\/strong><\/p>\n<p><span style=\"font-weight: 400;\">D\u00e9part vers les plus hautes dunes de l&rsquo;erg chegaga, en passant par les tamaris, d\u00e9jeuner en cours de route avant d&rsquo;arriver au campement du d\u00e9sert (temps pour se doucher, se d\u00e9tendre&#8230;) temps libre pour observer le coucher du soleil depuis les dunes d\u00eener et musique le soir.<\/span><\/p>\n<p><strong>Jour 5 Chegaga &#8212; Marrakech  <\/strong><\/p>\n<p><span style=\"font-weight: 400;\">Apr\u00e8s le petit d\u00e9jeuner, transfert vers Marrakech en passant par Mhamid lghizlan, Targalate est l&rsquo;ancien nom de Mhamid. La r\u00e9gion est historiquement importante car les caravanes commerciales se rassemblaient, parfois avec 5 000 chameaux, \u00e0 Sidi Khalil avant de partir pour Tombouctou et d&rsquo;autres destinations. Ensuite, nous visiterons Tamegroute, c\u00e9l\u00e8bre pour ses ateliers de poterie verte qui ne sont pas seulement anciens, mais qui abritent \u00e9galement l&rsquo;un des plus grands secrets du Maroc. Une nuance particuli\u00e8re de vert est traditionnellement utilis\u00e9e dans les poteries de cette r\u00e9gion. C&rsquo;est un vert que vous ne trouverez nulle part ailleurs. et la vall\u00e9e du Draa.<\/span><\/p>\n<p>Trekking dans le d\u00e9sert \u00e0 partir de Marrakech<\/p>\n<p>&nbsp;<\/p>\n","protected":false},"excerpt":{"rendered":"<p>5 jours de trekking dans le d\u00e9sert au d\u00e9part de Marrakech 5 jours de trekking dans le d\u00e9sert au d\u00e9part de Marrakech Aper\u00e7u g\u00e9n\u00e9ral&#8230;<\/p>\n","protected":false},"author":1,"featured_media":0,"parent":0,"menu_order":0,"comment_status":"closed","ping_status":"closed","template":"","meta":{"_exactmetrics_skip_tracking":false,"_exactmetrics_sitenote_active":false,"_exactmetrics_sitenote_note":"","_exactmetrics_sitenote_category":0,"_monsterinsights_skip_tracking":false,"_monsterinsights_sitenote_active":false,"_monsterinsights_sitenote_note":"","_monsterinsights_sitenote_category":0,"_joinchat":[],"footnotes":""},"class_list":["post-2155","page","type-page","status-publish","hentry","post-item","post-even"],"_links":{"self":[{"href":"https:\/\/womenbesttravel.com\/fr\/wp-json\/wp\/v2\/pages\/2155","targetHints":{"allow":["GET"]}}],"collection":[{"href":"https:\/\/womenbesttravel.com\/fr\/wp-json\/wp\/v2\/pages"}],"about":[{"href":"https:\/\/womenbesttravel.com\/fr\/wp-json\/wp\/v2\/types\/page"}],"author":[{"embeddable":true,"href":"https:\/\/womenbesttravel.com\/fr\/wp-json\/wp\/v2\/users\/1"}],"replies":[{"embeddable":true,"href":"https:\/\/womenbesttravel.com\/fr\/wp-json\/wp\/v2\/comments?post=2155"}],"version-history":[{"count":0,"href":"https:\/\/womenbesttravel.com\/fr\/wp-json\/wp\/v2\/pages\/2155\/revisions"}],"wp:attachment":[{"href":"https:\/\/womenbesttravel.com\/fr\/wp-json\/wp\/v2\/media?parent=2155"}],"curies":[{"name":"wp","href":"https:\/\/api.w.org\/{rel}","templated":true}]}}