{"id":2157,"date":"2021-02-03T15:05:35","date_gmt":"2021-02-03T15:05:35","guid":{"rendered":"https:\/\/womenbesttravel.com\/guide-merzouga\/"},"modified":"2024-06-23T22:40:02","modified_gmt":"2024-06-23T22:40:02","slug":"guide-merzouga","status":"publish","type":"page","link":"https:\/\/womenbesttravel.com\/fr\/guide-merzouga\/","title":{"rendered":"GUIDE MERZOUGA"},"content":{"rendered":"<p><span style=\"font-weight: 400;\">Guide de Merzouga, <\/span><span style=\"font-weight: 400;\">Situ\u00e9 dans le sud-est du <a href=\"https:\/\/womenbesttravel.com\/\">Maroc,<\/a> pr\u00e8s de la fronti\u00e8re alg\u00e9rienne, se trouve le petit village de Merzouga. Situ\u00e9 aux confins du vaste d\u00e9sert du Sahara, le plus grand d\u00e9sert chaud de la plan\u00e8te, ce charmant village attire des visiteurs de tous horizons. Malgr\u00e9 sa taille modeste, avec une population d&rsquo;environ 1 000 personnes et une poign\u00e9e d&rsquo;h\u00f4tels et de restaurants, Merzouga a gagn\u00e9 en popularit\u00e9 aupr\u00e8s des touristes et des amateurs d&rsquo;aventure. Il offre une exp\u00e9rience vraiment magnifique, o\u00f9 l&rsquo;on peut savourer un d\u00eener traditionnel sous un ciel \u00e9toil\u00e9, s&rsquo;\u00e9merveiller devant des couchers de soleil \u00e0 couper le souffle lors d&rsquo;une promenade \u00e0 dos de chameau, et se laisser envo\u00fbter par les sables chatoyants qui refl\u00e8tent l&rsquo;\u00e9clat du soleil. Les vastes dunes de sable, visibles de loin, vous transportent dans un univers distinct du bruit de la ville, vous laissant \u00e9merveill\u00e9 par la beaut\u00e9 grandiose du d\u00e9sert. Merzouga a le pouvoir de vous transporter dans un monde \u00e0 part, o\u00f9 r\u00e8gnent la tranquillit\u00e9 et la magnificence du d\u00e9sert.<\/span><\/p>\n<p><img decoding=\"async\" class=\"aligncenter size-full wp-image-1444\" src=\"https:\/\/womenbesttravel.com\/wp-content\/uploads\/2022\/02\/4-Days-From-Marrakech-To-Merzouga-Sahara-Desert-Tours-scaled.jpeg\" alt=\"Guide de Merzouga\" width=\"2560\" height=\"1707\" srcset=\"https:\/\/womenbesttravel.com\/wp-content\/uploads\/2022\/02\/4-Days-From-Marrakech-To-Merzouga-Sahara-Desert-Tours-scaled.jpeg 2560w, https:\/\/womenbesttravel.com\/wp-content\/uploads\/2022\/02\/4-Days-From-Marrakech-To-Merzouga-Sahara-Desert-Tours-300x200.jpeg 300w, https:\/\/womenbesttravel.com\/wp-content\/uploads\/2022\/02\/4-Days-From-Marrakech-To-Merzouga-Sahara-Desert-Tours-1024x683.jpeg 1024w, https:\/\/womenbesttravel.com\/wp-content\/uploads\/2022\/02\/4-Days-From-Marrakech-To-Merzouga-Sahara-Desert-Tours-768x512.jpeg 768w, https:\/\/womenbesttravel.com\/wp-content\/uploads\/2022\/02\/4-Days-From-Marrakech-To-Merzouga-Sahara-Desert-Tours-1536x1024.jpeg 1536w, https:\/\/womenbesttravel.com\/wp-content\/uploads\/2022\/02\/4-Days-From-Marrakech-To-Merzouga-Sahara-Desert-Tours-2048x1365.jpeg 2048w, https:\/\/womenbesttravel.com\/wp-content\/uploads\/2022\/02\/4-Days-From-Marrakech-To-Merzouga-Sahara-Desert-Tours-370x247.jpeg 370w, https:\/\/womenbesttravel.com\/wp-content\/uploads\/2022\/02\/4-Days-From-Marrakech-To-Merzouga-Sahara-Desert-Tours-270x180.jpeg 270w, https:\/\/womenbesttravel.com\/wp-content\/uploads\/2022\/02\/4-Days-From-Marrakech-To-Merzouga-Sahara-Desert-Tours-570x380.jpeg 570w, https:\/\/womenbesttravel.com\/wp-content\/uploads\/2022\/02\/4-Days-From-Marrakech-To-Merzouga-Sahara-Desert-Tours-770x513.jpeg 770w, https:\/\/womenbesttravel.com\/wp-content\/uploads\/2022\/02\/4-Days-From-Marrakech-To-Merzouga-Sahara-Desert-Tours-1170x780.jpeg 1170w, https:\/\/womenbesttravel.com\/wp-content\/uploads\/2022\/02\/4-Days-From-Marrakech-To-Merzouga-Sahara-Desert-Tours-870x580.jpeg 870w\" sizes=\"(max-width: 2560px) 100vw, 2560px\" \/><\/p>\n<h3><strong>Meilleure p\u00e9riode pour visiter Merzouga<\/strong><\/h3>\n<p><span style=\"font-weight: 400;\">La p\u00e9riode id\u00e9ale pour visiter Merzouga est celle des mois les plus frais, d&rsquo;octobre \u00e0 f\u00e9vrier. Pendant cette p\u00e9riode, les temp\u00e9ratures diurnes sont agr\u00e9ables et confortables, tandis que les nuits apportent une fra\u00eecheur rafra\u00eechissante. Il est conseill\u00e9 d&rsquo;\u00e9viter les mois d&rsquo;\u00e9t\u00e9, de septembre \u00e0 juin, car la temp\u00e9rature peut d\u00e9passer les 100 degr\u00e9s et devenir insupportable. De m\u00eame, les mois de mars et d&rsquo;avril peuvent \u00eatre impr\u00e9visibles, avec des pluies occasionnelles et la possibilit\u00e9 de temp\u00eates de sable qui peuvent perturber votre tranquillit\u00e9. Bien que les pr\u00e9cipitations soient rares tout au long de l&rsquo;ann\u00e9e, ces mois comportent un faible risque de pr\u00e9cipitations. Pour votre confort et votre protection, il est recommand\u00e9 d&rsquo;apporter des foulards pour prot\u00e9ger votre visage des vents de sable. En outre, il est conseill\u00e9 d&#8217;emporter plusieurs couches de v\u00eatements, car la temp\u00e9rature baisse sensiblement apr\u00e8s le coucher du soleil.<\/span><\/p>\n<h3><strong>O\u00f9 s\u00e9journer \u00e0 Merzouga :<\/strong><\/h3>\n<p><span style=\"font-weight: 400;\">S\u00e9journer dans un camp traditionnel du d\u00e9sert est le choix le plus agr\u00e9able, offrant aux touristes la possibilit\u00e9 de dormir dans des tentes confortables et de d\u00e9guster une cuisine berb\u00e8re saine et traditionnelle. Alors que la nuit se d\u00e9roule sous le ciel \u00e9toil\u00e9, les invit\u00e9s peuvent se d\u00e9lecter de l&rsquo;ambiance tandis que les m\u00e9lodies marocaines remplissent l&rsquo;air, illumin\u00e9es par la douce lueur des lumi\u00e8res orang\u00e9es qui enveloppent les environs. Il est \u00e9galement possible de trouver des h\u00f4tels dans la ville voisine de Merzouga, qui offrent d&rsquo;excellents services et commodit\u00e9s. L&rsquo;h\u00f4tel Yasmina, la Kasbah Mohayut, qui offre une vue magnifique sur les dunes et dispose d&rsquo;une piscine, le Riad Mamouch, la Guest House Merzouga et l&rsquo;Auberge Les Roches sont des choix id\u00e9aux pour les voyageurs soucieux de leur budget et \u00e0 la recherche d&rsquo;un h\u00e9bergement de qualit\u00e9.<\/span><\/p>\n<h3><strong>Choses \u00e0 faire \u00e0 Merzouga :<\/strong><\/h3>\n<p><span style=\"font-weight: 400;\">En marchant en ligne dans le sable, les promenades \u00e0 dos de chameau dans les dunes de l&rsquo;Erg Chebbi offrent une exp\u00e9rience magnifique, avec pour seul horizon les dunes de sable et le soleil. Pour passer la nuit en toute tranquillit\u00e9, il existe plusieurs sites de camping dans la r\u00e9gion, dont le Sahara desert luxury camp. Pour ceux qui pr\u00e9f\u00e8rent les activit\u00e9s plus aventureuses, les randonn\u00e9es \u00e0 v\u00e9lo ou \u00e0 pied dans le circuit de l&rsquo;Erg Chebbi sont l&rsquo;occasion d&rsquo;explorer et de d\u00e9couvrir la ville. Il est \u00e9galement possible de faire du sandboarding, une exp\u00e9rience palpitante qui consiste \u00e0 d\u00e9valer les dunes sur une planche de sable. En outre, vous pouvez embarquer pour un vol en montgolfi\u00e8re afin d&rsquo;admirer le d\u00e9sert d&rsquo;en haut et d&rsquo;assister \u00e0 un coucher ou \u00e0 un lever de soleil \u00e9poustouflant avec des nuances d&rsquo;or, d&rsquo;orange et de rouge, accompagn\u00e9 des reflets hypnotiques des sables rougeoyants. Au cours de votre exploration, vous rencontrerez parfois des oasis, des parcelles de terre verdoyantes entour\u00e9es par le d\u00e9sert, qui sont le r\u00e9sultat de la pr\u00e9sence d&rsquo;eau souterraine permettant aux plantes de prosp\u00e9rer. Enfin, en pr\u00e9sence d&rsquo;une faible pollution lumineuse, l&rsquo;observation des \u00e9toiles devient une exp\u00e9rience magique en s&rsquo;\u00e9merveillant des \u00e9toiles parfaitement visibles dans le ciel nocturne.<\/span><\/p>\n<p>&nbsp;<\/p>\n<h3><strong>Les meilleurs endroits de Merzouga. <\/strong><\/h3>\n<p><span style=\"font-weight: 400;\">L&rsquo;un des sites incontournables de Merzouga est la dune de l&rsquo;erg chebbi, l&rsquo;une des plus grandes du Sahara. Un autre lieu int\u00e9ressant \u00e0 visiter est le village de Khamlia, c\u00e9l\u00e8bre pour sa musique gnawa. Faites l&rsquo;exp\u00e9rience de la musique traditionnelle et de l&rsquo;\u00e2me en visitant l&rsquo;un des groupes de musique locaux. En outre, la d\u00e9couverte du village de Hassi Labied, pr\u00e8s de Merzouga, est un excellent moyen de d\u00e9couvrir la vie quotidienne des habitants. Les modestes maisons en terre du village et ses rues \u00e9troites donnent un aper\u00e7u authentique de la culture locale. Ne manquez pas de visiter Dayet Srji, un magnifique lac d&rsquo;eau sal\u00e9e pr\u00e8s de Merzouga. Le lac abrite diverses esp\u00e8ces d&rsquo;oiseaux, notamment des flamants roses, ce qui en fait un lieu serein pour observer le vol gracieux de ces magnifiques oiseaux.<\/span><\/p>\n<p>&nbsp;<\/p>\n","protected":false},"excerpt":{"rendered":"<p>Guide de Merzouga, Situ\u00e9 dans le sud-est du Maroc, pr\u00e8s de la fronti\u00e8re alg\u00e9rienne, se trouve le petit village de Merzouga. Situ\u00e9 aux confins&#8230;<\/p>\n","protected":false},"author":1,"featured_media":0,"parent":0,"menu_order":0,"comment_status":"closed","ping_status":"closed","template":"","meta":{"_exactmetrics_skip_tracking":false,"_exactmetrics_sitenote_active":false,"_exactmetrics_sitenote_note":"","_exactmetrics_sitenote_category":0,"_monsterinsights_skip_tracking":false,"_monsterinsights_sitenote_active":false,"_monsterinsights_sitenote_note":"","_monsterinsights_sitenote_category":0,"_joinchat":[],"footnotes":""},"class_list":["post-2157","page","type-page","status-publish","hentry","post-item","post-even"],"_links":{"self":[{"href":"https:\/\/womenbesttravel.com\/fr\/wp-json\/wp\/v2\/pages\/2157","targetHints":{"allow":["GET"]}}],"collection":[{"href":"https:\/\/womenbesttravel.com\/fr\/wp-json\/wp\/v2\/pages"}],"about":[{"href":"https:\/\/womenbesttravel.com\/fr\/wp-json\/wp\/v2\/types\/page"}],"author":[{"embeddable":true,"href":"https:\/\/womenbesttravel.com\/fr\/wp-json\/wp\/v2\/users\/1"}],"replies":[{"embeddable":true,"href":"https:\/\/womenbesttravel.com\/fr\/wp-json\/wp\/v2\/comments?post=2157"}],"version-history":[{"count":1,"href":"https:\/\/womenbesttravel.com\/fr\/wp-json\/wp\/v2\/pages\/2157\/revisions"}],"predecessor-version":[{"id":2637,"href":"https:\/\/womenbesttravel.com\/fr\/wp-json\/wp\/v2\/pages\/2157\/revisions\/2637"}],"wp:attachment":[{"href":"https:\/\/womenbesttravel.com\/fr\/wp-json\/wp\/v2\/media?parent=2157"}],"curies":[{"name":"wp","href":"https:\/\/api.w.org\/{rel}","templated":true}]}}