{"id":2161,"date":"2022-02-14T14:45:04","date_gmt":"2022-02-14T14:45:04","guid":{"rendered":"https:\/\/womenbesttravel.com\/treks-dans-le-desert-du-sahara\/"},"modified":"2024-06-09T12:26:20","modified_gmt":"2024-06-09T12:26:20","slug":"aventure-inoubliable-pour-femmes-trekking-dans-le-desert-du-maroc-en-6-jours","status":"publish","type":"page","link":"https:\/\/womenbesttravel.com\/fr\/aventure-inoubliable-pour-femmes-trekking-dans-le-desert-du-maroc-en-6-jours\/","title":{"rendered":"Treks dans le d\u00e9sert du Sahara"},"content":{"rendered":"<h1 style=\"text-align: center;\">Treks dans le d\u00e9sert du Sahara<\/h1>\n<p><strong>Treks dans le d\u00e9sert du Sahara<\/strong><\/p>\n<p><span style=\"font-weight: 400;\">Si vous r\u00eavez de voyager dans le <a href=\"https:\/\/womenbesttravel.com\/morocco-desert-tours\/\">d\u00e9sert du Sahara<\/a>, d&rsquo;harmonie, d&rsquo;\u00e9couter le son du silence, de la beaut\u00e9 et de la spiritualit\u00e9 d&rsquo;une nature pr\u00e9serv\u00e9e et authentique et de la culture nomade du d\u00e9sert. <\/span><span style=\"font-weight: 400;\">Le trekking dans le d\u00e9sert offre une v\u00e9ritable sensation d&rsquo;espace et d&rsquo;\u00e9loignement, surtout lorsqu&rsquo;on l&rsquo;observe depuis le sommet des vastes champs de dunes. Nos programmes de trekking et de randonn\u00e9e durent \u00e0 partir de 3 jours. <\/span><\/p>\n<p><span style=\"font-weight: 400;\">Votre randonn\u00e9e \u00e0 dos de chameau et vos vacances dans le d\u00e9sert du Sahara avec nous sont une exp\u00e9rience authentique, <\/span><span style=\"font-weight: 400;\">avec des itin\u00e9raires isol\u00e9s et du camping sauvage dans le \u00ab\u00a0parc national d&rsquo;Iriqui\u00a0\u00bb pr\u00e9serv\u00e9,<\/span><span style=\"font-weight: 400;\"> proche de la culture et des Nomades, qui rempliront votre \u00e2me et rendront votre voyage dans le d\u00e9sert du Sahara inoubliable en vous laissant l&rsquo;envie irr\u00e9pressible d&rsquo;y retourner !<\/span><\/p>\n<p>Sahara Desert Treks est votre aventure marocaine pour une exploration lente de la culture du d\u00e9sert du Sahara, l&rsquo;exp\u00e9rience de dormir \u00e0 la belle \u00e9toile dans un d\u00e9sert isol\u00e9, le camping berb\u00e8re dans le d\u00e9sert.<\/p>\n<p><strong><img decoding=\"async\" class=\"aligncenter wp-image-1352 size-full\" src=\"https:\/\/womenbesttravel.com\/wp-content\/uploads\/2021\/11\/4-Days-From-Marrakech-To-Merzouga-Sahara-Desert-Tours-scaled.jpeg\" alt=\"Treks dans le d\u00e9sert du Sahara\" width=\"2560\" height=\"1707\" srcset=\"https:\/\/womenbesttravel.com\/wp-content\/uploads\/2021\/11\/4-Days-From-Marrakech-To-Merzouga-Sahara-Desert-Tours-scaled.jpeg 2560w, https:\/\/womenbesttravel.com\/wp-content\/uploads\/2021\/11\/4-Days-From-Marrakech-To-Merzouga-Sahara-Desert-Tours-300x200.jpeg 300w, https:\/\/womenbesttravel.com\/wp-content\/uploads\/2021\/11\/4-Days-From-Marrakech-To-Merzouga-Sahara-Desert-Tours-1024x683.jpeg 1024w, https:\/\/womenbesttravel.com\/wp-content\/uploads\/2021\/11\/4-Days-From-Marrakech-To-Merzouga-Sahara-Desert-Tours-768x512.jpeg 768w, https:\/\/womenbesttravel.com\/wp-content\/uploads\/2021\/11\/4-Days-From-Marrakech-To-Merzouga-Sahara-Desert-Tours-1536x1024.jpeg 1536w, https:\/\/womenbesttravel.com\/wp-content\/uploads\/2021\/11\/4-Days-From-Marrakech-To-Merzouga-Sahara-Desert-Tours-2048x1365.jpeg 2048w, https:\/\/womenbesttravel.com\/wp-content\/uploads\/2021\/11\/4-Days-From-Marrakech-To-Merzouga-Sahara-Desert-Tours-370x247.jpeg 370w, https:\/\/womenbesttravel.com\/wp-content\/uploads\/2021\/11\/4-Days-From-Marrakech-To-Merzouga-Sahara-Desert-Tours-270x180.jpeg 270w, https:\/\/womenbesttravel.com\/wp-content\/uploads\/2021\/11\/4-Days-From-Marrakech-To-Merzouga-Sahara-Desert-Tours-570x380.jpeg 570w, https:\/\/womenbesttravel.com\/wp-content\/uploads\/2021\/11\/4-Days-From-Marrakech-To-Merzouga-Sahara-Desert-Tours-770x513.jpeg 770w, https:\/\/womenbesttravel.com\/wp-content\/uploads\/2021\/11\/4-Days-From-Marrakech-To-Merzouga-Sahara-Desert-Tours-1170x780.jpeg 1170w, https:\/\/womenbesttravel.com\/wp-content\/uploads\/2021\/11\/4-Days-From-Marrakech-To-Merzouga-Sahara-Desert-Tours-870x580.jpeg 870w\" sizes=\"(max-width: 2560px) 100vw, 2560px\" \/><\/strong><\/p>\n<p><strong><a href=\"http:\/\/womenbesttravel.com\/\">Randonn\u00e9es dans le d\u00e9sert du <\/a> Sahara <\/strong><\/p>\n<blockquote class=\"wp-embedded-content\" data-secret=\"FaU7540vkF\"><p><a href=\"https:\/\/womenbesttravel.com\/fr\/5-jours-de-trekking-dans-le-desert-au-depart-de-marrakech\/\">5 Days Trekking Desert Tours From Marrakech<\/a><\/p><\/blockquote>\n<p><iframe class=\"wp-embedded-content\" sandbox=\"allow-scripts\" security=\"restricted\" style=\"position: absolute; clip: rect(1px, 1px, 1px, 1px);\" title=\"\u00ab\u00a05 Days Trekking Desert Tours From Marrakech\u00a0\u00bb &#8212; Best Morocco Private Tours \" src=\"https:\/\/womenbesttravel.com\/fr\/5-jours-de-trekking-dans-le-desert-au-depart-de-marrakech\/embed\/#?secret=y8VY8nageK#?secret=FaU7540vkF\" data-secret=\"FaU7540vkF\" width=\"600\" height=\"338\" frameborder=\"0\" marginwidth=\"0\" marginheight=\"0\" scrolling=\"no\"><\/iframe><\/p>\n<p><strong>JOUR 1 Transfert Marrakech mhamid <\/strong><\/p>\n<p><span style=\"font-weight: 400;\">Transfert de Marrakech, Ouarzazate ou Agadir \u00e0 M&rsquo;hamid en 4 x4.<\/span><\/p>\n<p><strong>JOUR 2 Mhamid &#8211; Sidi Naji <\/strong><\/p>\n<p><span style=\"font-weight: 400;\">Apr\u00e8s le petit-d\u00e9jeuner, nous commen\u00e7ons la promenade \u00e0 dos de chameau \u00e0 travers l&rsquo;ancienne kasbah de la palmeraie. En route, nous faisons une pause pour d\u00e9jeuner \u00e0 l&rsquo;ombre des Tamarix. Apr\u00e8s une courte sieste, nous commen\u00e7ons \u00e0 marcher pour rejoindre Sidi Naji, o\u00f9 se trouve le tombeau d&rsquo;un ancien marabout, devenu un c\u00e9l\u00e8bre lieu de p\u00e8lerinage pour les nomades. Bivouac autour d&rsquo;un feu, avec de la musique traditionnelle jou\u00e9e par votre guide et les chameliers. Vous apprendrez \u00e0 pr\u00e9parer le pain de sable typique du d\u00e9sert.<\/span><\/p>\n<p><strong>JOUR 3 Sidi Naji erg Zahar <\/strong><\/p>\n<p><span style=\"font-weight: 400;\">Nous partons en direction de Bousninareg, en nous arr\u00eatant en cours de route pour d\u00e9jeuner dans un endroit agr\u00e9able. Le paysage change toutes les deux heures. Nous arrivons aux grandes dunes de Zahar, d&rsquo;o\u00f9 l&rsquo;on aper\u00e7oit la fronti\u00e8re alg\u00e9rienne. Nous admirerons le coucher de soleil et la splendide vue panoramique sur les dunes. D\u00eener \u00e0 la belle \u00e9toile et nuit au bivouac.<\/span><\/p>\n<p><strong>JOUR 4 Erg Zahar a &#8211; Erg smar <\/strong><\/p>\n<p><span style=\"font-weight: 400;\">Nous traversons la vall\u00e9e du Dr\u00e2a et d\u00e9jeunons pr\u00e8s d&rsquo;un puits pour profiter de la fra\u00eecheur. Apr\u00e8s le d\u00e9jeuner et le repos, nous continuons vers le camp du d\u00e9sert d&rsquo;Erg Smar o\u00f9 nous passons la nuit.<\/span><\/p>\n<p><strong>JOUR 5 Erg smar &#8211; Erg Chegaga <\/strong><\/p>\n<p><span style=\"font-weight: 400;\"> Apr\u00e8s avoir travers\u00e9 l&rsquo;Erg Sidra, nous continuons vers les magnifiques dunes de l&rsquo;Erg Chegaga. Nous montons au sommet de la grande dune Abidia pour admirer la mer de sable infinie. D\u00eener et nuit entre les dunes de l&rsquo;Erg Chegaga.<\/span><\/p>\n<p><strong>JOUR 6 erg Chegaga &#8211; transfert Marrakech \/ Ouarzazate \/ Agadir <\/strong><\/p>\n<p><span style=\"font-weight: 400;\">R\u00e9veil matinal pour admirer notre dernier lever de soleil dans le d\u00e9sert. Apr\u00e8s le petit-d\u00e9jeuner, nous partons en 4&#215;4 pour Foum Zguid, en traversant le magnifique lac Iriki et son plateau d\u00e9sertique o\u00f9 nous nous arr\u00eaterons pour voir des fossiles et nous croiserons des tentes nomades sur notre chemin. D\u00e9jeuner en route et retour \u00e0 Marrakech, Ouarzazate ou Agadir.<\/span><\/p>\n<p>Treks dans le d\u00e9sert du Sahara<\/p>\n<p>&nbsp;<\/p>\n","protected":false},"excerpt":{"rendered":"<p>Treks dans le d\u00e9sert du Sahara Treks dans le d\u00e9sert du Sahara Si vous r\u00eavez de voyager dans le d\u00e9sert du Sahara, d&rsquo;harmonie, d&rsquo;\u00e9couter&#8230;<\/p>\n","protected":false},"author":1,"featured_media":0,"parent":0,"menu_order":0,"comment_status":"closed","ping_status":"closed","template":"","meta":{"_exactmetrics_skip_tracking":false,"_exactmetrics_sitenote_active":false,"_exactmetrics_sitenote_note":"","_exactmetrics_sitenote_category":0,"_monsterinsights_skip_tracking":false,"_monsterinsights_sitenote_active":false,"_monsterinsights_sitenote_note":"","_monsterinsights_sitenote_category":0,"_joinchat":[],"footnotes":""},"class_list":["post-2161","page","type-page","status-publish","hentry","post-item","post-even"],"_links":{"self":[{"href":"https:\/\/womenbesttravel.com\/fr\/wp-json\/wp\/v2\/pages\/2161","targetHints":{"allow":["GET"]}}],"collection":[{"href":"https:\/\/womenbesttravel.com\/fr\/wp-json\/wp\/v2\/pages"}],"about":[{"href":"https:\/\/womenbesttravel.com\/fr\/wp-json\/wp\/v2\/types\/page"}],"author":[{"embeddable":true,"href":"https:\/\/womenbesttravel.com\/fr\/wp-json\/wp\/v2\/users\/1"}],"replies":[{"embeddable":true,"href":"https:\/\/womenbesttravel.com\/fr\/wp-json\/wp\/v2\/comments?post=2161"}],"version-history":[{"count":0,"href":"https:\/\/womenbesttravel.com\/fr\/wp-json\/wp\/v2\/pages\/2161\/revisions"}],"wp:attachment":[{"href":"https:\/\/womenbesttravel.com\/fr\/wp-json\/wp\/v2\/media?parent=2161"}],"curies":[{"name":"wp","href":"https:\/\/api.w.org\/{rel}","templated":true}]}}