{"id":2162,"date":"2021-11-20T17:51:00","date_gmt":"2021-11-20T17:51:00","guid":{"rendered":"https:\/\/womenbesttravel.com\/voyages-en-famille-au-maroc\/"},"modified":"2023-09-29T16:07:08","modified_gmt":"2023-09-29T16:07:08","slug":"voyages-en-famille-au-maroc","status":"publish","type":"page","link":"https:\/\/womenbesttravel.com\/fr\/voyages-en-famille-au-maroc\/","title":{"rendered":"Voyages en famille au Maroc"},"content":{"rendered":"<h1 style=\"text-align: center;\">Voyages d&rsquo;aventure en famille au Maroc<\/h1>\n<p><strong>Description de Morocco Family Adventure Tours :<\/strong><\/p>\n<p>D\u00e9couvrez la magie du Maroc au cours d&rsquo;un voyage qui vous m\u00e8nera des march\u00e9s anim\u00e9s aux dunes du d\u00e9sert. Rencontrez des musiciens enchanteurs et des conteurs impr\u00e9gn\u00e9s de l&rsquo;h\u00e9ritage amazigh (\u00e9galement appel\u00e9 berb\u00e8re), et essayez de cuisiner des plats locaux color\u00e9s. Vous passerez devant des formations rocheuses \u00e9tonnantes, escaladerez des sables balay\u00e9s par le vent et d\u00e9couvrirez d&rsquo;anciens secrets dans des oasis verdoyantes et des palais grandioses.<\/p>\n<p>Les <a href=\"http:\/\/womenbesttravel.com\/\">vacances en famille au Maroc<\/a> peuvent \u00eatre personnalis\u00e9es en fonction de vos besoins, 3, 6, 15 jours. Chaque jour offre des paysages compl\u00e8tement diff\u00e9rents &#8211; en int\u00e9grant autant que possible la culture et les paysages. Parfois, votre guide vous proposera des visites interpr\u00e9tatives gratuites de monuments et\/ou d&rsquo;attractions historiques ou culturelles, aussi bien en journ\u00e9e qu&rsquo;en soir\u00e9e.<\/p>\n<p>Explorez le Maroc dans le cadre d&rsquo;un circuit priv\u00e9 avec des guides experts et un itin\u00e9raire sur mesure.<\/p>\n<p>Le Maroc est une destination id\u00e9ale pour toute la famille. Sa combinaison de plages magnifiques, de d\u00e9serts dor\u00e9s, de montagnes, de villes historiques et de march\u00e9s exotiques en fait une destination id\u00e9ale pour les enfants de tous \u00e2ges. Marrakech figure en t\u00eate de la liste des endroits \u00e0 voir au Maroc et les enfants adoreront explorer les nombreuses ruelles labyrinthiques de la vieille ville, s&rsquo;\u00e9merveiller devant les c\u00f4nes d&rsquo;\u00e9pices du march\u00e9 et discuter avec les vendeurs d&rsquo;eau color\u00e9s qui arpentent les rues. Le soir, ils adoreront se promener parmi les \u00e9tals du march\u00e9 nocturne de Djemma El Fna, en essayant de trouver les plats les plus d\u00e9licieux qui y sont propos\u00e9s.<br \/>\nPlus au nord, la ville de F\u00e8s est \u00e9galement fascinante, avec son centre ancien merveilleusement intact et ses tanneries pittoresques qui sont les plus anciennes du monde.<\/p>\n<p>Les familles peuvent parcourir le majestueux d\u00e9sert du Sahara \u00e0 dos de chameau ou d\u00e9couvrir l&rsquo;authenticit\u00e9 de la vie marocaine dans un village berb\u00e8re. D\u00e9couvrez un pan de l&rsquo;histoire marocaine en visitant des palais, des mosqu\u00e9es et des souks.<\/p>\n<div class=\"rvps3\">\n<h2><strong>Itin\u00e9raire de vacances en famille au Maroc &#8211; 7 jours<\/strong><\/h2>\n<p><strong>Jour 1 : Marrakech \u00e0 TELOUET &amp; AIT BENHADOU<\/strong><\/p>\n<\/div>\n<p class=\"rvps3\">Apr\u00e8s le petit-d\u00e9jeuner, nous commen\u00e7ons votre voyage d&rsquo;aventure en famille au Maroc. Le transfert en minibus priv\u00e9 passe par le col du Haut Atlas de Tizi-N-Tichka. Cette route nationale fascinante nous offre des vues \u00e0 couper le souffle dans toutes les directions. Notre premi\u00e8re destination est la vall\u00e9e de Telouet o\u00f9 nous offrons nos services \u00e0 un petit projet de d\u00e9veloppement dans cette r\u00e9gion montagneuse appauvrie. Nous verrons \u00e9galement les vestiges d&rsquo;une ancienne Kasbah (forteresse) qui a contr\u00f4l\u00e9 les routes commerciales des caravanes pendant de nombreuses ann\u00e9es. Nous continuons ensuite vers le d\u00e9sert du Sahara jusqu&rsquo;\u00e0 Ait Benhaddou, un endroit parfait pour visiter Morocco Family Adventure Tours (c\u00e9l\u00e8bre pour les films hollywoodiens tels que Gladiator, La Momie, Kingdom of Heaven, et Lawrence d&rsquo;Arabie). Nous passons la nuit dans un h\u00f4tel touristique confortable qui dispose d&rsquo;une petite piscine et d&rsquo;une grande terrasse avec vue sur la Hamada (d\u00e9sert de pierre du Sahara). Peut-\u00eatre participerons-nous ce soir \u00e0 un concert de tambours locaux avec nos h\u00f4tes ! La dur\u00e9e totale du voyage est d&rsquo;environ 4 heures. Petit d\u00e9jeuner et d\u00eener inclus.<\/p>\n<p><strong>Jour 2 : Ait Benhaddou \u00e0 TODRA GORGE<\/strong><\/p>\n<p class=\"rvps3\">Ce matin, apr\u00e8s avoir explor\u00e9 la c\u00e9l\u00e8bre Kasbah et les lieux de tournage d&rsquo;Ait Benhaddou, nous partons pour les gorges de Todra, un vaste canyon des montagnes de l&rsquo;Atlas. Avant Todra, nous nous arr\u00eaterons \u00e0 Skoura, dans la vall\u00e9e des mille kasbahs, pour une petite randonn\u00e9e dans l&rsquo;oasis de palmiers-dattiers afin d&rsquo;observer les \u00e9tranges maisons qui ressemblent \u00e0 des ch\u00e2teaux de sable. Peu apr\u00e8s, nous rejoignons notre h\u00f4tel dans le canyon et passons un peu de temps \u00e0 explorer \u00e0 pied et, si le temps le permet, nous pouvons faire de l&rsquo;escalade avec vos guides et participer \u00e0 des d\u00e9fis et des jeux cr\u00e9atifs. La dur\u00e9e du voyage est d&rsquo;environ 3 heures au total. Petit d\u00e9jeuner et d\u00eener inclus.<\/p>\n<p class=\"rvps3\"><strong>Jour 3 : Todgha vers les DUNES SAHARANES de l&rsquo;Erg Chebbi<\/strong><\/p>\n<p class=\"rvps3\">Aujourd&rsquo;hui, nous nous dirigeons vers les grandes dunes du Sahara de l&rsquo;Erg Chebbi, l&rsquo;endroit le plus authentique du Maroc. Avant de partir, nous participons \u00e0 quelques d\u00e9fis d&rsquo;aventure dans le canyon et \u00e0 un court trekking \u00e0 travers une \u00e9tonnante plantation d&rsquo;oasis, en visitant peut-\u00eatre une maison berb\u00e8re pour un th\u00e9 \u00e0 la menthe. En continuant vers les dunes, nous arrivons en fin d&rsquo;apr\u00e8s-midi pour trouver nos chameaux qui nous attendent pour nous emmener (2 heures environ) vers un camp de style nomade unique dans le d\u00e9sert o\u00f9 nous dormons dans des tentes confortables sous les \u00e9toiles. Si le temps le permet, nous pourrons explorer les hautes dunes et grimper, sauter, rouler, etc. \u00e0 notre guise ! Ce soir, nous \u00e9couterons les tambours berb\u00e8res du Sahara et nous ferons peut-\u00eatre un feu pour nous r\u00e9chauffer &#8211; \u00e0 moins que vous ne pr\u00e9f\u00e9riez danser ! Cette exp\u00e9rience est un moment fort de toute visite au Maroc. La dur\u00e9e totale du voyage est d&rsquo;environ 4,5 heures. Petit d\u00e9jeuner et d\u00eener inclus.<\/p>\n<p><strong><img decoding=\"async\" class=\"aligncenter wp-image-1352 size-large\" src=\"https:\/\/womenbesttravel.com\/wp-content\/uploads\/2021\/11\/4-Days-From-Marrakech-To-Merzouga-Sahara-Desert-Tours-1024x683.jpeg\" alt=\"Voyages d'aventure en famille au Maroc\" width=\"770\" height=\"514\" srcset=\"https:\/\/womenbesttravel.com\/wp-content\/uploads\/2021\/11\/4-Days-From-Marrakech-To-Merzouga-Sahara-Desert-Tours-1024x683.jpeg 1024w, https:\/\/womenbesttravel.com\/wp-content\/uploads\/2021\/11\/4-Days-From-Marrakech-To-Merzouga-Sahara-Desert-Tours-300x200.jpeg 300w, https:\/\/womenbesttravel.com\/wp-content\/uploads\/2021\/11\/4-Days-From-Marrakech-To-Merzouga-Sahara-Desert-Tours-768x512.jpeg 768w, https:\/\/womenbesttravel.com\/wp-content\/uploads\/2021\/11\/4-Days-From-Marrakech-To-Merzouga-Sahara-Desert-Tours-1536x1024.jpeg 1536w, https:\/\/womenbesttravel.com\/wp-content\/uploads\/2021\/11\/4-Days-From-Marrakech-To-Merzouga-Sahara-Desert-Tours-2048x1365.jpeg 2048w, https:\/\/womenbesttravel.com\/wp-content\/uploads\/2021\/11\/4-Days-From-Marrakech-To-Merzouga-Sahara-Desert-Tours-370x247.jpeg 370w, https:\/\/womenbesttravel.com\/wp-content\/uploads\/2021\/11\/4-Days-From-Marrakech-To-Merzouga-Sahara-Desert-Tours-270x180.jpeg 270w, https:\/\/womenbesttravel.com\/wp-content\/uploads\/2021\/11\/4-Days-From-Marrakech-To-Merzouga-Sahara-Desert-Tours-570x380.jpeg 570w, https:\/\/womenbesttravel.com\/wp-content\/uploads\/2021\/11\/4-Days-From-Marrakech-To-Merzouga-Sahara-Desert-Tours-770x513.jpeg 770w, https:\/\/womenbesttravel.com\/wp-content\/uploads\/2021\/11\/4-Days-From-Marrakech-To-Merzouga-Sahara-Desert-Tours-1170x780.jpeg 1170w, https:\/\/womenbesttravel.com\/wp-content\/uploads\/2021\/11\/4-Days-From-Marrakech-To-Merzouga-Sahara-Desert-Tours-870x580.jpeg 870w\" sizes=\"(max-width: 770px) 100vw, 770px\" \/><\/strong><\/p>\n<p><strong>Jour 4 : D\u00e9sert du Sahara jusqu&rsquo;\u00e0 OUARZAZATE<\/strong><\/p>\n<p class=\"rvps3\">Ce matin, nous nous rendons en p\u00e8lerinage sur une haute dune pour assister au lever du soleil sur le d\u00e9sert &#8211; un moment inoubliable&#8230; Apr\u00e8s le petit-d\u00e9jeuner, nos chameaux nous ram\u00e8nent \u00e0 la civilisation et nous nous rendons \u00e0 Ouarzazate, ville marchande anim\u00e9e, en empruntant la route du d\u00e9sert du sud, qui offre des paysages spectaculaires. Nous visitons un studio de cin\u00e9ma et disposons d&rsquo;un peu de temps pour faire du shopping et explorer les march\u00e9s. Ouarzazate \u00e9tait un centre important pour les caravanes de chameaux entre Tomboktu et Marrakech, et la ville a gard\u00e9 une atmosph\u00e8re de fronti\u00e8re passionnante. Ce soir, nous restons \u00e0 Ouarzazate dans un h\u00f4tel confortable avec une petite piscine. La dur\u00e9e totale du voyage est d&rsquo;environ 6 heures. Tous les repas sont inclus aujourd&rsquo;hui.<\/p>\n<p class=\"rvps3\"><strong>Jour 5 : De Ouarzazate \u00e0 Essaouira<\/strong><\/p>\n<p class=\"rvps3\">Aujourd&rsquo;hui, nous nous rendons \u00e0 Essaouira et nous avons un apr\u00e8s-midi de d\u00e9tente, d&rsquo;achats de souvenirs de derni\u00e8re minute, de visites facultatives et, si le temps coop\u00e8re, un peu de temps sur la belle plage de l&rsquo;Atlantique Essaouira est connue pour \u00eatre fra\u00eeche en \u00e9t\u00e9 tandis que la chaleur du Sahara, le temps dans l&rsquo;oc\u00e9an, mais c&rsquo;est un endroit id\u00e9al pour se d\u00e9tendre apr\u00e8s l&rsquo;aventure. Ce soir, nous s\u00e9journons dans un h\u00f4tel confortable pr\u00e8s du centre-ville. La dur\u00e9e totale du voyage est d&rsquo;environ 3,5 heures. Tous les repas sont inclus aujourd&rsquo;hui.<\/p>\n<p class=\"rvps3\"><strong>Jour 6 : Essaouira<\/strong><\/p>\n<p class=\"rvps3\">Journ\u00e9e libre \u00e0 Essaouira, Sweam, Quading, Randonn\u00e9e \u00e0 cheval et autres activit\u00e9s&#8230;<\/p>\n<p class=\"rvps3\"><strong>Jour 7 : d&rsquo;Essaouira \u00e0 Marrakech<\/strong><\/p>\n<div class=\"rvps3\">Le dernier jour de votre voyage d&rsquo;aventure en famille au Maroc, le matin apr\u00e8s le petit d\u00e9jeuner, 3 heures de route pour retourner \u00e0 Marrakech, transferts \u00e0 l&rsquo;a\u00e9roport organis\u00e9s&#8230;<\/div>\n<h2><strong>Inclusions des vacances familiales au Maroc :<\/strong><\/h2>\n<p>&#8211; Transport complet vers tous les sites<\/p>\n<p>&#8211; Guide complet &#8211; Droits d&rsquo;entr\u00e9e<\/p>\n<p>&#8211; Circuit en Jeep 4\u00d74 avec climatisation<\/p>\n<p>&#8211; H\u00e9bergement en camping berb\u00e8re<\/p>\n<p>&#8211; Promenade \u00e0 dos de chameau dans le d\u00e9sert du Sahara<\/p>\n<p>&#8211; Voyage sur mesure A partir de Marrakech en famille<\/p>\n<p>&#8211; Repas (petits d\u00e9jeuners et d\u00eeners quotidiens)<\/p>\n<p>&#8211; Temps libre pour explorer le Sahara, Ait Benhaddou, Ouarzazate,<\/p>\n<p>&#8211; Chambre d&rsquo;h\u00f4tel avec salle de bains attenante et climatisation<\/p>\n<p>&#8211; Promenades, culture, histoire<\/p>\n<p>&#8211; Exp\u00e9riences r\u00e9elles&#8230;<\/p>\n<p><strong>Ce qui n&rsquo;est pas inclus<\/strong><\/p>\n<p>&#8211; D\u00e9jeuner 8 $ au total, boissons 1 $, payable en Dirhams \/ Dollars US, Euros.<\/p>\n<p>&#8211; Assurance voyage<\/p>\n<p>&#8211; Pourboires (les pourboires font partie de la culture et de l&rsquo;\u00e9conomie du tourisme au Maroc, \u00e0 l&rsquo;instar des restaurants aux \u00c9tats-Unis et en Europe)<\/p>\n<p>&nbsp;<\/p>\n","protected":false},"excerpt":{"rendered":"<p>Voyages d&rsquo;aventure en famille au Maroc Description de Morocco Family Adventure Tours : D\u00e9couvrez la magie du Maroc au cours d&rsquo;un voyage qui vous&#8230;<\/p>\n","protected":false},"author":1,"featured_media":0,"parent":0,"menu_order":0,"comment_status":"closed","ping_status":"closed","template":"","meta":{"_exactmetrics_skip_tracking":false,"_exactmetrics_sitenote_active":false,"_exactmetrics_sitenote_note":"","_exactmetrics_sitenote_category":0,"_monsterinsights_skip_tracking":false,"_monsterinsights_sitenote_active":false,"_monsterinsights_sitenote_note":"","_monsterinsights_sitenote_category":0,"_joinchat":[],"footnotes":""},"class_list":["post-2162","page","type-page","status-publish","hentry","post-item","post-even"],"_links":{"self":[{"href":"https:\/\/womenbesttravel.com\/fr\/wp-json\/wp\/v2\/pages\/2162","targetHints":{"allow":["GET"]}}],"collection":[{"href":"https:\/\/womenbesttravel.com\/fr\/wp-json\/wp\/v2\/pages"}],"about":[{"href":"https:\/\/womenbesttravel.com\/fr\/wp-json\/wp\/v2\/types\/page"}],"author":[{"embeddable":true,"href":"https:\/\/womenbesttravel.com\/fr\/wp-json\/wp\/v2\/users\/1"}],"replies":[{"embeddable":true,"href":"https:\/\/womenbesttravel.com\/fr\/wp-json\/wp\/v2\/comments?post=2162"}],"version-history":[{"count":0,"href":"https:\/\/womenbesttravel.com\/fr\/wp-json\/wp\/v2\/pages\/2162\/revisions"}],"wp:attachment":[{"href":"https:\/\/womenbesttravel.com\/fr\/wp-json\/wp\/v2\/media?parent=2162"}],"curies":[{"name":"wp","href":"https:\/\/api.w.org\/{rel}","templated":true}]}}