{"id":2167,"date":"2021-12-30T23:04:57","date_gmt":"2021-12-30T23:04:57","guid":{"rendered":"https:\/\/womenbesttravel.com\/?page_id=2167"},"modified":"2024-06-10T13:03:06","modified_gmt":"2024-06-10T13:03:06","slug":"randonnee-estivale-de-7-jours-au-mont-toubkal","status":"publish","type":"page","link":"https:\/\/womenbesttravel.com\/fr\/randonnee-estivale-de-7-jours-au-mont-toubkal\/","title":{"rendered":"Randonn\u00e9e estivale de 7 jours au Mont Toubkal"},"content":{"rendered":"<h1 style=\"text-align: center;\"><span style=\"font-weight: 400;\">Randonn\u00e9e estivale de 7 jours au Mont Toubkal <\/span><\/h1>\n<p><strong>Randonn\u00e9e estivale de 7 jours au Mont Toubkal\u00a0 : D&rsquo;avril \u00e0 octobre<\/strong><\/p>\n<p><span style=\"font-weight: 400; color: #993300;\">Jour 1 Marrakech Imlil Tacheddirt (nuit en tachdirt)<\/span><\/p>\n<p><span style=\"font-weight: 400; color: #993300;\">Jour 2 Tacheddirt &#8211; Tizi Likemt &#8211; Azib likemt (nuit \u00e0 Azib likemt)<\/span><\/p>\n<p><span style=\"font-weight: 400; color: #993300;\">jour 3 Azib Likemt &#8211; Tifni (nuit \u00e0 Tifni)<\/span><\/p>\n<p><span style=\"font-weight: 400; color: #993300;\">passer par nomade , azib signification <\/span><\/p>\n<p><span style=\"font-weight: 400; color: #993300;\">jour 4 Tifni- Azib N&rsquo;ououra\u00efn-Amsouzart (nuit \u00e0 Amsouzart)<\/span><\/p>\n<p><span style=\"font-weight: 400; color: #993300;\">jour 5 Amsouzart &#8211; Ait Igrane &#8211; lac ifni nuit (au lac ifni)<\/span><\/p>\n<p><span style=\"font-weight: 400; color: #993300;\">jour 6 lac ifni &#8211; Tizi ouanoums &#8211; refuge toubkal (nuit en refuge)<\/span><\/p>\n<p><span style=\"font-weight: 400; color: #993300;\">jour 7 refuge du toubkal &#8211; sommet du toubkal &#8211; imlil &#8211; Marrakech <\/span><\/p>\n<p>&nbsp;<\/p>\n<p><span style=\"font-weight: 400;\"> Inclus <\/span><\/p>\n<p><span style=\"font-weight: 400;\">toutes les nuits sont pass\u00e9es en camping, sauf \u00e0 Amsouzart.<\/span><\/p>\n<p><span style=\"font-weight: 400;\">guide local <\/span><\/p>\n<p><span style=\"font-weight: 400;\">petit-d\u00e9jeuner, d\u00e9jeuner, d\u00eener <\/span><\/p>\n<p><span style=\"font-weight: 400;\">voiture priv\u00e9e et chauffeur <\/span><\/p>\n<p><span style=\"font-weight: 400;\">mule pour les bagages <\/span><\/p>\n<p><span style=\"font-weight: 400;\">cuisinier et mat\u00e9riel de cuisine<\/span><\/p>\n<p><span style=\"font-weight: 400;\">H\u00e9bergement dans des maisons d&rsquo;h\u00f4tes de charme <\/span><\/p>\n<p><span style=\"font-weight: 400;\">Non inclus<\/span><\/p>\n<p><span style=\"font-weight: 400;\">Assurance voyage <\/span><\/p>\n<p><span style=\"font-weight: 400;\">Boissons <\/span><\/p>\n<p><span style=\"font-weight: 400;\">Conseils <\/span><\/p>\n<p><span style=\"font-weight: 400;\">D\u00e9penses personnelles<\/span><\/p>\n<p>&nbsp;<\/p>\n","protected":false},"excerpt":{"rendered":"<p>Randonn\u00e9e estivale de 7 jours au Mont Toubkal Randonn\u00e9e estivale de 7 jours au Mont Toubkal\u00a0 : D&rsquo;avril \u00e0 octobre Jour 1 Marrakech Imlil&#8230;<\/p>\n","protected":false},"author":1,"featured_media":0,"parent":0,"menu_order":0,"comment_status":"closed","ping_status":"closed","template":"","meta":{"_exactmetrics_skip_tracking":false,"_exactmetrics_sitenote_active":false,"_exactmetrics_sitenote_note":"","_exactmetrics_sitenote_category":0,"_monsterinsights_skip_tracking":false,"_monsterinsights_sitenote_active":false,"_monsterinsights_sitenote_note":"","_monsterinsights_sitenote_category":0,"_joinchat":[],"footnotes":""},"class_list":["post-2167","page","type-page","status-publish","hentry","post-item","post-even"],"_links":{"self":[{"href":"https:\/\/womenbesttravel.com\/fr\/wp-json\/wp\/v2\/pages\/2167","targetHints":{"allow":["GET"]}}],"collection":[{"href":"https:\/\/womenbesttravel.com\/fr\/wp-json\/wp\/v2\/pages"}],"about":[{"href":"https:\/\/womenbesttravel.com\/fr\/wp-json\/wp\/v2\/types\/page"}],"author":[{"embeddable":true,"href":"https:\/\/womenbesttravel.com\/fr\/wp-json\/wp\/v2\/users\/1"}],"replies":[{"embeddable":true,"href":"https:\/\/womenbesttravel.com\/fr\/wp-json\/wp\/v2\/comments?post=2167"}],"version-history":[{"count":0,"href":"https:\/\/womenbesttravel.com\/fr\/wp-json\/wp\/v2\/pages\/2167\/revisions"}],"wp:attachment":[{"href":"https:\/\/womenbesttravel.com\/fr\/wp-json\/wp\/v2\/media?parent=2167"}],"curies":[{"name":"wp","href":"https:\/\/api.w.org\/{rel}","templated":true}]}}