{"id":2168,"date":"2021-11-20T17:23:50","date_gmt":"2021-11-20T17:23:50","guid":{"rendered":"https:\/\/womenbesttravel.com\/circuit-dans-le-desert-au-maroc\/"},"modified":"2024-06-19T19:38:41","modified_gmt":"2024-06-19T19:38:41","slug":"circuit-dans-le-desert-au-maroc","status":"publish","type":"page","link":"https:\/\/womenbesttravel.com\/fr\/circuit-dans-le-desert-au-maroc\/","title":{"rendered":"Circuit dans le d\u00e9sert au Maroc"},"content":{"rendered":"<h2 style=\"text-align: center;\"><strong>Meilleurs circuits priv\u00e9s dans le d\u00e9sert au Maroc<\/strong><\/h2>\n<p class=\"inner-content-box-description\">Rejoignez l&rsquo;un de nos<strong>meilleurs circuits priv\u00e9s dans le d\u00e9sert du Maroc, les <\/strong>circuits dans le d\u00e9sert du Maroc \u00e0 partir de Marrakech et savourez la v\u00e9ritable essence de ce vaste pays. Nos \u00ab\u00a0circuits dans le d\u00e9sert du Maroc\u00a0\u00bb s&rsquo;adressent aux voyageurs qui souhaitent camper dans le d\u00e9sert du Sahara marocain et d\u00e9couvrir le meilleur de ce que le Maroc a \u00e0 offrir pendant leur s\u00e9jour. Il s&rsquo;agit des circuits dans le d\u00e9sert les plus populaires et les plus recommand\u00e9s au Maroc. Ces circuits comprennent l&rsquo;excursion de 2 jours dans le d\u00e9sert de Marrakech \u00e0 Zagora, qui est un d\u00e9sert plat et rocailleux plut\u00f4t que sablonneux. L&rsquo;excursion de 3 jours dans le d\u00e9sert depuis Marrakech jusqu&rsquo;aux hautes dunes de l&rsquo;Erg Chebbi \u00e0 Merzouga, qui couvre les montagnes de l&rsquo;Atlas, Ourazazate et les gorges. Nous nous occuperons de l&rsquo;organisation de vos circuits dans le d\u00e9sert du Maroc, ainsi que de votre h\u00e9bergement, et nous ferons tout en fonction de vos souhaits et de vos besoins en mati\u00e8re de voyage, et notre objectif est de vous satisfaire. Nos conseillers en voyages professionnels ont des ann\u00e9es d&rsquo;exp\u00e9rience et peuvent vous proposer le circuit qui r\u00e9pond \u00e0 vos besoins, qu&rsquo;il s&rsquo;agisse d&rsquo;un circuit dans le d\u00e9sert ou d&rsquo;un circuit priv\u00e9 sur mesure dans le d\u00e9sert marocain.<\/p>\n<div>Sahara Desert Treks est votre aventure marocaine pour une exploration lente de la culture du d\u00e9sert du Sahara, l&rsquo;exp\u00e9rience de dormir \u00e0 la belle \u00e9toile dans un d\u00e9sert \u00e9loign\u00e9, le camping berb\u00e8re dans le d\u00e9sert.<\/div>\n<p>&nbsp;<\/p>\n<p>Trouvez Marrakesh Best Desert Trips &#8211; Perfect Sahara 3,4 Days Morocco&rsquo;s Best Tour &amp; Trips from Marrakesh, Shared Trips and High quality Personal private visit to the Sahara Desert with a Local Expert tour guide desert operator, visit berber family and interact with locals, walking in the valleys, visiting berber museums, experience authentic Moroccan life, Book with us you will get the best desert trip experience, that no other tour operators can not match.<\/p>\n<div class=\"grid\">\n<div class=\"grid-item\">\n<p>&nbsp;<\/p>\n<div><\/div>\n<div><\/div>\n<div><\/div>\n<div><\/div>\n<div><\/div>\n<div class=\"grid-image\"><img decoding=\"async\" src=\"https:\/\/womenbesttravel.com\/wp-content\/uploads\/2020\/02\/chegaga-scaled.jpg\" \/><\/div>\n<div class=\"grid-description\"><\/div>\n<div class=\"grid-title\">\n<p><strong><span style=\"color: #ff6600;\"><br \/>\nCircuit de 4 jours dans le d\u00e9sert au d\u00e9part de<\/span><span style=\"color: #ff6600;\"> M<\/span><span style=\"color: #ff6600;\">arrakech <\/span><span style=\"color: #ff6600;\">Jusqu&rsquo;\u00e0 F\u00e8s<br \/>\n<\/span><\/strong><\/p>\n<\/div>\n<\/div>\n<div class=\"grid-item\">\n<div class=\"grid-image\"><img decoding=\"async\" class=\"alignnone\" title=\"CIRCUITS AU D\u00c9PART DE MARRAKECH \" src=\"https:\/\/womenbesttravel.com\/wp-content\/uploads\/2020\/02\/danny-lau-BGeyIvIIHSw-unsplash-scaled.jpg\" alt=\"CIRCUITS AU D\u00c9PART DE MARRAKECH \" width=\"1536\" height=\"2048\" \/><\/div>\n<div class=\"grid-title\">\n<p><strong><span style=\"color: #ff6600;\">3 jours de Marrakech \u00e0 F\u00e8s dans le d\u00e9sert <\/span><\/strong><\/p>\n<\/div>\n<div class=\"grid-description\"><\/div>\n<\/div>\n<div class=\"grid-item\">\n<div class=\"grid-image\"><img decoding=\"async\" src=\"https:\/\/womenbesttravel.com\/wp-content\/uploads\/2019\/12\/MARRAKECH-TO-ERG-CHEGAGA-DUNES-4-DAYS-TOURS.jpg\" \/><\/div>\n<div class=\"grid-title\"><span style=\"color: #ff6600;\"><strong>CIRCUITS DE MARRAKECH AUX DUNES DE L&rsquo;ERG CHEGAGA 4 JOURS<\/strong><\/span><\/div>\n<div class=\"grid-description\"><\/div>\n<\/div>\n<div class=\"grid-item\">\n<div class=\"grid-image\"><img decoding=\"async\" class=\"alignnone\" title=\"CIRCUITS AU D\u00c9PART DE MARRAKECH \" src=\"https:\/\/womenbesttravel.com\/wp-content\/uploads\/2020\/02\/danny-lau-BGeyIvIIHSw-unsplash-scaled.jpg\" alt=\"CIRCUITS AU D\u00c9PART DE MARRAKECH \" width=\"1365\" height=\"2048\" \/><\/div>\n<div class=\"grid-title\">\n<p><span style=\"color: #ff6600;\"><strong>4 jours d&rsquo;excursion dans le d\u00e9sert de Marrakech \u00e0 Merzouga <\/strong><\/span><\/p>\n<\/div>\n<div class=\"grid-description\"><\/div>\n<\/div>\n<div class=\"grid-item\">\n<div class=\"grid-image\"><img decoding=\"async\" class=\"alignnone\" title=\"CIRCUITS AU D\u00c9PART DE MARRAKECH \" src=\"https:\/\/womenbesttravel.com\/wp-content\/uploads\/2021\/11\/desert-tours-morocco-1-scaled.jpeg\" alt=\"CIRCUITS AU D\u00c9PART DE MARRAKECH \" width=\"2560\" height=\"1920\" \/><\/div>\n<div class=\"grid-title\">\n<p><strong><span style=\"color: #ff6600;\">3 jours d&rsquo;excursion dans le d\u00e9sert de Marrakech \u00e0 Merzouga <\/span><\/strong><\/p>\n<\/div>\n<div class=\"grid-description\"><\/div>\n<\/div>\n<div class=\"grid-item\">\n<div class=\"grid-image\"><img decoding=\"async\" class=\"alignnone\" src=\"https:\/\/womenbesttravel.com\/wp-content\/uploads\/2020\/06\/essaouira.png\" alt=\"\" width=\"640\" height=\"426\" \/><\/div>\n<div class=\"grid-title\">\n<p><strong><span style=\"color: #ff6600;\">2 jours d&rsquo;excursion dans le d\u00e9sert de Marrakech \u00e0 Zagora<\/span><\/strong><\/p>\n<p>&nbsp;<\/p>\n<\/div>\n<\/div>\n<\/div>\n<p>&nbsp;<\/p>\n<div class=\"grid\">\n<div class=\"grid-item\">\n<div class=\"grid-image\"><img decoding=\"async\" class=\"alignnone\" title=\"EXP\u00c9RIENCE DES FEMMES AVENTURE VOYAGES AU MAROC\" src=\"https:\/\/womenbesttravel.com\/wp-content\/uploads\/2020\/01\/desert-1270345_1920.jpg\" alt=\"EXP\u00c9RIENCE DES FEMMES AVENTURE VOYAGES AU MAROC\" width=\"2172\" height=\"3258\" \/><\/div>\n<div class=\"grid-description\"><\/div>\n<div class=\"grid-title\">\n<p><span style=\"color: #ff6600;\"><strong>Fez \u00e0 Marrakech 3 jours Circuit dans le d\u00e9sert<\/strong><\/span><\/p>\n<\/div>\n<\/div>\n<div class=\"grid-item\">\n<div class=\"grid-image\"><img decoding=\"async\" src=\"https:\/\/womenbesttravel.com\/wp-content\/uploads\/2020\/01\/9064822-Bab-Boujloud-0.jpg\" \/><\/div>\n<div class=\"grid-title\">\n<p><span style=\"color: #ff6600;\"><strong>Circuit dans le d\u00e9sert de F\u00e8s \u00e0 Marrakech 4 jours<\/strong><\/span><\/p>\n<\/div>\n<div class=\"grid-description\"><\/div>\n<\/div>\n<div class=\"grid-item\">\n<div class=\"grid-image\"><img decoding=\"async\" class=\"alignnone\" title=\"EXP\u00c9RIENCE DES FEMMES AVENTURE VOYAGES AU MAROC\" src=\"https:\/\/womenbesttravel.com\/wp-content\/uploads\/2019\/12\/MARRAKECH-TO-ERG-CHEGAGA-DUNES-4-DAYS-TOURS.jpg\" alt=\"EXP\u00c9RIENCE DES FEMMES AVENTURE VOYAGES AU MAROC\" width=\"1394\" height=\"2048\" \/><\/div>\n<div class=\"grid-title\"><strong><span style=\"color: #ff6600;\">CIRCUITS DE MARRAKECH AUX DUNES D&rsquo;ERG CHEGAGA 4 JOURS<\/span><\/strong><\/div>\n<div class=\"grid-description\"><\/div>\n<\/div>\n<div class=\"grid-item\">\n<div class=\"grid-image\"><img decoding=\"async\" src=\"\/wp-content\/uploads\/2019\/12\/DESERT-IMPERIAL-MOROCCO-TOUR-10-DAYS.jpg\" \/><\/div>\n<div class=\"grid-title\"><strong><span style=\"color: #ff6600;\">CIRCUIT IMP\u00c9RIAL DANS LE D\u00c9SERT AU MAROC <\/span><\/strong><strong><span style=\"color: #ff6600;\">&#8211; 10 JOURS<\/span><\/strong><\/div>\n<div class=\"grid-description\"><\/div>\n<\/div>\n<div class=\"grid-item\">\n<div class=\"grid-image\"><img decoding=\"async\" src=\"\/wp-content\/uploads\/2019\/12\/kyriacos-georgiou-CMmgfHQiYsc-unsplash-scaled.jpg\" \/><\/div>\n<div class=\"grid-title\"><strong><span style=\"color: #ff6600;\">15 JOURS DE VOYAGE AU MAROC<\/span><\/strong><\/div>\n<div class=\"grid-description\"><\/div>\n<\/div>\n<div class=\"grid-item\">\n<div class=\"grid-image\"><img decoding=\"async\" src=\"https:\/\/womenbesttravel.com\/wp-content\/uploads\/2021\/11\/sahara-desert-morocco-scaled.jpeg\" \/><\/div>\n<div class=\"grid-title\">\n<p class=\"entry-title\"><span style=\"color: #ff6600;\"><strong>10 jours de Tanger \u00e0 Marrakech dans le d\u00e9sert<\/strong><\/span><\/p>\n<\/div>\n<div class=\"grid-description\"><\/div>\n<\/div>\n<\/div>\n<p>Tours priv\u00e9s dans le d\u00e9sert du Maroc hautement recommand\u00e9s.<br \/>\nAvec ses couleurs vives, sa cacophonie, son soleil br\u00fblant, les odeurs des march\u00e9s aux \u00e9pices et des milliers de sites exotiques, le Maroc est vraiment un endroit fascinant \u00e0 visiter. Ce pays unique d&rsquo;Afrique du Nord allie un paysage naturel \u00e9poustouflant \u00e0 une architecture originale, une culture riche et une population accueillante. Il n&rsquo;est donc pas \u00e9tonnant que les circuits dans le d\u00e9sert marocain soient si populaires.<\/p>\n<p>Notre objectif est d&rsquo;aider les voyageurs \u00e0 d\u00e9couvrir tout ce que ce pays a \u00e0 offrir d&rsquo;une mani\u00e8re significative, enrichissante et passionnante. En tant que principal fournisseur de services de voyage au Maroc, les voyages de vacances que nous organisons vous permettent de vivre une exp\u00e9rience culturelle enrichissante.<br \/>\nNos guides touristiques fiables vous accueillent \u00e0 n&rsquo;importe quel a\u00e9roport : Casablanca, Marrakech, F\u00e8s, Tanger, Essaouira&#8230;<\/p>\n<p>Nous vous proposons des circuits personnalis\u00e9s en fonction de vos int\u00e9r\u00eats et de vos attentes.<br \/>\nNous organisons l&rsquo;h\u00e9bergement dans les meilleurs h\u00f4tels de charme et Riads.<br \/>\nTransport priv\u00e9 dans des voitures de luxe.<br \/>\nGuides touristiques agr\u00e9\u00e9s dignes de confiance et bien inform\u00e9s.<br \/>\nOrganiser pour vous une d\u00e9couverte du Maroc \u00ab\u00a0exclusive et personnelle\u00a0\u00bb. Vous verrez ce que les bus touristiques habituels ne montrent pas et ce que les agents touristiques ne savent peut-\u00eatre pas, ce qui vous permettra de d\u00e9couvrir et d&rsquo;apprendre.<\/p>\n<p>Morocco Travel Specialist Tours combine la nature, la culture, l&rsquo;histoire, la culture berb\u00e8re, l&rsquo;architecture et les voyages de narration en une exp\u00e9rience puissante du Maroc qu&rsquo;aucune autre agence de voyage ne peut \u00e9galer.<\/p>\n","protected":false},"excerpt":{"rendered":"<p>Meilleurs circuits priv\u00e9s dans le d\u00e9sert au Maroc Rejoignez l&rsquo;un de nosmeilleurs circuits priv\u00e9s dans le d\u00e9sert du Maroc, les circuits dans le d\u00e9sert&#8230;<\/p>\n","protected":false},"author":1,"featured_media":0,"parent":0,"menu_order":0,"comment_status":"closed","ping_status":"closed","template":"","meta":{"_exactmetrics_skip_tracking":false,"_exactmetrics_sitenote_active":false,"_exactmetrics_sitenote_note":"","_exactmetrics_sitenote_category":0,"_monsterinsights_skip_tracking":false,"_monsterinsights_sitenote_active":false,"_monsterinsights_sitenote_note":"","_monsterinsights_sitenote_category":0,"_joinchat":[],"footnotes":""},"class_list":["post-2168","page","type-page","status-publish","hentry","post-item","post-even"],"_links":{"self":[{"href":"https:\/\/womenbesttravel.com\/fr\/wp-json\/wp\/v2\/pages\/2168","targetHints":{"allow":["GET"]}}],"collection":[{"href":"https:\/\/womenbesttravel.com\/fr\/wp-json\/wp\/v2\/pages"}],"about":[{"href":"https:\/\/womenbesttravel.com\/fr\/wp-json\/wp\/v2\/types\/page"}],"author":[{"embeddable":true,"href":"https:\/\/womenbesttravel.com\/fr\/wp-json\/wp\/v2\/users\/1"}],"replies":[{"embeddable":true,"href":"https:\/\/womenbesttravel.com\/fr\/wp-json\/wp\/v2\/comments?post=2168"}],"version-history":[{"count":3,"href":"https:\/\/womenbesttravel.com\/fr\/wp-json\/wp\/v2\/pages\/2168\/revisions"}],"predecessor-version":[{"id":2453,"href":"https:\/\/womenbesttravel.com\/fr\/wp-json\/wp\/v2\/pages\/2168\/revisions\/2453"}],"wp:attachment":[{"href":"https:\/\/womenbesttravel.com\/fr\/wp-json\/wp\/v2\/media?parent=2168"}],"curies":[{"name":"wp","href":"https:\/\/api.w.org\/{rel}","templated":true}]}}