{"id":2171,"date":"2021-11-09T18:05:13","date_gmt":"2021-11-09T18:05:13","guid":{"rendered":"https:\/\/womenbesttravel.com\/2-jours-de-randonnee-au-mont-toubkal-depuis-marrakech\/"},"modified":"2023-09-29T16:40:15","modified_gmt":"2023-09-29T16:40:15","slug":"2-jours-de-randonnee-au-mont-toubkal-depuis-marrakech","status":"publish","type":"page","link":"https:\/\/womenbesttravel.com\/fr\/2-jours-de-randonnee-au-mont-toubkal-depuis-marrakech\/","title":{"rendered":"2 jours de randonn\u00e9e au Mont Toubkal depuis Marrakech"},"content":{"rendered":"<h1 style=\"text-align: center;\"><b>2 jours de randonn\u00e9e au Mont Toubkal depuis Marrakech <\/b><\/h1>\n<p style=\"text-align: left;\"><b>2 jours de randonn\u00e9e au Mont Toubkal depuis Marrakech <\/b><\/p>\n<p><b>Trekking Toubkal Maroc, ascension du sommet du Toubkal <\/b><\/p>\n<p><span style=\"font-weight: 400;\">Le plus haut sommet d&rsquo;Afrique du Nord, le Djebel Toubkal, s&rsquo;\u00e9l\u00e8ve \u00e0 4167 m dans le Haut Atlas central et offre des vues qui r\u00e9compensent largement les efforts d\u00e9ploy\u00e9s pour y acc\u00e9der. <\/span><\/p>\n<p><span style=\"font-weight: 400;\">Le <a href=\"https:\/\/womenbesttravel.com\/\">Maroc<\/a> propose des voyages et des circuits pour tous les go\u00fbts. L&rsquo;une des meilleures choses \u00e0 faire au Maroc est un trekking dans les montagnes du Haut Atlas. Trek Atlas est une exp\u00e9rience agr\u00e9able.<\/span><\/p>\n<p><span style=\"font-weight: 400;\">Les montagnes du Haut Atlas, pr\u00e8s de Marrakech, offrent quelques-unes des plus belles randonn\u00e9es au monde. Il s&rsquo;agit d&rsquo;un magnifique trekking de quatre jours dans les montagnes du Haut Atlas au Maroc. Nous traversons une grande vari\u00e9t\u00e9 de paysages, des vall\u00e9es luxuriantes aux rochers arides. L&rsquo;itin\u00e9raire nous fait traverser des villages berb\u00e8res color\u00e9s, de jolis cols de montagne et s&rsquo;\u00e9l\u00e8ve lentement jusqu&rsquo;\u00e0 notre point culminant \u00e0 4 167 m au sommet du mont Toubkal, la plus haute montagne d&rsquo;Afrique du Nord.<\/span><\/p>\n<p><span style=\"font-weight: 400;\">Notre trek au Toubkal, nous conduit \u00e0 la d\u00e9couverte de paysages lunaires, \u00e0 travers de minuscules villages accroch\u00e9s \u00e0 flanc de colline, bord\u00e9s de noyers, de pommiers, de champs en terrasses, o\u00f9 seul le collier permet de passer d&rsquo;une vall\u00e9e ou d&rsquo;un village \u00e0 l&rsquo;autre.<\/span><\/p>\n<p><b>Itin\u00e9raire<\/b><\/p>\n<p><b><img decoding=\"async\" class=\"alignnone size-full wp-image-1279\" src=\"https:\/\/womenbesttravel.com\/wp-content\/uploads\/2021\/11\/toubkal-mountain-morocco-1.jpeg\" alt=\"2 jours de randonn\u00e9e au Mont Toubkal depuis Marrakech \" width=\"800\" height=\"535\" srcset=\"https:\/\/womenbesttravel.com\/wp-content\/uploads\/2021\/11\/toubkal-mountain-morocco-1.jpeg 800w, https:\/\/womenbesttravel.com\/wp-content\/uploads\/2021\/11\/toubkal-mountain-morocco-1-300x201.jpeg 300w, https:\/\/womenbesttravel.com\/wp-content\/uploads\/2021\/11\/toubkal-mountain-morocco-1-768x514.jpeg 768w, https:\/\/womenbesttravel.com\/wp-content\/uploads\/2021\/11\/toubkal-mountain-morocco-1-370x247.jpeg 370w, https:\/\/womenbesttravel.com\/wp-content\/uploads\/2021\/11\/toubkal-mountain-morocco-1-270x180.jpeg 270w, https:\/\/womenbesttravel.com\/wp-content\/uploads\/2021\/11\/toubkal-mountain-morocco-1-570x381.jpeg 570w, https:\/\/womenbesttravel.com\/wp-content\/uploads\/2021\/11\/toubkal-mountain-morocco-1-770x515.jpeg 770w\" sizes=\"(max-width: 800px) 100vw, 800px\" \/>Jour 1 &#8211; Marrakech &#8211; Imlil &#8211; Refuge du Toubkal<\/b><\/p>\n<p>Court transfert de deux heures en v\u00e9hicule priv\u00e9 vers le village d&rsquo;Imlil o\u00f9 vous rencontrerez le muletier qui am\u00e8nera vos bagages au lodge. Apr\u00e8s un d\u00e9jeuner traditionnel, d\u00e9but de la randonn\u00e9e en d\u00e9couvrant l&rsquo;ing\u00e9niosit\u00e9 des montagnards berb\u00e8res : canaux d&rsquo;irrigation, cultures en terrasses, moulins&#8230; et villages assis sur les pentes de la vall\u00e9e jusqu&rsquo;au tizi n&rsquo;Tamatert (2272 m) ; tout ici est con\u00e7u pour ne pas gaspiller un seul arpent de terre fertile.<\/p>\n<p>Nuit \u00e0 Imlil.<\/p>\n<p>Temps de marche : 2 h 30.<\/p>\n<p>. A : 600 m &#8211; D : 500 m.<\/p>\n<ul>\n<li>Transfert : 1 h 30 \u00e0 2 h.<\/li>\n<\/ul>\n<p>Jour 2 : Imlil &#8211; Refuge de Toubkal<\/p>\n<p>La mont\u00e9e vers le refuge commence en suivant les canaux qui irriguent les cultures en terrasses. Apr\u00e8s la pause d\u00e9jeuner au petit village (et marabout) de Sidi Chamarouch, la montagne devient plus aride et seuls quelques b\u00ealements de ch\u00e8vres et de moutons gard\u00e9s par de jeunes bergers accompagnent votre marche. Nuit au refuge du Toubkal (refuge Neltner, 3210 m).<\/p>\n<p>. Temps de marche : 5 h 00.<\/p>\n<p><b>. <\/b>A : 1200 m.<\/p>\n<p>&nbsp;<\/p>\n<p><b>Jour 2 &#8211; Sommet du Toubkal &#8211; Imlil &#8211; Marrakech<\/b><\/p>\n<p style=\"font-weight: 400;\">descente \u00e0 Imlil par le m\u00eame chemin. Le chauffeur vous attend au village pour vous ramener \u00e0 Marrakech.<\/p>\n<p style=\"font-weight: 400;\">Temps de marche : 6h.<br \/>\n. D : 1440 m.<br \/>\n&#8211; Transfert : 1 h 30 \u00e0 2 h<\/p>\n<p>&nbsp;<\/p>\n<p><sub>Le village d&rsquo;Imlil est relativement r\u00e9cent ; il a \u00e9t\u00e9 cr\u00e9\u00e9 pour r\u00e9pondre \u00e0 l&rsquo;afflux de touristes en route vers le Toubkal. Les communaut\u00e9s d&rsquo;origine existent encore dans les vall\u00e9es environnantes : Tamatert ; Ait Souka ; Tagadirt ; Ashayn ; Taourirt n&rsquo;Ait Mizane ; Mzikene et Arghene. Avant l&rsquo;av\u00e8nement du tourisme de montagne, la r\u00e9gion d&rsquo;Imlil \u00e9tait connue pour sa production de noix, de pommes et de cerises.<\/sub><\/p>\n<p><sub> <\/sub><sub>\u00c9galement connu sous le nom de Jbel Toubkal, ce massif impressionnant est une Mecque pour les randonneurs qui grimpent au sommet pour profiter de vues magnifiques sur la cha\u00eene de l&rsquo;Atlas et de la satisfaction d&rsquo;avoir conquis l&rsquo;une des montagnes les plus c\u00e9l\u00e8bres d&rsquo;Afrique. C&rsquo;est l&rsquo;attraction centrale du parc national du mont Toubkal au Maroc. L&rsquo;ascension du mont Toubkal est l&rsquo;une des attractions les plus populaires du Maroc. Elle peut se faire en deux jours seulement, mais elle est g\u00e9n\u00e9ralement incluse dans un trekking plus long dans le Haut Atlas, qui peut durer jusqu&rsquo;\u00e0 10 jours ou plus.<\/sub><sub> <\/sub><\/p>\n<p>2 jours de randonn\u00e9e au Mont Toubkal depuis Marrakech<\/p>\n<p>&nbsp;<\/p>\n<p>&nbsp;<\/p>\n","protected":false},"excerpt":{"rendered":"<p>2 jours de randonn\u00e9e au Mont Toubkal depuis Marrakech 2 jours de randonn\u00e9e au Mont Toubkal depuis Marrakech Trekking Toubkal Maroc, ascension du sommet&#8230;<\/p>\n","protected":false},"author":1,"featured_media":0,"parent":0,"menu_order":0,"comment_status":"closed","ping_status":"closed","template":"","meta":{"_exactmetrics_skip_tracking":false,"_exactmetrics_sitenote_active":false,"_exactmetrics_sitenote_note":"","_exactmetrics_sitenote_category":0,"_monsterinsights_skip_tracking":false,"_monsterinsights_sitenote_active":false,"_monsterinsights_sitenote_note":"","_monsterinsights_sitenote_category":0,"_joinchat":[],"footnotes":""},"class_list":["post-2171","page","type-page","status-publish","hentry","post-item","post-even"],"_links":{"self":[{"href":"https:\/\/womenbesttravel.com\/fr\/wp-json\/wp\/v2\/pages\/2171","targetHints":{"allow":["GET"]}}],"collection":[{"href":"https:\/\/womenbesttravel.com\/fr\/wp-json\/wp\/v2\/pages"}],"about":[{"href":"https:\/\/womenbesttravel.com\/fr\/wp-json\/wp\/v2\/types\/page"}],"author":[{"embeddable":true,"href":"https:\/\/womenbesttravel.com\/fr\/wp-json\/wp\/v2\/users\/1"}],"replies":[{"embeddable":true,"href":"https:\/\/womenbesttravel.com\/fr\/wp-json\/wp\/v2\/comments?post=2171"}],"version-history":[{"count":0,"href":"https:\/\/womenbesttravel.com\/fr\/wp-json\/wp\/v2\/pages\/2171\/revisions"}],"wp:attachment":[{"href":"https:\/\/womenbesttravel.com\/fr\/wp-json\/wp\/v2\/media?parent=2171"}],"curies":[{"name":"wp","href":"https:\/\/api.w.org\/{rel}","templated":true}]}}