{"id":2173,"date":"2021-11-06T13:42:29","date_gmt":"2021-11-06T13:42:29","guid":{"rendered":"https:\/\/womenbesttravel.com\/3-jours-dexcursion-dans-le-desert-de-marrakech-a-merzouga\/"},"modified":"2023-09-29T16:07:49","modified_gmt":"2023-09-29T16:07:49","slug":"3-jours-dexcursion-dans-le-desert-de-marrakech-a-merzouga","status":"publish","type":"page","link":"https:\/\/womenbesttravel.com\/fr\/3-jours-dexcursion-dans-le-desert-de-marrakech-a-merzouga\/","title":{"rendered":"3 jours d&rsquo;excursion dans le d\u00e9sert de Marrakech \u00e0 Merzouga"},"content":{"rendered":"<h1 style=\"text-align: center;\"><b>3 jours d&rsquo;excursion dans le d\u00e9sert de Marrakech \u00e0 Merzouga  <\/b><\/h1>\n<p><span style=\"font-weight: 400;\"> <\/span><\/p>\n<p><b>3 jours d&rsquo;excursion dans le d\u00e9sert de Marrakech \u00e0 Merzouga  <\/b><\/p>\n<p><b>Jour 1 : Marrakech &#8211; Ait Benhaddou &#8211; Ouarzazate &#8211; Skoura &#8211; Gorges du Dad\u00e8s<\/b><\/p>\n<p><span style=\"font-weight: 400;\">Ce circuit de 4 jours dans le d\u00e9sert \u00e0<\/span><a href=\"http:\/\/womenbesttravel.com\/\"> <span style=\"font-weight: 400;\">Merzouga<\/span><\/a><span style=\"font-weight: 400;\"> L&rsquo;aventure dans le d\u00e9sert du Sahara commence t\u00f4t le matin, vous rencontrez votre guide \u00e0 votre h\u00f4tel\/Riad et commencez \u00e0 conduire en quittant la ville rouge de Marrakech en direction de<\/span><a href=\"https:\/\/whc.unesco.org\/en\/list\/444\/\" target=\"_blank\" rel=\"noopener\"> <span style=\"font-weight: 400;\">Ait Ben Haddou<\/span><\/a><span style=\"font-weight: 400;\">  En passant par les hautes montagnes de l&rsquo;Atlas et le c\u00e9l\u00e8bre col de Tizi n&rsquo;Tichka \u00e0 une altitude de 2 260 m, Tizi n&rsquo;Tichka signifie \u00ab\u00a0alpage difficile\u00a0\u00bb en berb\u00e8re et vous comprendrez pourquoi. Nous arrivons \u00e0 Ait Ben Haddou, site de l&rsquo;UNESCO, o\u00f9 vous visiterez la Kasbah \u00e0 pied et d\u00e9jeunerez avant de prendre la route pour les gorges de Dad\u00e8s en passant par Skoura. Nuit \u00e0 l&rsquo;h\u00f4tel.<\/span><\/p>\n<p><span style=\"font-weight: 400;\"> <\/span><\/p>\n<p><b>Jour 2 : Gorges du Dad\u00e8s &#8211; Gorges du Todra &#8211; Erfoud &#8211; Risani- Merzouga<\/b><\/p>\n<p><span style=\"font-weight: 400;\">Apr\u00e8s le petit-d\u00e9jeuner, nous poursuivons notre voyage vers l&rsquo;aventure dans le d\u00e9sert du Sahara. Ici, les fleuves Todra et Dad\u00e8s ont creus\u00e9 des canyons \u00e0 flanc de falaise sur leur dernier tron\u00e7on de 25 miles \u00e0 travers les montagnes, laissant derri\u00e8re eux une s\u00e9rie de reliefs et de gravures dans la roche. Le Todra est le nom des derniers 600 m\u00e8tres (un peu moins de 2 000 pieds) des canyons. Nous nous arr\u00eatons pour une promenade avec votre guide, le d\u00e9jeuner est pr\u00e9vu dans la ville de Tinghir et nous nous dirigeons vers Erfoud.<\/span><\/p>\n<p><span style=\"font-weight: 400;\">Erfoud est la porte du d\u00e9sert et \u00e9tait autrefois le camp de base de toutes les exp\u00e9ditions dans les dunes de Merzouga. Le souk d&rsquo;Erfoud vend des dattes locales et des produits frais. En octobre, la ville organise un festival des dattes de plus en plus populaire, avec des danses et de la musique. La derni\u00e8re \u00e9tape avant les dunes de Merzouga sera Rissani, l&rsquo;origine de la dynastie alaouite, la famille royale actuelle qui en fait une destination culturelle au Maroc avec une belle architecture marocaine ancienne et des palais et temples remarquables, tels que le Ksar Oulad Abdelhalim et le Ksar Aber. Apr\u00e8s Rissani, nous arrivons \u00e0 Merzouga o\u00f9 vous rencontrez votre chameau pour aller \u00e0 l&rsquo;int\u00e9rieur des dunes du d\u00e9sert en profitant du coucher de soleil. Nuit et d\u00eener dans le camp du d\u00e9sert.<\/span><\/p>\n<p><b>Jour 3 : Merzouga &#8211; Ouarzazate-Marrakech  <\/b><\/p>\n<p><span style=\"font-weight: 400;\">Le matin, il est recommand\u00e9 de se lever t\u00f4t pour escalader les dunes et assister au plus magique des levers de soleil, petit d\u00e9jeuner, puis rencontre avec votre guide pour commencer \u00e0 rouler vers Ouarzazate, nous visiterons les studios de cin\u00e9ma \u00e0 Ouarzazate, d\u00e9jeuner et rouler vers Marrakech.  <\/span><\/p>\n<p><b>Ce qui est inclus dans cette excursion de 3 jours dans le d\u00e9sert de Marrakech \u00e0 Merzouga.<\/b><\/p>\n<ul>\n<li style=\"font-weight: 400;\" aria-level=\"1\"><span style=\"font-weight: 400;\">Transfert aller-retour depuis votre h\u00f4tel  <\/span><\/li>\n<li style=\"font-weight: 400;\" aria-level=\"1\"><span style=\"font-weight: 400;\">2 nuits d&rsquo;h\u00e9bergement  <\/span><\/li>\n<li style=\"font-weight: 400;\" aria-level=\"1\"><span style=\"font-weight: 400;\">Camping dans le d\u00e9sert  <\/span><\/li>\n<li style=\"font-weight: 400;\" aria-level=\"1\"><span style=\"font-weight: 400;\">Randonn\u00e9e \u00e0 dos de chameau<\/span><\/li>\n<li style=\"font-weight: 400;\" aria-level=\"1\"><span style=\"font-weight: 400;\">Musique et animation berb\u00e8res<\/span><\/li>\n<li style=\"font-weight: 400;\" aria-level=\"1\"><span style=\"font-weight: 400;\">D\u00eeners et petits d\u00e9jeuners pendant le circuit (voir l&rsquo;itin\u00e9raire)<\/span><\/li>\n<li style=\"font-weight: 400;\" aria-level=\"1\"><span style=\"font-weight: 400;\">Visite de la kasbah d&rsquo;Ait Benhaddou<\/span><\/li>\n<li style=\"font-weight: 400;\" aria-level=\"1\"><span style=\"font-weight: 400;\">Prise en charge et retour \u00e0 l&rsquo;h\u00f4tel<\/span><\/li>\n<li style=\"font-weight: 400;\" aria-level=\"1\"><span style=\"font-weight: 400;\">Marche facultative<\/span><\/li>\n<li style=\"font-weight: 400;\" aria-level=\"1\"><span style=\"font-weight: 400;\">Exp\u00e9riences r\u00e9elles<\/span><\/li>\n<\/ul>\n<p><span style=\"font-weight: 400;\">________________________________<\/span><\/p>\n<p><b>Qu&rsquo;est-ce qui n&rsquo;est pas inclus ?<\/b><\/p>\n<ul>\n<li style=\"font-weight: 400;\" aria-level=\"1\"><span style=\"font-weight: 400;\">Vols et assurance voyage<\/span><\/li>\n<li style=\"font-weight: 400;\" aria-level=\"1\"><span style=\"font-weight: 400;\">Boissons<\/span><\/li>\n<li style=\"font-weight: 400;\" aria-level=\"1\"><span style=\"font-weight: 400;\">d\u00e9jeuners<\/span><\/li>\n<li style=\"font-weight: 400;\" aria-level=\"1\"><span style=\"font-weight: 400;\">Conseils et entr\u00e9es des monuments<\/span><\/li>\n<li style=\"font-weight: 400;\" aria-level=\"1\"><span style=\"font-weight: 400;\">Extra<\/span><\/li>\n<\/ul>\n<p><b>Lieux visit\u00e9s en 3 jours dans le d\u00e9sert de Marrakech \u00e0 Merzouga  <\/b><\/p>\n<p><span style=\"font-weight: 400;\">Marrakech<\/span><\/p>\n<ul>\n<li style=\"font-weight: 400;\" aria-level=\"1\"><span style=\"font-weight: 400;\">Dunes d&rsquo;Erg Chegaga<\/span><\/li>\n<li style=\"font-weight: 400;\" aria-level=\"1\"><span style=\"font-weight: 400;\">Montagnes du Haut Atlas<\/span><\/li>\n<li style=\"font-weight: 400;\" aria-level=\"1\"><span style=\"font-weight: 400;\">Kasbah d&rsquo;Ait benhaddou<\/span><\/li>\n<li style=\"font-weight: 400;\" aria-level=\"1\"><span style=\"font-weight: 400;\">Ouarzazate<\/span><\/li>\n<li style=\"font-weight: 400;\" aria-level=\"1\"><span style=\"font-weight: 400;\">Vall\u00e9e du Draa<\/span><\/li>\n<li style=\"font-weight: 400;\" aria-level=\"1\"><span style=\"font-weight: 400;\">Villages berb\u00e8res<\/span><\/li>\n<\/ul>\n<p><span style=\"font-weight: 400;\">Exp\u00e9rience de voyage<\/span><\/p>\n<ul>\n<li style=\"font-weight: 400;\" aria-level=\"1\"><span style=\"font-weight: 400;\">Culture et population marocaines, alimentation et histoire<\/span><\/li>\n<li style=\"font-weight: 400;\" aria-level=\"1\"><span style=\"font-weight: 400;\">Culture berb\u00e8re<\/span><\/li>\n<li style=\"font-weight: 400;\" aria-level=\"1\"><span style=\"font-weight: 400;\">Randonn\u00e9e \u00e0 dos de chameau<\/span><\/li>\n<li style=\"font-weight: 400;\" aria-level=\"1\"><span style=\"font-weight: 400;\">Musique et animation berb\u00e8res<\/span><\/li>\n<li style=\"font-weight: 400;\" aria-level=\"1\"><span style=\"font-weight: 400;\">Dormir dans un camp du d\u00e9sert<\/span><\/li>\n<\/ul>\n<p><span style=\"font-weight: 400;\">Prise en charge : Prise en charge \u00e0 Marrakech \/<\/span><\/p>\n<p><span style=\"font-weight: 400;\">D\u00e9barquement : D\u00e9barquement Marrakech<\/span><\/p>\n<p><b>3 jours d&rsquo;excursion dans le d\u00e9sert de Marrakech \u00e0 Merzouga  <\/b><\/p>\n<div id='gallery-1' class='gallery galleryid-2173 gallery-columns-3 gallery-size-thumbnail'><figure class='gallery-item'>\n\t\t\t<div class='gallery-icon landscape'>\n\t\t\t\t<a href=\"https:\/\/womenbesttravel.com\/fr\/women-experience-adventure-morocco-tours\/essaouira-2\/\"><img decoding=\"async\" width=\"150\" height=\"150\" src=\"https:\/\/womenbesttravel.com\/wp-content\/uploads\/2020\/06\/essaouira-150x150.png\" class=\"attachment-thumbnail size-thumbnail\" alt=\"\" \/><\/a>\n\t\t\t<\/div><\/figure><figure class='gallery-item'>\n\t\t\t<div class='gallery-icon landscape'>\n\t\t\t\t<a href=\"https:\/\/womenbesttravel.com\/fr\/danny-lau-bgeyiviihsw-unsplash-2\/\"><img decoding=\"async\" width=\"150\" height=\"150\" src=\"https:\/\/womenbesttravel.com\/wp-content\/uploads\/2020\/02\/danny-lau-BGeyIvIIHSw-unsplash-150x150.jpg\" class=\"attachment-thumbnail size-thumbnail\" alt=\"\" \/><\/a>\n\t\t\t<\/div><\/figure><figure class='gallery-item'>\n\t\t\t<div class='gallery-icon portrait'>\n\t\t\t\t<a href=\"https:\/\/womenbesttravel.com\/fr\/blogpost-2\/\"><img decoding=\"async\" width=\"150\" height=\"150\" src=\"https:\/\/womenbesttravel.com\/wp-content\/uploads\/2019\/12\/blogpost-150x150.jpg\" class=\"attachment-thumbnail size-thumbnail\" alt=\"\" \/><\/a>\n\t\t\t<\/div><\/figure><figure class='gallery-item'>\n\t\t\t<div class='gallery-icon portrait'>\n\t\t\t\t<a href=\"https:\/\/womenbesttravel.com\/fr\/480px-berber_shepherd_in_todra_gorge_morocco-2\/\"><img decoding=\"async\" width=\"150\" height=\"150\" src=\"https:\/\/womenbesttravel.com\/wp-content\/uploads\/2019\/12\/480px-Berber_shepherd_in_Todra_Gorge_Morocco-150x150.jpg\" class=\"attachment-thumbnail size-thumbnail\" alt=\"Sahara Desert Tour\" \/><\/a>\n\t\t\t<\/div><\/figure><figure class='gallery-item'>\n\t\t\t<div class='gallery-icon landscape'>\n\t\t\t\t<a href=\"https:\/\/womenbesttravel.com\/fr\/women-best-travel-sahara-desert-best-private-adventure-travel-tours\/sahara-2\/\"><img decoding=\"async\" width=\"150\" height=\"150\" src=\"https:\/\/womenbesttravel.com\/wp-content\/uploads\/2019\/10\/sahara-150x150.jpg\" class=\"attachment-thumbnail size-thumbnail\" alt=\"\" \/><\/a>\n\t\t\t<\/div><\/figure><figure class='gallery-item'>\n\t\t\t<div class='gallery-icon landscape'>\n\t\t\t\t<a href=\"https:\/\/womenbesttravel.com\/fr\/jessica-arias-wocgjypsygi-unsplash-2\/\"><img decoding=\"async\" width=\"150\" height=\"150\" src=\"https:\/\/womenbesttravel.com\/wp-content\/uploads\/2019\/11\/jessica-arias-WoCgJypSyGI-unsplash-150x150.jpg\" class=\"attachment-thumbnail size-thumbnail\" alt=\"\" \/><\/a>\n\t\t\t<\/div><\/figure><figure class='gallery-item'>\n\t\t\t<div class='gallery-icon landscape'>\n\t\t\t\t<a href=\"https:\/\/womenbesttravel.com\/fr\/toa-heftiba-mcoyd-uba9y-unsplash-2\/\"><img decoding=\"async\" width=\"150\" height=\"150\" src=\"https:\/\/womenbesttravel.com\/wp-content\/uploads\/2019\/12\/toa-heftiba-mCoYD-ubA9Y-unsplash-150x150.jpg\" class=\"attachment-thumbnail size-thumbnail\" alt=\"\" \/><\/a>\n\t\t\t<\/div><\/figure><figure class='gallery-item'>\n\t\t\t<div class='gallery-icon landscape'>\n\t\t\t\t<a href=\"https:\/\/womenbesttravel.com\/fr\/fffff-2\/\"><img decoding=\"async\" width=\"150\" height=\"150\" src=\"https:\/\/womenbesttravel.com\/wp-content\/uploads\/2019\/12\/fffff-150x150.jpg\" class=\"attachment-thumbnail size-thumbnail\" alt=\"3 Days Desert Tours From Marrakech to Merzouga\u00a0\" \/><\/a>\n\t\t\t<\/div><\/figure><figure class='gallery-item'>\n\t\t\t<div class='gallery-icon landscape'>\n\t\t\t\t<a href=\"https:\/\/womenbesttravel.com\/fr\/78071540_494989131225575_5116914123946328064_n-2\/\"><img decoding=\"async\" width=\"150\" height=\"150\" src=\"https:\/\/womenbesttravel.com\/wp-content\/uploads\/2019\/12\/78071540_494989131225575_5116914123946328064_n-150x150.jpg\" class=\"attachment-thumbnail size-thumbnail\" alt=\"3 Days Desert Tours From Marrakech to Merzouga\u00a0\" \/><\/a>\n\t\t\t<\/div><\/figure>\n\t\t<\/div>\n\n<p>&nbsp;<\/p>\n","protected":false},"excerpt":{"rendered":"<p>3 jours d&rsquo;excursion dans le d\u00e9sert de Marrakech \u00e0 Merzouga 3 jours d&rsquo;excursion dans le d\u00e9sert de Marrakech \u00e0 Merzouga Jour 1 : Marrakech&#8230;<\/p>\n","protected":false},"author":1,"featured_media":0,"parent":0,"menu_order":0,"comment_status":"closed","ping_status":"closed","template":"","meta":{"_exactmetrics_skip_tracking":false,"_exactmetrics_sitenote_active":false,"_exactmetrics_sitenote_note":"","_exactmetrics_sitenote_category":0,"_monsterinsights_skip_tracking":false,"_monsterinsights_sitenote_active":false,"_monsterinsights_sitenote_note":"","_monsterinsights_sitenote_category":0,"_joinchat":[],"footnotes":""},"class_list":["post-2173","page","type-page","status-publish","hentry","post-item","post-even"],"_links":{"self":[{"href":"https:\/\/womenbesttravel.com\/fr\/wp-json\/wp\/v2\/pages\/2173","targetHints":{"allow":["GET"]}}],"collection":[{"href":"https:\/\/womenbesttravel.com\/fr\/wp-json\/wp\/v2\/pages"}],"about":[{"href":"https:\/\/womenbesttravel.com\/fr\/wp-json\/wp\/v2\/types\/page"}],"author":[{"embeddable":true,"href":"https:\/\/womenbesttravel.com\/fr\/wp-json\/wp\/v2\/users\/1"}],"replies":[{"embeddable":true,"href":"https:\/\/womenbesttravel.com\/fr\/wp-json\/wp\/v2\/comments?post=2173"}],"version-history":[{"count":0,"href":"https:\/\/womenbesttravel.com\/fr\/wp-json\/wp\/v2\/pages\/2173\/revisions"}],"wp:attachment":[{"href":"https:\/\/womenbesttravel.com\/fr\/wp-json\/wp\/v2\/media?parent=2173"}],"curies":[{"name":"wp","href":"https:\/\/api.w.org\/{rel}","templated":true}]}}