{"id":2175,"date":"2021-02-03T15:04:35","date_gmt":"2021-02-03T15:04:35","guid":{"rendered":"https:\/\/womenbesttravel.com\/guide-de-casablanca\/"},"modified":"2023-09-29T16:07:59","modified_gmt":"2023-09-29T16:07:59","slug":"guide-de-casablanca","status":"publish","type":"page","link":"https:\/\/womenbesttravel.com\/fr\/guide-de-casablanca\/","title":{"rendered":"GUIDE DE CASABLANCA"},"content":{"rendered":"<h1 class=\"grid-title\" style=\"text-align: center;\"><strong><span style=\"color: #ff6600;\">GUIDE DE CASABLANCA  <\/span><\/strong><\/h1>\n<p><span style=\"font-weight: 400;\">Casablanca Guide, le plus grand port et la ville la plus peupl\u00e9e du <a href=\"https:\/\/womenbesttravel.com\/\">Maroc<\/a>, d\u00e9gage une atmosph\u00e8re vibrante, pleine de vie, d&rsquo;\u00e9nergie et d&rsquo;excitation. Son nom, d\u00e9riv\u00e9 de l&rsquo;espagnol, se traduit par \u00ab\u00a0maison blanche\u00a0\u00bb. Principal centre commercial et industriel du Royaume, elle constitue un carrefour vital reliant l&rsquo;Europe, l&rsquo;Afrique et les Am\u00e9riques par les principales routes maritimes. Bien que situ\u00e9e dans un pays arabe aux fortes traditions musulmanes, Casablanca s&rsquo;est transform\u00e9e en un centre d&rsquo;affaires moderne orn\u00e9 de gratte-ciel, devenant ainsi la capitale \u00e9conomique du Maroc. La ville incarne un style de vie avant-gardiste et des technologies de pointe, \u00e0 l&rsquo;instar de ses homologues du sud de l&rsquo;Europe. Les habitants s&rsquo;adonnent \u00e0 leurs activit\u00e9s quotidiennes, les femmes affichent avec assurance des visages ouverts, des minijupes \u00e9l\u00e9gantes, des talons hauts et des lunettes de soleil \u00e0 la mode. En outre, Casablanca se targue d&rsquo;un remarquable m\u00e9lange architectural, fusionnant l&rsquo;h\u00e9ritage marocain avec des \u00e9l\u00e9ments modernes classiques dans ses magnifiques b\u00e2timents. Alors pourquoi ne pas partir en voyage, faire ses valises et d\u00e9couvrir par soi-m\u00eame ce qui fait de Casablanca une destination extraordinaire et inoubliable ?<\/span><\/p>\n<h3><img decoding=\"async\" class=\"aligncenter wp-image-732 size-full\" src=\"https:\/\/womenbesttravel.com\/wp-content\/uploads\/2020\/02\/17234610182_0aed628a66_b-e1688307059419.jpg\" alt=\"GUIDE DE CASABLANCA  \" width=\"1024\" height=\"798\" srcset=\"https:\/\/womenbesttravel.com\/wp-content\/uploads\/2020\/02\/17234610182_0aed628a66_b-e1688307059419.jpg 1024w, https:\/\/womenbesttravel.com\/wp-content\/uploads\/2020\/02\/17234610182_0aed628a66_b-e1688307059419-300x234.jpg 300w, https:\/\/womenbesttravel.com\/wp-content\/uploads\/2020\/02\/17234610182_0aed628a66_b-e1688307059419-768x599.jpg 768w, https:\/\/womenbesttravel.com\/wp-content\/uploads\/2020\/02\/17234610182_0aed628a66_b-e1688307059419-370x288.jpg 370w, https:\/\/womenbesttravel.com\/wp-content\/uploads\/2020\/02\/17234610182_0aed628a66_b-e1688307059419-570x444.jpg 570w, https:\/\/womenbesttravel.com\/wp-content\/uploads\/2020\/02\/17234610182_0aed628a66_b-e1688307059419-770x600.jpg 770w, https:\/\/womenbesttravel.com\/wp-content\/uploads\/2020\/02\/17234610182_0aed628a66_b-e1688307059419-744x580.jpg 744w\" sizes=\"(max-width: 1024px) 100vw, 1024px\" \/><\/h3>\n<h3><strong>Meilleure p\u00e9riode pour visiter Casablanca<\/strong><\/h3>\n<p><span style=\"font-weight: 400;\">Si vous recherchez la d\u00e9tente au bord de la mer et des journ\u00e9es ensoleill\u00e9es, les mois d&rsquo;\u00e9t\u00e9, de juin \u00e0 ao\u00fbt, sont la p\u00e9riode id\u00e9ale pour visiter Casablanca. Avec un temps chaud et ensoleill\u00e9, c&rsquo;est une p\u00e9riode id\u00e9ale pour pratiquer des activit\u00e9s de plein air et profiter des diverses attractions de la ville. Cependant, il est essentiel de faire attention aux temp\u00e9ratures \u00e9lev\u00e9es et \u00e0 l&rsquo;humidit\u00e9 pendant cette p\u00e9riode. Il est conseill\u00e9 de s&rsquo;hydrater et de faire des pauses p\u00e9riodiques \u00e0 l&rsquo;ombre. Que vous souhaitiez vous d\u00e9tendre sur la plage, explorer l&rsquo;architecture impressionnante de la ville ou vous immerger dans la culture locale et les festivals, Casablanca vous garantit une abondance d&rsquo;exp\u00e9riences remarquables tout au long de l&rsquo;ann\u00e9e.<\/span><\/p>\n<h3><strong>Guide des meilleures choses \u00e0 faire \u00e0 Casablancas :<\/strong><\/h3>\n<p><span style=\"font-weight: 400;\"><strong>Mosqu\u00e9e Hassan II<\/strong> <\/span><\/p>\n<p><span style=\"font-weight: 400;\">le mot mosqu\u00e9e d\u00e9signe un lieu de culte pour les adeptes de l&rsquo;islam. Il s&rsquo;agit d&rsquo;un terme couramment utilis\u00e9 pour d\u00e9crire un b\u00e2timent ou une structure o\u00f9 les musulmans se rassemblent pour des pri\u00e8res communes, des c\u00e9r\u00e9monies religieuses et des activit\u00e9s spirituelles. Les mosqu\u00e9es pr\u00e9sentent g\u00e9n\u00e9ralement des caract\u00e9ristiques architecturales sp\u00e9cifiques, telles que des d\u00f4mes, des minarets et des salles de pri\u00e8re, con\u00e7ues pour faciliter la pri\u00e8re et cr\u00e9er un espace sacr\u00e9 pour les fid\u00e8les. Elle a \u00e9t\u00e9 command\u00e9e par le roi Hassan 2 pour \u00eatre un lieu de pratique de l&rsquo;islam et de rapprochement avec Dieu. Il est \u00e9galement ouvert aux visiteurs qui peuvent admirer l&rsquo;architecture marocaine et en apprendre davantage sur la culture de l&rsquo;islam et les traditions marocaines. C&rsquo;est vraiment un endroit paisible o\u00f9 l&rsquo;on se sent \u00e0 l&rsquo;aise.  <\/span><\/p>\n<p><strong>Casablancas Corniche :<\/strong><\/p>\n<p><span style=\"font-weight: 400;\">Si vous recherchez la plus belle vue sur la mer, rendez-vous \u00e0 la mosqu\u00e9e Hassan II. Il se trouve juste \u00e0 c\u00f4t\u00e9. Promenez-vous \u00e0 l&rsquo;extr\u00e9mit\u00e9 est de la Corniche de Casablanca et profitez de sa beaut\u00e9 envo\u00fbtante. De ce point de vue, vous pouvez prendre des photos spectaculaires de la mosqu\u00e9e qui s&rsquo;avance dans l&rsquo;oc\u00e9an Atlantique. La Corniche s&rsquo;\u00e9tend sur plusieurs kilom\u00e8tres, offrant une belle exp\u00e9rience du front de mer. C&rsquo;est l&rsquo;endroit pr\u00e9f\u00e9r\u00e9 des visiteurs pour faire du jogging, du v\u00e9lo et de la marche, tout en profitant de la brise de l&rsquo;oc\u00e9an et des palmiers qui bordent votre promenade. La Corniche abrite \u00e9galement la plage d&rsquo;Ain Diab, connue pour ses clubs de plage et ses diff\u00e9rentes activit\u00e9s nautiques. C&rsquo;est l&rsquo;endroit id\u00e9al pour prendre un bain de soleil et profiter de l&rsquo;instant pr\u00e9sent. En outre, la Corniche accueille de nombreux festivals et \u00e9v\u00e9nements tout au long de l&rsquo;ann\u00e9e, notamment des concerts de musique, des spectacles et des \u00e9v\u00e9nements culturels que les visiteurs et les habitants ont h\u00e2te de d\u00e9couvrir.<\/span><span style=\"font-weight: 400;\">.<\/span><\/p>\n<p><strong>L&rsquo;ancienne m\u00e9dina :  <\/strong><\/p>\n<p><span style=\"font-weight: 400;\">Les murs de la m\u00e9dina exhalent un parfum d&rsquo;histoire et de traditions, ils sont rest\u00e9s debout pendant des si\u00e8cles, t\u00e9moins silencieux du passage du temps et de la transformation de la ville. Les b\u00e2timents \u00e0 dominante blanche affichent fi\u00e8rement l&rsquo;essence de l&rsquo;architecture marocaine traditionnelle. La m\u00e9dina est un t\u00e9moignage vivant de la riche histoire de Casablanca, un quartier arabe classique qui a \u00e9volu\u00e9 au fil des d\u00e9cennies. Situ\u00e9 entre le port et la principale mosqu\u00e9e de la ville, il offre une exp\u00e9rience de shopping parfaite avec son large \u00e9ventail de boutiques. Ici, vous pouvez vous immerger dans l&rsquo;artisanat marocain, d\u00e9couvrir des souvenirs traditionnels et des produits locaux, vous laisser tenter par des bijoux exquis, des \u00e9pices et des articles de maroquinerie.<\/span><\/p>\n<p><strong>Quartier habit\u00e9 :<\/strong><\/p>\n<p><span style=\"font-weight: 400;\"> <\/span><span style=\"font-weight: 400;\">Situ\u00e9 dans la partie sud de Casablanca, le quartier a \u00e9t\u00e9 construit dans les ann\u00e9es 1930 par les Fran\u00e7ais pour repr\u00e9senter une m\u00e9dina marocaine traditionnelle (vieille ville) et a \u00e9t\u00e9 con\u00e7u pour \u00eatre moderne. Le quartier est un m\u00e9lange d&rsquo;architecture marocaine et fran\u00e7aise connue pour sa beaut\u00e9 d\u00e9taill\u00e9e et son esth\u00e9tique traditionnelle. L&rsquo;un des points forts du quartier est le march\u00e9 bond\u00e9, o\u00f9 les vendeurs proposent un large \u00e9ventail de marchandises, notamment des plats \u00e9pic\u00e9s, de l&rsquo;artisanat et des produits marocains authentiques. Au-del\u00e0 du march\u00e9, le quartier accueille \u00e9galement l&rsquo;art et la musique, offrant une exp\u00e9rience sensorielle d\u00e9licieuse qui permet aux visiteurs de s&rsquo;immerger dans les sons, les images et les ar\u00f4mes du Maroc.<\/span><\/p>\n<p><strong>L&rsquo;architecture du centre-ville de Casablanca :<\/strong><\/p>\n<p><span style=\"font-weight: 400;\">La place centrale de Casablanca, connue sous le nom de place Mohammed V, offre une excellente occasion d&rsquo;appr\u00e9cier l&rsquo;architecture de la ville. Le Wilaya Building se distingue notamment par sa fa\u00e7ade Art d\u00e9co et ses d\u00e9tails complexes, qui invitent \u00e0 l&rsquo;exploration. En outre, le majestueux Palais de justice, qui pr\u00e9sente des \u00e9l\u00e9ments n\u00e9oclassiques, contribue \u00e0 la grandeur de la place. La banque principale du Maroc se trouve \u00e0 c\u00f4t\u00e9 de la place. Pour admirer pleinement l&rsquo;architecture de la place Mohammed V, il faut se promener tranquillement autour de la place, en observant les b\u00e2timents sous diff\u00e9rents angles. L&rsquo;attrait de ce lieu est renforc\u00e9 par le m\u00e9lange harmonieux de styles architecturaux traditionnels, classiques et europ\u00e9ens. Apr\u00e8s vous \u00eatre immerg\u00e9 dans les merveilles architecturales de la place Mohammed V, je vous recommande d&rsquo;explorer les environs, tels que la rue Taher Sabti et le boulevard Mohamed V.<\/span><\/p>\n<p><strong>Le mus\u00e9e du juda\u00efsme marocain :  <\/strong><\/p>\n<p><span style=\"font-weight: 400;\">Le mus\u00e9e du juda\u00efsme marocain, seul mus\u00e9e juif du monde arabe, est situ\u00e9 rue de Chasseur, Oasis, Casablanca. Fond\u00e9 en 1997 par Simon Levy, un juif marocain, le mus\u00e9e repr\u00e9sente l&rsquo;histoire et la culture de la communaut\u00e9 juive au Maroc. Dans le cadre de la villa, les visiteurs peuvent explorer une gamme vari\u00e9e d&rsquo;expositions, y compris des v\u00eatements juifs traditionnels, des articles m\u00e9nagers et des artefacts religieux. Le mus\u00e9e pr\u00e9sente \u00e9galement des photographies anciennes qui donnent un aper\u00e7u de la vie juive, ainsi que des peintures illustrant des \u00e9v\u00e9nements historiques et des sculptures repr\u00e9sentant la vie juive au Maroc. Les salles d&rsquo;exposition abritent des objets rituels, des documents historiques et des expositions de costumes et de bijoux de la vie religieuse et familiale. En outre, le mus\u00e9e pr\u00e9sente des reconstitutions de synagogues marocaines, ce qui permet aux visiteurs de s&rsquo;immerger davantage dans le riche patrimoine du juda\u00efsme marocain.<\/span><\/p>\n<p><strong>Casablancas Cath\u00e9drale du Sacr\u00e9 Coeur :  <\/strong><\/p>\n<p><span style=\"font-weight: 400;\">La cath\u00e9drale de Casablanca, \u00e9galement connue sous le nom d&rsquo;\u00e9glise du Sacr\u00e9-C\u0153ur, a \u00e9t\u00e9 con\u00e7ue par l&rsquo;architecte fran\u00e7ais Paul Tournon et construite dans les ann\u00e9es 1930. Elle rev\u00eat une importance religieuse et culturelle et est situ\u00e9e dans le quartier central de Ma\u00e2rif \u00e0 Casablanca, pr\u00e8s de la place Mohammed V. Son emplacement accessible le rend visible et facilement accessible aux voyageurs. Bien que l&rsquo;\u00e9glise ait \u00e9t\u00e9 n\u00e9glig\u00e9e pendant des d\u00e9cennies et que son int\u00e9rieur soit tomb\u00e9 en ruine, des efforts de restauration sont actuellement en cours. Malheureusement, cela signifie qu&rsquo;il ne peut pas \u00eatre visit\u00e9 pour le moment. Toutefois, si vous vous int\u00e9ressez \u00e0 l&rsquo;architecture, il vaut la peine de vous y promener et d&rsquo;admirer la grande fa\u00e7ade blanche qui combine admirablement les styles traditionnels europ\u00e9en et marocain. Apr\u00e8s l&rsquo;ind\u00e9pendance du Maroc de la France en 1956, la cath\u00e9drale a cess\u00e9 d&rsquo;\u00eatre utilis\u00e9e principalement \u00e0 des fins religieuses. N\u00e9anmoins, son architecture \u00e9tonnante et son importance historique continuent d&rsquo;attirer les visiteurs.<\/span><\/p>\n<p>GUIDE DE CASABLANCA<\/p>\n","protected":false},"excerpt":{"rendered":"<p>GUIDE DE CASABLANCA Casablanca Guide, le plus grand port et la ville la plus peupl\u00e9e du Maroc, d\u00e9gage une atmosph\u00e8re vibrante, pleine de vie,&#8230;<\/p>\n","protected":false},"author":1,"featured_media":0,"parent":0,"menu_order":0,"comment_status":"closed","ping_status":"closed","template":"","meta":{"_exactmetrics_skip_tracking":false,"_exactmetrics_sitenote_active":false,"_exactmetrics_sitenote_note":"","_exactmetrics_sitenote_category":0,"_monsterinsights_skip_tracking":false,"_monsterinsights_sitenote_active":false,"_monsterinsights_sitenote_note":"","_monsterinsights_sitenote_category":0,"_joinchat":[],"footnotes":""},"class_list":["post-2175","page","type-page","status-publish","hentry","post-item","post-even"],"_links":{"self":[{"href":"https:\/\/womenbesttravel.com\/fr\/wp-json\/wp\/v2\/pages\/2175","targetHints":{"allow":["GET"]}}],"collection":[{"href":"https:\/\/womenbesttravel.com\/fr\/wp-json\/wp\/v2\/pages"}],"about":[{"href":"https:\/\/womenbesttravel.com\/fr\/wp-json\/wp\/v2\/types\/page"}],"author":[{"embeddable":true,"href":"https:\/\/womenbesttravel.com\/fr\/wp-json\/wp\/v2\/users\/1"}],"replies":[{"embeddable":true,"href":"https:\/\/womenbesttravel.com\/fr\/wp-json\/wp\/v2\/comments?post=2175"}],"version-history":[{"count":0,"href":"https:\/\/womenbesttravel.com\/fr\/wp-json\/wp\/v2\/pages\/2175\/revisions"}],"wp:attachment":[{"href":"https:\/\/womenbesttravel.com\/fr\/wp-json\/wp\/v2\/media?parent=2175"}],"curies":[{"name":"wp","href":"https:\/\/api.w.org\/{rel}","templated":true}]}}