{"id":2177,"date":"2021-02-03T15:03:14","date_gmt":"2021-02-03T15:03:14","guid":{"rendered":"https:\/\/womenbesttravel.com\/guide-chefchaouen\/"},"modified":"2023-09-29T16:08:10","modified_gmt":"2023-09-29T16:08:10","slug":"guide-chefchaouen","status":"publish","type":"page","link":"https:\/\/womenbesttravel.com\/fr\/guide-chefchaouen\/","title":{"rendered":"GUIDE CHEFCHAOUEN"},"content":{"rendered":"<h1 class=\"grid-title\" style=\"text-align: center;\"><strong><span style=\"color: #ff6600;\">GUIDE CHEFCHAOUEN  <\/span><\/strong><\/h1>\n<p><span style=\"font-weight: 400;\">Guide de Chefchaouen :<\/span> <span style=\"font-weight: 400;\">Situ\u00e9e dans la partie nord du Maroc, <a href=\"https:\/\/womenbesttravel.com\/\">Chefchaouen<\/a> est connue comme la perle bleue du Maroc. C&rsquo;est une petite ville nich\u00e9e dans les montagnes du Rif, qui offre un charme unique et modeste. Cette ville est l&rsquo;un des plus beaux endroits que j&rsquo;ai vus. Selon certaines th\u00e9ories, la ville a \u00e9t\u00e9 peinte en bleu pour repousser les moustiques, qui ne sont pas attir\u00e9s par cette couleur. Une autre th\u00e9orie sugg\u00e8re que la couleur bleue a une signification religieuse, en particulier dans le juda\u00efsme, repr\u00e9sentant le ciel et les cieux. Lorsque les r\u00e9fugi\u00e9s juifs se sont install\u00e9s dans la ville dans les ann\u00e9es 1930, ils ont peint leurs maisons en bleu, symbole de leur foi et de leur espoir en un avenir meilleur. Au fil des ans, la couleur bleue est devenue partie int\u00e9grante de l&rsquo;identit\u00e9 de Chefchaouen, fa\u00e7onnant son architecture et ses rues, et lui valant une place sp\u00e9ciale dans le c\u0153ur de nombreux visiteurs du Maroc.<\/span><\/p>\n<p>&nbsp;<\/p>\n<h3><strong>Meilleure p\u00e9riode pour visiter Chefchaouen.  <\/strong><\/h3>\n<p><span style=\"font-weight: 400;\">Si vous pr\u00e9f\u00e9rez \u00e9viter les grandes foules, il est conseill\u00e9 de visiter le site pendant la basse saison, qui s&rsquo;\u00e9tend de septembre \u00e0 f\u00e9vrier. Pendant cette p\u00e9riode, le temps peut \u00eatre frais et pluvieux. Vous pouvez \u00e9galement planifier votre visite au printemps ou \u00e0 l&rsquo;automne, lorsque les foules sont moins nombreuses, que le temps est agr\u00e9able et doux et que les feuillages d&rsquo;automne offrent un spectacle magnifique. En fin de compte, le choix d\u00e9pend de vos pr\u00e9f\u00e9rences. Cependant, il est important de noter que les mois d&rsquo;\u00e9t\u00e9 peuvent \u00eatre assez chauds, mais qu&rsquo;ils ont aussi leur propre charme.<\/span><\/p>\n<h3><strong>Les meilleures choses \u00e0 faire \u00e0 Chefchaouen.  <\/strong><\/h3>\n<p><span style=\"font-weight: 400;\">Les rues de Chefchaouen.<\/span><span style=\"font-weight: 400;\">  Promenez-vous dans le d\u00e9dale des ruelles \u00e9troites, des murs bleus et des charmantes petites rues de Chefchaouen. La ville est orn\u00e9e de belles maisons et de portes esth\u00e9tiques, peintes principalement dans des tons de bleu et de vert, avec des touches de blanc. Chaque b\u00e2timent pr\u00e9sente des dessins complexes et des motifs marocains, refl\u00e9tant la richesse de l&rsquo;histoire et du patrimoine culturel de Chefchaouen. Pour prendre des photos en toute tranquillit\u00e9, explorez la ville t\u00f4t le matin, vers 8 heures ou 9 heures, avant qu&rsquo;elle ne soit en pleine effervescence.<\/span><\/p>\n<p><span style=\"font-weight: 400;\"><strong>Place Outa El Hammam :<\/strong> <\/span><\/p>\n<p><span style=\"font-weight: 400;\">est la place principale au centre de la ville, remplie de caf\u00e9s et de restaurants o\u00f9 vous pourrez go\u00fbter aux saveurs de la cuisine marocaine. Prenez le temps de savourer une tasse de th\u00e9 \u00e0 la menthe rafra\u00eechissant tout en observant la tapisserie vibrante des gens qui vaquent \u00e0 leurs activit\u00e9s quotidiennes.<\/span><\/p>\n<p><strong>M\u00e9dina de Chefchaouen :<\/strong><\/p>\n<p><span style=\"font-weight: 400;\">  La m\u00e9dina, la vieille ville, est r\u00e9put\u00e9e pour ses b\u00e2timents bleus qui bordent les rues. C&rsquo;est un endroit charmant rempli de boutiques artisanales et traditionnelles o\u00f9 vous pouvez acheter des souvenirs comme des poteries et des bijoux faits \u00e0 la main. Tout au long de la m\u00e9dina, vous trouverez \u00e9galement des jardins andalous, cr\u00e9ant une atmosph\u00e8re sereine et luxuriante qui vous transportera dans un monde imaginaire. Exploration  <\/span><span style=\"font-weight: 400;\">le mus\u00e9e de la Kasbah<\/span><span style=\"font-weight: 400;\">  est \u00e0 ne pas manquer car elle offre un aper\u00e7u de l&rsquo;histoire de la ville et pr\u00e9sente l&rsquo;art local, les coutumes, l&rsquo;architecture, les bijoux, la poterie, les peintures et d&rsquo;autres objets traditionnels. Ce mus\u00e9e est situ\u00e9 juste \u00e0 c\u00f4t\u00e9 de la place Outa El Hammam. En outre,  <\/span><span style=\"font-weight: 400;\">la grande mosqu\u00e9e<\/span><span style=\"font-weight: 400;\">Site religieux important de la m\u00e9dina, il se distingue par son architecture marocaine color\u00e9e. Pour une exp\u00e9rience tranquille, ne manquez pas de visiter  <\/span><span style=\"font-weight: 400;\">la rivi\u00e8re Ras Elma<\/span><span style=\"font-weight: 400;\">connue pour sa s\u00e9r\u00e9nit\u00e9 et son calme.<\/span><\/p>\n<p><img decoding=\"async\" class=\"aligncenter wp-image-1641 size-full\" title=\"Guide Chefchaouen M\u00e9dina  \" src=\"https:\/\/womenbesttravel.com\/wp-content\/uploads\/2023\/07\/Chefchaouen-Guide.png\" alt=\"Guide Chefchaouen M\u00e9dina  \" width=\"2240\" height=\"1260\" srcset=\"https:\/\/womenbesttravel.com\/wp-content\/uploads\/2023\/07\/Chefchaouen-Guide.png 2240w, https:\/\/womenbesttravel.com\/wp-content\/uploads\/2023\/07\/Chefchaouen-Guide-300x169.png 300w, https:\/\/womenbesttravel.com\/wp-content\/uploads\/2023\/07\/Chefchaouen-Guide-1024x576.png 1024w, https:\/\/womenbesttravel.com\/wp-content\/uploads\/2023\/07\/Chefchaouen-Guide-768x432.png 768w, https:\/\/womenbesttravel.com\/wp-content\/uploads\/2023\/07\/Chefchaouen-Guide-1536x864.png 1536w, https:\/\/womenbesttravel.com\/wp-content\/uploads\/2023\/07\/Chefchaouen-Guide-2048x1152.png 2048w, https:\/\/womenbesttravel.com\/wp-content\/uploads\/2023\/07\/Chefchaouen-Guide-370x208.png 370w, https:\/\/womenbesttravel.com\/wp-content\/uploads\/2023\/07\/Chefchaouen-Guide-570x321.png 570w, https:\/\/womenbesttravel.com\/wp-content\/uploads\/2023\/07\/Chefchaouen-Guide-770x433.png 770w, https:\/\/womenbesttravel.com\/wp-content\/uploads\/2023\/07\/Chefchaouen-Guide-1170x658.png 1170w, https:\/\/womenbesttravel.com\/wp-content\/uploads\/2023\/07\/Chefchaouen-Guide-1031x580.png 1031w\" sizes=\"(max-width: 2240px) 100vw, 2240px\" \/><\/p>\n<p><span style=\"font-weight: 400;\"><strong>La mosqu\u00e9e espagnole :<\/strong> <\/span><\/p>\n<p><span style=\"font-weight: 400;\">Situ\u00e9e sur une colline surplombant la m\u00e9dina de Chefchaouen, la mosqu\u00e9e historique est un site intriguant. Construite pendant l&rsquo;occupation espagnole du Maroc au d\u00e9but du XXe si\u00e8cle, cette mosqu\u00e9e servait de lieu de culte aux soldats espagnols stationn\u00e9s dans la r\u00e9gion. Aujourd&rsquo;hui, il constitue une attraction touristique populaire et un t\u00e9moignage de l&rsquo;histoire. Ouverte au public, l&rsquo;entr\u00e9e est gratuite, ce qui permet aux visiteurs de s&rsquo;\u00e9merveiller devant son architecture unique, qui m\u00eale admirablement l&rsquo;architecture traditionnelle islamique marocaine et les influences espagnoles. Pour acc\u00e9der \u00e0 cette remarquable mosqu\u00e9e, il faut entreprendre une randonn\u00e9e de 45 minutes \u00e0 une heure, en fonction de la forme physique et des conditions m\u00e9t\u00e9orologiques. Le voyage commence \u00e0 Bab al Ansae, la porte orientale de la m\u00e9dina, et le long du chemin, vous pourrez apercevoir des femmes occup\u00e9es \u00e0 leurs activit\u00e9s de blanchissage pr\u00e8s d&rsquo;une rivi\u00e8re sinueuse.<\/span><\/p>\n<p><strong>Chute d&rsquo;eau de Ras El Ma :<\/strong><\/p>\n<p><span style=\"font-weight: 400;\">Contrairement \u00e0 Jebel El Kelaa, Ras El Ma offre une randonn\u00e9e facile et courte qui dure environ 30 \u00e0 45 minutes dans chaque sens. Le sentier est bien balis\u00e9 et offre des vues imprenables sur les montagnes et la campagne. En chemin, vous serez entour\u00e9 de verdure luxuriante, de fleurs sauvages et rencontrerez peut-\u00eatre des animaux sauvages. En arrivant \u00e0 la cascade, vous serez accueillis par le son serein de l&rsquo;eau qui coule et par la brume qui tourbillonne au-dessus de vous. La r\u00e9compense ultime vous attend \u00e0 votre destination finale : la magnifique cascade de Ras El Ma. Ici, vous aurez une vue magnifique sur l&rsquo;eau qui tombe en cascade et sur la piscine naturelle cristalline qui se trouve en dessous. Prenez un moment pour vous d\u00e9tendre, plongez dans l&rsquo;eau douce et rafra\u00eechissante et savourez les fruits de vos efforts.<\/span><\/p>\n<p><span style=\"font-weight: 400;\"><strong>Jebel El Kelaa :<\/strong> <\/span><\/p>\n<p><span style=\"font-weight: 400;\">est un sommet montagneux qui offre une randonn\u00e9e difficile, d&rsquo;une dur\u00e9e d&rsquo;environ 4 \u00e0 5 heures aller-retour. Cela signifie que la travers\u00e9e du sentier rocailleux n\u00e9cessite une certaine forme physique. Cependant, l&rsquo;effort est vraiment r\u00e9compens\u00e9 lorsque vous atteignez le sommet, car vous \u00eates accueillis par une vue \u00e0 couper le souffle sur les environs verdoyants. Veillez \u00e0 apporter des chaussures solides ou des chaussures de randonn\u00e9e confortables.<\/span><span style=\"font-weight: 400;\"> <\/span><\/p>\n<p><strong>Les cascades d&rsquo;Akchour :<\/strong><\/p>\n<p><span style=\"font-weight: 400;\">Il faut compter 2 \u00e0 3 heures de marche dans chaque sens pour se rendre aux cascades d&rsquo;Akchour depuis Chefchaouen. Pour s&rsquo;y rendre, il faut prendre un grand taxi depuis Chefchaouen, soit un trajet de 45 minutes co\u00fbtant environ 25 dhs par personne, en dirhams marocains (MAD). Bien que la randonn\u00e9e puisse \u00eatre fatigante, elle en vaut vraiment la peine car cet endroit est un joyau cach\u00e9 nich\u00e9 au c\u0153ur des montagnes du Rif. En chemin, vous traverserez de belles for\u00eats et suivrez le sentier qui longe la rivi\u00e8re. D\u00e8s votre arriv\u00e9e, vous serez accueilli par la beaut\u00e9 \u00e9poustouflante des bassins d&rsquo;eau douce bleu turquoise, entour\u00e9s d&rsquo;une v\u00e9g\u00e9tation luxuriante et de falaises rocheuses. L&rsquo;eau est incroyablement claire, ce qui permet de voir \u00e0 travers elle, et elle offre une baignade rafra\u00eechissante dans une piscine purement naturelle, cr\u00e9ant ainsi une exp\u00e9rience v\u00e9ritablement spirituelle. Les cascades d&rsquo;Akchour sont un paradis pour les amateurs de photographie et les amoureux de la nature.<\/span><\/p>\n<p><strong>Parc national de Talassemtane :<\/strong><\/p>\n<p><span style=\"font-weight: 400;\">Cr\u00e9\u00e9 en 2004, le parc national de Talassemtane a \u00e9t\u00e9 mis en place dans le but de pr\u00e9server la derni\u00e8re for\u00eat de sapins du Maroc. Le nom \u00ab\u00a0Talassemtane\u00a0\u00bb provient de la langue berb\u00e8re et signifie \u00ab\u00a0source froide\u00a0\u00bb. Dans le parc, vous trouverez le c\u00e9l\u00e8bre sentier de la cascade d&rsquo;Akchour et le pont de Dieu, une arche de pierre naturelle qui s&rsquo;\u00e9tend sur un profond ravin. Form\u00e9e par des si\u00e8cles d&rsquo;\u00e9rosion et d&rsquo;alt\u00e9ration, la randonn\u00e9e jusqu&rsquo;au God&rsquo;s Bridge est un parcours relativement facile de deux \u00e0 trois heures, adapt\u00e9 aux randonneurs de tous niveaux. Le parc national de Talassemtane est un sanctuaire pour les montagnes, les vall\u00e9es et les for\u00eats, abritant un large \u00e9ventail d&rsquo;esp\u00e8ces v\u00e9g\u00e9tales et animales rares, ainsi qu&rsquo;un habitat pour les oiseaux migrateurs. Les visiteurs peuvent organiser des pique-niques et des excursions de camping dans un environnement naturel splendide, cr\u00e9ant ainsi des moments inoubliables entre amis.<\/span><\/p>\n<p><span style=\"font-weight: 400;\"><strong>Visite d&rsquo;un hammam local :<\/strong> <\/span><\/p>\n<p><span style=\"font-weight: 400;\">Pour une exp\u00e9rience culturelle unique, les bains traditionnels marocains, appel\u00e9s hammams, sont \u00e0 visiter absolument. Pour vivre pleinement l&rsquo;ambiance locale, le Hammam El Harass et le Dar El Henna Hammam and Spa sont vivement recommand\u00e9s. Ces hammams d\u00e9gagent une atmosph\u00e8re authentique et traditionnelle, offrant un cadre modeste o\u00f9 vous pouvez vous baigner en compagnie des habitants. Le Dar El Henna Hammam propose \u00e9galement des soins de spa, notamment des massages, des gommages du visage et du corps \u00e0 l&rsquo;aide d&rsquo;un exfoliant marocain. Cet outil traditionnel, compos\u00e9 de fibres naturelles, exfolie et nettoie la peau en douceur, en \u00e9liminant les cellules mortes et les impuret\u00e9s. Apr\u00e8s le gommage du corps, vous pouvez vous laisser tenter par un massage relaxant ou d&rsquo;autres soins de spa. Le personnel amical et l&rsquo;atmosph\u00e8re accueillante cr\u00e9ent un sentiment de s\u00e9curit\u00e9 et de propret\u00e9, et le prix abordable du Dar El Henna Hammam est un atout suppl\u00e9mentaire. Cependant, si vous pr\u00e9f\u00e9rez une exp\u00e9rience plus luxueuse et priv\u00e9e, Lina Ryad and Spa est un h\u00f4tel haut de gamme \u00e0 Chefchaouen qui offre des services de grande qualit\u00e9. Dot\u00e9 d&rsquo;une belle piscine ext\u00e9rieure, d&rsquo;un spa et d&rsquo;un centre de bien-\u00eatre, et d&rsquo;un toit-terrasse offrant une vue imprenable sur les montagnes, cet \u00e9tablissement \u00e9l\u00e9gant et bien d\u00e9cor\u00e9 offre un cadre luxueux pour votre visite au hammam. Dans l&rsquo;ensemble, cette exp\u00e9rience du hammam promet d&rsquo;\u00eatre une aventure d\u00e9licieuse et agr\u00e9able.<\/span><\/p>\n<p>Guide de Chefchaouen<\/p>\n","protected":false},"excerpt":{"rendered":"<p>GUIDE CHEFCHAOUEN Guide de Chefchaouen : Situ\u00e9e dans la partie nord du Maroc, Chefchaouen est connue comme la perle bleue du Maroc. C&rsquo;est une&#8230;<\/p>\n","protected":false},"author":1,"featured_media":0,"parent":0,"menu_order":0,"comment_status":"closed","ping_status":"closed","template":"","meta":{"_exactmetrics_skip_tracking":false,"_exactmetrics_sitenote_active":false,"_exactmetrics_sitenote_note":"","_exactmetrics_sitenote_category":0,"_monsterinsights_skip_tracking":false,"_monsterinsights_sitenote_active":false,"_monsterinsights_sitenote_note":"","_monsterinsights_sitenote_category":0,"_joinchat":[],"footnotes":""},"class_list":["post-2177","page","type-page","status-publish","hentry","post-item","post-even"],"_links":{"self":[{"href":"https:\/\/womenbesttravel.com\/fr\/wp-json\/wp\/v2\/pages\/2177","targetHints":{"allow":["GET"]}}],"collection":[{"href":"https:\/\/womenbesttravel.com\/fr\/wp-json\/wp\/v2\/pages"}],"about":[{"href":"https:\/\/womenbesttravel.com\/fr\/wp-json\/wp\/v2\/types\/page"}],"author":[{"embeddable":true,"href":"https:\/\/womenbesttravel.com\/fr\/wp-json\/wp\/v2\/users\/1"}],"replies":[{"embeddable":true,"href":"https:\/\/womenbesttravel.com\/fr\/wp-json\/wp\/v2\/comments?post=2177"}],"version-history":[{"count":0,"href":"https:\/\/womenbesttravel.com\/fr\/wp-json\/wp\/v2\/pages\/2177\/revisions"}],"wp:attachment":[{"href":"https:\/\/womenbesttravel.com\/fr\/wp-json\/wp\/v2\/media?parent=2177"}],"curies":[{"name":"wp","href":"https:\/\/api.w.org\/{rel}","templated":true}]}}