{"id":2179,"date":"2021-02-02T16:01:49","date_gmt":"2021-02-02T16:01:49","guid":{"rendered":"https:\/\/womenbesttravel.com\/la-meilleure-agence-de-voyage-de-marrakech\/"},"modified":"2024-06-19T19:40:22","modified_gmt":"2024-06-19T19:40:22","slug":"la-meilleure-agence-de-voyage-de-marrakech","status":"publish","type":"page","link":"https:\/\/womenbesttravel.com\/fr\/la-meilleure-agence-de-voyage-de-marrakech\/","title":{"rendered":"La meilleure agence de voyage de Marrakech"},"content":{"rendered":"<h1 style=\"text-align: center;\">La meilleure agence de voyage de Marrakech<\/h1>\n<p>Women Best Travel Sahara Desert Best Private Marrakech Travel Tours Agency pour tous les voyageurs qui r\u00eavent du Maroc. Rejoignez-nous pour cette exp\u00e9rience d&rsquo;aventure qui changera votre vie et vous fera d\u00e9couvrir les attractions les plus magiques du Maroc : les sites historiques de la m\u00e9dina de F\u00e8s et de Marrakech, les montagnes de l&rsquo;Atlas, le d\u00e9sert du Sahara. Vous partagerez des exp\u00e9riences avec des femmes locales car nous pensons que la meilleure fa\u00e7on d&rsquo;avoir un impact positif au niveau local est de nouer des liens et des relations de qualit\u00e9. Nous faisons de notre mieux en tant qu&rsquo;\u00e9quipe locale pour cr\u00e9er un changement durable pour les femmes dans notre pays. Cela nous aide \u00e0 cr\u00e9er des exp\u00e9riences qui seront vraiment utiles \u00e0 chacun. Nous sommes impatients de maintenir la culture authentique des communaut\u00e9s locales au Maroc et en Afrique du Sud. nous esp\u00e9rons rappeler notre patrimoine immat\u00e9riel \u00e0 travers nos voyages durables.<\/p>\n<h2>CIRCUITS \u00c0 PARTIR DE MARRAKECH MEILLEURE AGENCE DE VOYAGE<\/h2>\n<p>Circuits \u00e0 partir de Marrakech Une grande s\u00e9lection de circuits \u00e0 Marrakech et de voyages de plusieurs jours que vous pouvez r\u00e9server avec WomenBestTravel, Tous nos circuits sont en petits groupes priv\u00e9s pour offrir les exp\u00e9riences les plus authentiques et uniques de l&rsquo;exploration des montagnes du Haut Atlas, de leurs vues panoramiques et de leurs paysages magiques, du d\u00e9sert du Sahara et bien plus encore. &#8230;.<\/p>\n<div>Women Best Travel organise une large gamme d&rsquo;excursions priv\u00e9es et en petits groupes au d\u00e9part de Marrakech. Profitez d&rsquo;une visite guid\u00e9e de la ville de Marrakech ou r\u00e9servez un circuit qui part tous les jours et vous emm\u00e8ne dans des endroits tels que les montagnes du Haut Atlas, les villages berb\u00e8res, les cascades d&rsquo;Ouzoud, les Kasbahs, le bord de mer d&rsquo;Essaouira et plus encore. Activit\u00e9s \u00e0 Marrakech Promenade \u00e0 dos de chameau dans les palmeraies, d\u00eener et spectacles marocains, quad, hammam et spa marocains. Parcourez nos excursions d&rsquo;une journ\u00e9e \u00e0 Marrakech ci-dessous ou personnalisez votre propre circuit. Contactez-nous pour plus de d\u00e9tails.<\/div>\n<div>Nous vous emmenons dans certains des endroits les plus beaux, les plus historiques et les plus inspirants du Maroc. Nos clients b\u00e9n\u00e9ficient de d\u00e9parts garantis, de nos circuits uniques et de notre exp\u00e9rience de la vie r\u00e9elle, le Maroc peut vous laisser bouche b\u00e9e. Du drame et de la beaut\u00e9 de nos montagnes et de nos m\u00e9dinas \u00e0 la riche histoire des anciennes m\u00e9dinas et des cultures berb\u00e8res, il y en a vraiment pour tous les go\u00fbts. Nos guides ont l&rsquo;exp\u00e9rience et la formation n\u00e9cessaires pour rendre votre voyage aussi color\u00e9 que confortable, mais ce sont leurs connaissances locales et leur passion pour le <span style=\"color: #000000;\">Maroc qui rendront votre voyage vraiment unique et feront que nos clients<\/span> reviendront.<\/div>\n<div><span style=\"color: #ff6600;\"><strong>4 jours d&rsquo;excursion dans le d\u00e9sert de Marrakech \u00e0 F\u00e8s<\/strong><\/span><\/div>\n<div><span style=\"color: #ff6600;\"><strong>3 jours de Marrakech \u00e0 F\u00e8s dans le d\u00e9sert <\/strong><\/span><\/div>\n<div><span style=\"color: #ff6600;\"><strong>CIRCUITS DE MARRAKECH AUX DUNES D&rsquo;ERG CHEGAGA 4 JOURS<\/strong><\/span><\/div>\n<div><span style=\"color: #ff6600;\"><strong>4 jours d&rsquo;excursion dans le d\u00e9sert de Marrakech \u00e0 Merzouga <\/strong><\/span><\/div>\n<div>\n<h3>EXCURSIONS D&rsquo;UNE JOURN\u00c9E AU D\u00c9PART DE MARRAKECH<\/h3>\n<p>EXCURSIONS D&rsquo;UNE JOURN\u00c9E AU D\u00c9PART DE MARRAKECH<\/p>\n<p>Une large s\u00e9lection d&rsquo;excursions \u00e0 Marrakech que vous pouvez r\u00e9server avec WomenBestTravel, Toutes nos excursions sont en petits groupes priv\u00e9s afin d&rsquo;offrir les exp\u00e9riences les plus authentiques et uniques de l&rsquo;exploration des montagnes du Haut Atlas, leurs vues panoramiques et leurs paysages magiques, nous avons des options de nourriture faite maison avec des familles berb\u00e8res parce que nous croyons que c&rsquo;est la fa\u00e7on de s&rsquo;\u00e9panouir et de faire une diff\u00e9rence en aidant les familles locales et en se connectant avec elles. D&rsquo;autres activit\u00e9s comme la montgolfi\u00e8re et le d\u00eener dans le d\u00e9sert d&rsquo;Agafay pour c\u00e9l\u00e9brer des occasions sp\u00e9ciales comme votre anniversaire. Vous pouvez nous contacter pour des plans, des visites et des activit\u00e9s plus personnalis\u00e9s.<\/p>\n<div>Women Best Travel organise une large gamme d&rsquo;excursions priv\u00e9es et en petits groupes au d\u00e9part de Marrakech. Profitez d&rsquo;une visite guid\u00e9e de la ville de Marrakech ou r\u00e9servez un circuit qui part tous les jours et vous emm\u00e8ne dans des endroits tels que les montagnes du Haut Atlas, les villages berb\u00e8res, les cascades d&rsquo;Ouzoud, les Kasbahs, le bord de mer d&rsquo;Essaouira et plus encore. Activit\u00e9s \u00e0 Marrakech Promenade \u00e0 dos de chameau dans les palmeraies, d\u00eener et spectacles marocains, quad, hammam et spa marocains. Parcourez nos excursions d&rsquo;une journ\u00e9e \u00e0 Marrakech ci-dessous ou personnalisez votre propre circuit. Contactez-nous pour plus de d\u00e9tails.<\/div>\n<div><strong>Chutes d&rsquo;eau d&rsquo;Ouzoud Meilleure excursion d&rsquo;une journ\u00e9e \u00e0 partir de Marrakech <\/strong><\/div>\n<div>Les cascades d&rsquo;Ouzoud sont situ\u00e9es dans les <a href=\"https:\/\/womenbesttravel.com\/fr\/\">montagnes du Haut Atlas<\/a>, \u00e0 environ 3 heures de route de Marrakech, et offrent des vues fascinantes que les photos ne pourront jamais rendre justice. Couronn\u00e9 d&rsquo;un arc-en-ciel quasi permanent, No wander est l&rsquo;un des sites les plus visit\u00e9s de la r\u00e9gion et une excursion populaire d&rsquo;une journ\u00e9e \u00e0 partir de Marrakech. Avec une chute de plus de 100 m, profitez d&rsquo;une visite guid\u00e9e \u00e0 pied avec votre guide local et descendez \u00e0 travers la for\u00eat jusqu&rsquo;aux chutes d&rsquo;eau, o\u00f9 vous pourrez nager ou prendre un petit bateau, puis d\u00e9jeuner avec vue. Retour \u00e0 Marrakech vers 18 heures. Votre tour de Marrakech commence \u00e0 08H00 du matin, vous serez pris en charge \u00e0 votre H\u00f4tel\/Riad et commencerez \u00e0 conduire vers les chutes d&rsquo;eau, une fois arriv\u00e9, vous rencontrerez votre guide local, une condition physique minimale est requise pour ce tour, vous pourrez donc suivre le guide pour quelques randonn\u00e9es \u00e0 travers la for\u00eat, Une chance de voir les singes berb\u00e8res (pr\u00e9parez quelques cacahu\u00e8tes crues pour les nourrir si vous souhaitez interagir avec eux) avant de descendre \u00e0 l&rsquo;eau o\u00f9 vous pouvez prendre un petit bateau qui co\u00fbte 2 euros pour aller sous les chutes de l&rsquo;autre c\u00f4t\u00e9 600 marches pour monter au milieu beaucoup de restaurants berb\u00e8res locaux o\u00f9 vous pouvez d\u00e9jeuner avec une vue imprenable. Le conseil pour la visite est de prendre des chaussures confortables et de bonnes jambes. Retour \u00e0 Marrakech vers 18 heures.<\/div>\n<div><\/div>\n<div><strong>4X4 Atlas et d\u00e9sert d&rsquo;Agafay Excursion d&rsquo;une journ\u00e9e dans les villages berb\u00e8res<\/strong><\/div>\n<div>\n<p>Une journ\u00e9e d&rsquo;excursion \u00e9tonnante avec votre agence de voyage Marrakech <a href=\"https:\/\/womenbesttravel.com\/fr\/\">women best travel<\/a> pour quitter le brouhaha de la ville de Marrakech et aller visiter 3 diff\u00e9rentes vall\u00e9es du Haut Atlas. Appr\u00e9ciez votre journ\u00e9e avec le changement de vues et de paysages, du d\u00e9sert rocailleux aux montagnes enneig\u00e9es.<\/p>\n<p>D\u00e9part de Marrakech et route vers le d\u00e9sert magique d&rsquo;Agafay (45 minutes). Visite du lac Lalla Takerkoust, du plateau de Kik, de Moulay Ibrahim, d&rsquo;Asni et de la vall\u00e9e d&rsquo;Imlil (1740), situ\u00e9e dans le parc national du Toubkal et dans le Haut Atlas, face au mont Toubkal (4167 m), promenade et d\u00e9jeuner au village.<\/p>\n<p><strong>Excursion d&rsquo;une journ\u00e9e \u00e0 Essaouira depuis Marrakech<\/strong><\/p>\n<p>Essaouira ou <em>Mogador <\/em> est situ\u00e9e \u00e0 175 kilom\u00e8tres de Marrakech. La plage d&rsquo;Essaouira est un long ruban d&rsquo;une dizaine de kilom\u00e8tres baign\u00e9 par le ressac. Ce fascinant village de p\u00eacheurs constitue une pause agr\u00e9able par rapport \u00e0 l&rsquo;agitation de Marrakech. Dans sa m\u00e9dina, vous vous d\u00e9tendrez et aimerez fl\u00e2ner dans les rues, siroter un caf\u00e9 sur la place principale et vous promener le long de la plage, manger du poisson frais au march\u00e9 aux poissons.<\/p>\n<p><strong>Excursion d&rsquo;une journ\u00e9e \u00e0 Essaouira depuis Marrakech Itinirary :<\/strong><\/p>\n<p>Prise en charge \u00e0 08H00 de votre h\u00f4tel \/ Riad \u00e0 Marrakech pour commencer la route vers Essaouira (environ 2H30), il y a beaucoup de choses \u00e0 voir sur les routes, une occasion de visiter les coop\u00e9ratives d&rsquo;huile d&rsquo;argan biologique qui sont une forme d&rsquo;association sociale et organisationnelle pour les femmes dans la r\u00e9gion. Dans des salles orn\u00e9es d&rsquo;arganiers, les femmes utilisent des outils anciens pour presser \u00e0 la main l&rsquo;huile des amandons. Il est int\u00e9ressant de voir le processus comme un mus\u00e9e en plein air. Une fois arriv\u00e9 \u00e0 Essouira, vous aurez le temps de d\u00e9couvrir la m\u00e9dina qui est entour\u00e9e de murs m\u00e9di\u00e9vaux et de remparts faisant partie des limites d\u00e9fensives d&rsquo;un ch\u00e2teau ou d&rsquo;une colonie. Essaouira poss\u00e8de de magnifiques remparts appel\u00e9s \u00ab\u00a0Skala\u00a0\u00bb, un site du patrimoine de l&rsquo;UNESCO. Pour moins de 2 \u20ac, les visiteurs peuvent explorer les remparts, \u00e9couter le fracas des vagues et prendre d&rsquo;excellentes photos de la c\u00f4te et de la ville. Pour Lucnh, vous pouvez visiter le march\u00e9 et le port de p\u00eache, un endroit \u00e0 ne pas manquer puisque Essaouira \u00e9tait le principal port de p\u00eache du Maroc au milieu des ann\u00e9es 1900. Et comme nous sommes si pr\u00e8s de l&rsquo;oc\u00e9an, ce serait une grande perte que de ne pas manger de fruits de mer, nous nous sommes dirig\u00e9s vers le march\u00e9 local de fruits de mer o\u00f9 vous pouvez choisir votre poisson parmi leur p\u00eache quotidienne \u00e9labor\u00e9e et le faire cuisiner pour vous sur commande. La grande plage de sable d&rsquo;Essaouira est un endroit id\u00e9al pour pratiquer la planche \u00e0 voile et le kitesurf, entre autres sports nautiques, mais la baignade et les bains de soleil peuvent \u00eatre difficiles lorsque les vents sont forts, ce qui en fait la meilleure occasion pour les voyageurs de s&rsquo;essayer \u00e0 une nouvelle activit\u00e9 extr\u00eame. Essaouira compte de nombreux magasins et \u00e9coles de surf, ainsi que des \u00e9coles de planche \u00e0 voile qui conviennent parfaitement aux d\u00e9butants. R\u00e9servez l&rsquo;excursion \u00e0 Essaouira depuis Marrakech avec la meilleure <a href=\"https:\/\/womenbesttravel.com\/fr\/contact\/\">agence de voyage de<\/a> Marrakech <a href=\"https:\/\/womenbesttravel.com\/fr\/contact\/\">ici<\/a>.<\/p>\n<\/div>\n<\/div>\n<div><\/div>\n<div>\n<p>&nbsp;<\/p>\n<\/div>\n","protected":false},"excerpt":{"rendered":"<p>La meilleure agence de voyage de Marrakech Women Best Travel Sahara Desert Best Private Marrakech Travel Tours Agency pour tous les voyageurs qui r\u00eavent&#8230;<\/p>\n","protected":false},"author":1,"featured_media":0,"parent":0,"menu_order":0,"comment_status":"closed","ping_status":"closed","template":"","meta":{"_exactmetrics_skip_tracking":false,"_exactmetrics_sitenote_active":false,"_exactmetrics_sitenote_note":"","_exactmetrics_sitenote_category":0,"_monsterinsights_skip_tracking":false,"_monsterinsights_sitenote_active":false,"_monsterinsights_sitenote_note":"","_monsterinsights_sitenote_category":0,"_joinchat":[],"footnotes":""},"class_list":["post-2179","page","type-page","status-publish","hentry","post-item","post-even"],"_links":{"self":[{"href":"https:\/\/womenbesttravel.com\/fr\/wp-json\/wp\/v2\/pages\/2179","targetHints":{"allow":["GET"]}}],"collection":[{"href":"https:\/\/womenbesttravel.com\/fr\/wp-json\/wp\/v2\/pages"}],"about":[{"href":"https:\/\/womenbesttravel.com\/fr\/wp-json\/wp\/v2\/types\/page"}],"author":[{"embeddable":true,"href":"https:\/\/womenbesttravel.com\/fr\/wp-json\/wp\/v2\/users\/1"}],"replies":[{"embeddable":true,"href":"https:\/\/womenbesttravel.com\/fr\/wp-json\/wp\/v2\/comments?post=2179"}],"version-history":[{"count":2,"href":"https:\/\/womenbesttravel.com\/fr\/wp-json\/wp\/v2\/pages\/2179\/revisions"}],"predecessor-version":[{"id":2455,"href":"https:\/\/womenbesttravel.com\/fr\/wp-json\/wp\/v2\/pages\/2179\/revisions\/2455"}],"wp:attachment":[{"href":"https:\/\/womenbesttravel.com\/fr\/wp-json\/wp\/v2\/media?parent=2179"}],"curies":[{"name":"wp","href":"https:\/\/api.w.org\/{rel}","templated":true}]}}