{"id":2181,"date":"2021-02-02T12:37:59","date_gmt":"2021-02-02T12:37:59","guid":{"rendered":"https:\/\/womenbesttravel.com\/agence-de-voyage-et-de-tourisme-au-maroc\/"},"modified":"2023-09-29T16:08:40","modified_gmt":"2023-09-29T16:08:40","slug":"agence-de-voyage-et-de-tourisme-au-maroc","status":"publish","type":"page","link":"https:\/\/womenbesttravel.com\/fr\/agence-de-voyage-et-de-tourisme-au-maroc\/","title":{"rendered":"Agence de voyage et de tourisme au Maroc"},"content":{"rendered":"<h1 style=\"text-align: center;\">Agence de voyage et de tourisme au Maroc<\/h1>\n<p>Women Best Travel Sahara Desert Best Private Morocco Travel Tours Agency pour tous les voyageurs qui r\u00eavent du Maroc. Rejoignez-nous pour cette exp\u00e9rience d&rsquo;aventure qui changera votre vie et vous fera d\u00e9couvrir les attractions les plus magiques du Maroc : les sites historiques de la m\u00e9dina de F\u00e8s et de Marrakech, les montagnes de l&rsquo;Atlas, le d\u00e9sert du Sahara. Vous partagerez des exp\u00e9riences avec des femmes locales car nous pensons que la meilleure fa\u00e7on d&rsquo;avoir un impact positif au niveau local est de nouer des liens et des relations de qualit\u00e9. Nous faisons de notre mieux en tant qu&rsquo;\u00e9quipe locale pour cr\u00e9er un changement durable pour les femmes dans notre pays. Cela nous aide \u00e0 cr\u00e9er des exp\u00e9riences qui seront vraiment utiles \u00e0 chacun. Nous sommes impatients de maintenir la culture authentique des communaut\u00e9s locales au Maroc et en Afrique du Sud. nous esp\u00e9rons rappeler notre patrimoine immat\u00e9riel \u00e0 travers nos voyages durables.<\/p>\n<h2>AGENCE DE VOYAGE MAROCAINE PAR DES FEMMES, NOUS SOUTENONS LES FEMMES \u00c0 TRAVERS DES VOYAGES ET DES CIRCUITS<\/h2>\n<p>Si vous \u00eates \u00e0 la recherche de Morocco Travel Company Marrakech Best Travel Morocco Tours Holidays, ne cherchez pas plus loin ! Nous sommes heureux de vous proposer des circuits au Maroc de grande qualit\u00e9 \u00e0 des prix abordables et nous les garantissons :<\/p>\n<p>DES CIRCUITS ACCOMPAGN\u00c9S ET DES VACANCES SUR MESURE FIABLES AU MAROC<\/p>\n<p>Nos guides experts vous accueillent \u00e0 l&rsquo;a\u00e9roport<\/p>\n<p>Nous vous proposons des circuits personnalis\u00e9s en fonction de vos int\u00e9r\u00eats.<\/p>\n<p>Nous organisons l&rsquo;h\u00e9bergement dans des h\u00f4tels de charme.<\/p>\n<p>Nous assurons le transport dans nos voitures de tourisme de luxe et les meilleurs guides touristiques qualifi\u00e9s et dignes de confiance.<\/p>\n<p>Organisez pour vous une d\u00e9couverte \u00ab\u00a0exclusive et personnelle\u00a0\u00bb. Vous verrez ce que les visites de groupe en bus ne montrent pas et ce que les agents touristiques ne savent peut-\u00eatre pas, ce qui vous permettra d&rsquo;aller plus loin que les visites standard.<\/p>\n<p>Women best travel tours combine la culture, l&rsquo;histoire, la culture berb\u00e8re, l&rsquo;architecture, l&rsquo;histoire et la narration dans une exp\u00e9rience puissante du Maroc qu&rsquo;aucune autre compagnie ne peut \u00e9galer.<strong> <\/strong><\/p>\n<p>Nos meilleurs circuits au Maroc et nos meilleures exp\u00e9riences dans le d\u00e9sert marocain Des voyages marocains authentiques dans les hauts lieux du Maroc, combinant le meilleur de la nature et des exp\u00e9riences culturelles du Maroc en un seul et m\u00eame circuit. Au cours de 15 circuits inoubliables, vous verrez les artisans, les march\u00e9s, les tanneries et les mosqu\u00e9es, vous monterez \u00e0 dos de chameau dans les dunes infinies du d\u00e9sert du Sahara, vous ferez des safaris aventureux en tout-terrain, vous marcherez \u00e0 l&rsquo;int\u00e9rieur des spectaculaires murs de 300 m\u00e8tres de haut des gorges de Todra, D\u00e9couvrez les kasbahs d&rsquo;A\u00eft Ben Haddou, admirez le plus haut sommet d&rsquo;Afrique du Nord, le Dj\u00e9bel Toubkal, d\u00e9tendez-vous dans la charmante ville baln\u00e9aire d&rsquo;Essaouira et laissez-vous envo\u00fbter par les magiciens, les conteurs et les musiciens de la place Djemaa el Fna de Marrakech. En chemin, vous d\u00e9couvrirez une architecture \u00e9tonnante et des boulevards bord\u00e9s de palmiers, vous remonterez le temps jusqu&rsquo;\u00e0 l&#8217;empire berb\u00e9ro-romain sur le site arch\u00e9ologique de Volubilis et vous partagerez peut-\u00eatre une tasse de th\u00e9 \u00e0 la menthe avec des nomades berb\u00e8res. Nos voyages marocains \u00e0 travers les hauts lieux du Maroc sont vraiment l&rsquo;aventure d&rsquo;une vie !<\/p>\n<h2>Voyages et circuits sur mesure exceptionnels au Maroc<\/h2>\n<p>  Les <a href=\"https:\/\/womenbesttravel.com\/\"> femmes<\/a> vivent <a href=\"https:\/\/womenbesttravel.com\/\"> les meilleures<\/a> exp\u00e9riences de <a href=\"https:\/\/womenbesttravel.com\/\"> voyage<\/a>, votre meilleur choix Premium Tours Meilleure compagnie de voyage au Maroc, avec votre propre <a href=\"https:\/\/womenbesttravel.com\/about-us\/\">guide touristique<\/a> marocain expert.<\/p>\n<p>Nous cr\u00e9ons des voyages et des circuits au Maroc, des itin\u00e9raires ax\u00e9s sur vos directives et vos int\u00e9r\u00eats sp\u00e9cifiques. Nos services haut de gamme vous permettent d&rsquo;explorer le Maroc avec le niveau de service le plus \u00e9lev\u00e9 que vous m\u00e9ritez. Qu&rsquo;il s&rsquo;agisse d&rsquo;un circuit dans le d\u00e9sert, de villes imp\u00e9riales et de visites historiques, des montagnes marocaines, du trekking du Toubkal dans le Haut Atlas, d&rsquo;une lune de miel, d&rsquo;un voyage de groupe ou d&rsquo;un voyage sp\u00e9cial en famille, nous vous aiderons \u00e0 en faire une exp\u00e9rience inoubliable pour vous tous. Nous pouvons \u00e9galement nous occuper de vos r\u00e9servations d&rsquo;h\u00f4tel et vous fournir tout le soutien logistique n\u00e9cessaire. Renseignez-vous sur nos offres uniques pour faire de votre visite au Maroc un moment inoubliable, telles que des excursions en h\u00e9licopt\u00e8re, des safaris en jeep dans le d\u00e9sert, des repas raffin\u00e9s et des rencontres avec des journalistes, des politologues et des repr\u00e9sentants du gouvernement.<\/p>\n<h3><strong>En tant que guide touristique priv\u00e9 au Maroc, nous vous garantissons que tout est pris en charge. <\/strong><strong>tout est pris en charge :<\/strong><\/h3>\n<p>&#8211; Nous vous accueillons \u00e0 l&rsquo;a\u00e9roport<\/p>\n<p>&#8211; Vous offrir une exp\u00e9rience touristique personnalis\u00e9e en fonction de vos centres d&rsquo;int\u00e9r\u00eat<\/p>\n<p>&#8211; Organiser l&rsquo;h\u00e9bergement dans des h\u00f4tels de charme intimes<\/p>\n<p>&#8211; Assurer le transport en voiture priv\u00e9e<\/p>\n<p>&#8211; Organisez votre d\u00e9couverte \u00ab\u00a0de pr\u00e8s et de loin\u00a0\u00bb. Vous verrez ce que les circuits de groupe en bus ne montrent pas et ce que les agents touristiques ne connaissent peut-\u00eatre pas, ce qui vous permettra de sortir des sentiers battus. Faire le tour du Maroc avec nous comme guides vous permettra de d\u00e9couvrir les gens, les lieux et l&rsquo;histoire du Maroc et de la culture berb\u00e8re.<\/p>\n<p>Nous serons \u00e0 vos c\u00f4t\u00e9s pour nous occuper de tout. Il ne vous reste plus qu&rsquo;\u00e0 vous asseoir et \u00e0 profiter de votre visite. Contactez-nous d\u00e8s aujourd&rsquo;hui pour plus d&rsquo;informations et r\u00e9servez-nous comme guides priv\u00e9s pour votre prochain voyage culturel au Maroc.<\/p>\n","protected":false},"excerpt":{"rendered":"<p>Agence de voyage et de tourisme au Maroc Women Best Travel Sahara Desert Best Private Morocco Travel Tours Agency pour tous les voyageurs qui&#8230;<\/p>\n","protected":false},"author":1,"featured_media":0,"parent":0,"menu_order":0,"comment_status":"closed","ping_status":"closed","template":"","meta":{"_exactmetrics_skip_tracking":false,"_exactmetrics_sitenote_active":false,"_exactmetrics_sitenote_note":"","_exactmetrics_sitenote_category":0,"_monsterinsights_skip_tracking":false,"_monsterinsights_sitenote_active":false,"_monsterinsights_sitenote_note":"","_monsterinsights_sitenote_category":0,"_joinchat":[],"footnotes":""},"class_list":["post-2181","page","type-page","status-publish","hentry","post-item","post-even"],"_links":{"self":[{"href":"https:\/\/womenbesttravel.com\/fr\/wp-json\/wp\/v2\/pages\/2181","targetHints":{"allow":["GET"]}}],"collection":[{"href":"https:\/\/womenbesttravel.com\/fr\/wp-json\/wp\/v2\/pages"}],"about":[{"href":"https:\/\/womenbesttravel.com\/fr\/wp-json\/wp\/v2\/types\/page"}],"author":[{"embeddable":true,"href":"https:\/\/womenbesttravel.com\/fr\/wp-json\/wp\/v2\/users\/1"}],"replies":[{"embeddable":true,"href":"https:\/\/womenbesttravel.com\/fr\/wp-json\/wp\/v2\/comments?post=2181"}],"version-history":[{"count":0,"href":"https:\/\/womenbesttravel.com\/fr\/wp-json\/wp\/v2\/pages\/2181\/revisions"}],"wp:attachment":[{"href":"https:\/\/womenbesttravel.com\/fr\/wp-json\/wp\/v2\/media?parent=2181"}],"curies":[{"name":"wp","href":"https:\/\/api.w.org\/{rel}","templated":true}]}}