{"id":2183,"date":"2019-10-22T08:34:55","date_gmt":"2019-10-22T08:34:55","guid":{"rendered":"https:\/\/womenbesttravel.com\/circuit-de-10-jours-au-maroc-de-casablanca-au-desert-du-sahara\/"},"modified":"2024-06-18T17:34:47","modified_gmt":"2024-06-18T17:34:47","slug":"circuit-de-10-jours-au-maroc-de-casablanca-au-desert-du-sahara","status":"publish","type":"page","link":"https:\/\/womenbesttravel.com\/fr\/circuit-de-10-jours-au-maroc-de-casablanca-au-desert-du-sahara\/","title":{"rendered":"Circuit de 10 jours au Maroc, de Casablanca au d\u00e9sert du Sahara"},"content":{"rendered":"<h1 style=\"text-align: center;\">Circuit de 10 jours au Maroc, de Casablanca au d\u00e9sert du Sahara<\/h1>\n<p>&nbsp;<\/p>\n<p class=\"mb-3 mt-3\">Ce voyage captivant de 10 jours au Maroc, de Casablanca au d\u00e9sert du Sahara, est une excellente introduction \u00e0 notre pays unique, il vous emm\u00e8ne \u00e0 travers quatre vieilles villes qui sont <strong>F\u00e8s<\/strong>, Marrakech, <strong>Rabat<\/strong> et <strong>Mekn\u00e8s<\/strong>, ce qui vous permettra de go\u00fbter \u00e0 l&rsquo;art et \u00e0 l&rsquo;histoire du Maroc. En outre, vous aurez l&rsquo;occasion de <strong>faire une randonn\u00e9e \u00e0 dos de chameau dans le d\u00e9sert du Sahara<\/strong>, ce qu&rsquo;il ne faut pas manquer dans la vie. Des lieux magnifiques \u00e0 visiter, des sites architecturaux \u00e0 voir et des exp\u00e9riences incroyables vous attendent dans nos circuits. Nous sommes en mesure de vous offrir des prix imbattables et une valeur in\u00e9gal\u00e9e.<\/p>\n<p><b>10 jours d&rsquo;excursion au Maroc, de Casablanca au d\u00e9sert du Sahara Itin\u00e9raire :<\/b><\/p>\n<h4>JOUR 1 : DE CASABLANCA &#8211; RABAT<\/h4>\n<p><span style=\"font-weight: 400;\">Apr\u00e8s le petit-d\u00e9jeuner \u00e0 l&rsquo;h\u00f4tel, nous commencerons \u00e0 explorer la capitale \u00e9conomique du Maroc et sa plus grande ville, Casablanca. <\/span><span style=\"font-weight: 400;\"> Situ\u00e9e au centre-ouest du pays, au bord de l&rsquo;oc\u00e9an Atlantique, nous ferons une courte visite de la splendide mosqu\u00e9e Hassan II : un point de rep\u00e8re \u00e9poustouflant de Casablanca avec le minaret le plus haut de 210 m\u00e8tres. De Casablanca \u00e0 Rabat, une visite de la Tour Hassan et du Mausol\u00e9e de Mohamed V est pr\u00e9vue. Il s&rsquo;agit d&rsquo;un complexe unique de l&rsquo;histoire royale marocaine, o\u00f9 le pass\u00e9 et l&rsquo;avenir du Maroc se rencontrent. Ensuite, visite du quartier fortifi\u00e9 de la Kasabah des Oudayas avec ses rues blanches et bleues et visite des jardins andalous.nuit \u00e0 Rabat.<\/span><br \/>\n<span style=\"font-weight: 400;\"><br \/>\n<em><strong>&#8211; H\u00e9bergement :<\/strong> Riad<\/em><br \/>\n<\/span><em><strong>&#8211; Activit\u00e9s incluses : <\/strong> <span style=\"font-weight: 400;\">Visite int\u00e9rieure de la Mosqu\u00e9e Hassan 2<br \/>\n<\/span> <span style=\"font-weight: 400;\">&#8211;<strong> Repas inclus :<\/strong> D\u00eener de bienvenue<\/span><\/em><\/p>\n<h4>JOUR 2 : RABAT &#8211; CHEFCHAOUEN<\/h4>\n<p><span style=\"font-weight: 400;\">Apr\u00e8s le petit-d\u00e9jeuner, nous traverserons les <\/span><span style=\"font-weight: 400;\">fascinants du Rif jusqu&rsquo;\u00e0 la perle bleue qu&rsquo;est Chefchaouen.<\/span><span style=\"font-weight: 400;\">Nous commencerons \u00e0 explorer cette belle ville bleue situ\u00e9e dans les montagnes du Rif, au sud de la c\u00f4te m\u00e9diterran\u00e9enne, dans le nord-ouest du Maroc. <\/span><span style=\"font-weight: 400;\"> au sud de la c\u00f4te m\u00e9diterran\u00e9enne, dans le nord-ouest du Maroc.<\/span><span style=\"font-weight: 400;\">. Nous visiterons d&rsquo;abord la kasbah de Chefchaouen, petite mais charmante. <\/span><span style=\"font-weight: 400;\">Le site de l&rsquo;\u00e9glise de la ville de Paris remonte aux XVe et XVIe si\u00e8cles apr\u00e8s J.-C, <\/span><span style=\"font-weight: 400;\">Le reste de la journ\u00e9e est consacr\u00e9 \u00e0 la d\u00e9couverte des sites, des sons et des odeurs de la m\u00e9dina, des boutiques de la place qui vendent des articles tiss\u00e9s et des petites douceurs, et surtout \u00e0 la d\u00e9gustation du c\u00e9l\u00e8bre fromage de ch\u00e8vre de la ville. Vous pouvez \u00e9galement sortir de la ville et faire une petite randonn\u00e9e dans les collines environnantes.<\/span><\/p>\n<p><em><span style=\"font-weight: 400;\"><strong>&#8211; H\u00e9bergement :<\/strong> Riad<br \/>\n<\/span><strong>&#8211; Activit\u00e9s incluses : <\/strong><span style=\"font-weight: 400;\">Rabat &#8211; Visite guid\u00e9e \u00e0 pied &#8211; Chella &#8211; Oudaya &#8211; Tour Hassan<br \/>\n<\/span><span style=\"font-weight: 400;\">&#8211;<strong> Repas inclus :<\/strong> Petit d\u00e9jeuner &#8211; D\u00eener<\/span><\/em><\/p>\n<h4>JOUR 3 : CHEFCHAOUEN &#8211; VOLUBILIS &#8211; FES<\/h4>\n<p><span style=\"font-weight: 400;\">La prochaine \u00e9tape sera le site VOLUBILIS, inscrit au patrimoine mondial de l&rsquo;humanit\u00e9.<\/span><span style=\"font-weight: 400;\">. Fond\u00e9e avant l&rsquo;\u00e8re chr\u00e9tienne, \u00e0 une \u00e9poque o\u00f9 la r\u00e9gion faisait partie de la Maur\u00e9tanie, Volubilis \u00e9tait consid\u00e9r\u00e9e comme le centre administratif du royaume de Maur\u00e9tanie et aussi comme l&rsquo;une des villes les plus \u00e9loign\u00e9es de l&rsquo;Empire romain, situ\u00e9e \u00e0 l&rsquo;extr\u00eame sud-ouest de la r\u00e9gion. <\/span><span style=\"font-weight: 400;\">la ville de Moulay Idriss Zerhoune qui donne un aper\u00e7u de la vie traditionnelle marocaine. <\/span><span style=\"font-weight: 400;\">Moulay Idriss Zerhoune qui donne un aper\u00e7u de la vie traditionnelle marocaine et arriv\u00e9e dans la soir\u00e9e \u00e0 F\u00e8s o\u00f9 vous passerez la nuit dans un riad authentique.<\/span><\/p>\n<p><em><span style=\"font-weight: 400;\"><strong>&#8211; H\u00e9bergement :<\/strong> Riad<br \/>\n<\/span><span style=\"font-weight: 400;\"><strong>&#8211; Activit\u00e9s incluses :<\/strong><\/span><span style=\"font-weight: 400;\">Visite guid\u00e9e \u00e0 pied de Volubilis<br \/>\n<\/span><span style=\"font-weight: 400;\">&#8211;<strong> Repas inclus :<\/strong> Petit d\u00e9jeuner<\/span><\/em><\/p>\n<h4>JOUR 4 : D\u00c9COUVERTE DE FES<\/h4>\n<p><span style=\"font-weight: 400;\"><img decoding=\"async\" class=\"aligncenter wp-image-1310 size-full\" src=\"https:\/\/womenbesttravel.com\/wp-content\/uploads\/2021\/11\/fes-morocco-tours-scaled.jpeg\" alt=\"Circuit de 10 jours au Maroc, de Casablanca au d\u00e9sert du Sahara\" width=\"2560\" height=\"1436\" srcset=\"https:\/\/womenbesttravel.com\/wp-content\/uploads\/2021\/11\/fes-morocco-tours-scaled.jpeg 2560w, https:\/\/womenbesttravel.com\/wp-content\/uploads\/2021\/11\/fes-morocco-tours-300x168.jpeg 300w, https:\/\/womenbesttravel.com\/wp-content\/uploads\/2021\/11\/fes-morocco-tours-1024x575.jpeg 1024w, https:\/\/womenbesttravel.com\/wp-content\/uploads\/2021\/11\/fes-morocco-tours-768x431.jpeg 768w, https:\/\/womenbesttravel.com\/wp-content\/uploads\/2021\/11\/fes-morocco-tours-1536x862.jpeg 1536w, https:\/\/womenbesttravel.com\/wp-content\/uploads\/2021\/11\/fes-morocco-tours-2048x1149.jpeg 2048w, https:\/\/womenbesttravel.com\/wp-content\/uploads\/2021\/11\/fes-morocco-tours-370x208.jpeg 370w, https:\/\/womenbesttravel.com\/wp-content\/uploads\/2021\/11\/fes-morocco-tours-570x320.jpeg 570w, https:\/\/womenbesttravel.com\/wp-content\/uploads\/2021\/11\/fes-morocco-tours-770x432.jpeg 770w, https:\/\/womenbesttravel.com\/wp-content\/uploads\/2021\/11\/fes-morocco-tours-1170x656.jpeg 1170w, https:\/\/womenbesttravel.com\/wp-content\/uploads\/2021\/11\/fes-morocco-tours-1034x580.jpeg 1034w\" sizes=\"(max-width: 2560px) 100vw, 2560px\" \/><\/span><\/p>\n<p><span style=\"font-weight: 400;\">Apr\u00e8s le petit-d\u00e9jeuner, vous ferez une visite touristique o\u00f9 vous pourrez <\/span><span style=\"font-weight: 400;\">Promenez-vous dans les rues entour\u00e9es de hauts murs et assistez \u00e0 la procession quotidienne des personnes en deuil qui entrent dans le tombeau du fondateur de F\u00e8s, Moulay Idriss II. la m\u00e9dina de F\u00e8s est <\/span><span style=\"font-weight: 400;\">Fond\u00e9e au IXe si\u00e8cle et abritant la plus ancienne universit\u00e9 du monde, qu&rsquo;est-ce qui fait d&rsquo;elle une ville d&rsquo;exception ? <\/span><span style=\"font-weight: 400;\">le c\u0153ur spirituel et culturel du Maroc. La journ\u00e9e est consacr\u00e9e \u00e0 l&rsquo;exploration de la vieille ville, avec la visite de la Mederassa Bou Inania, des tanneries et du splendide Funduk Nejjarine, une auberge du XVIIIe si\u00e8cle magnifiquement restaur\u00e9e. Retour \u00e0 l&rsquo;h\u00f4tel pour passer la nuit et d\u00e9guster un d\u00e9licieux d\u00eener marocain.<\/span><\/p>\n<p><em><strong>&#8211; Activit\u00e9s incluses : <\/strong><\/em><span style=\"font-weight: 400;\">Visite guid\u00e9e \u00e0 pied de F\u00e8s &#8211; <\/span><span style=\"font-weight: 400;\">Fondouk Nejjarine &#8211; <\/span><span style=\"font-weight: 400;\">Mederassa Bou Inania &#8211; <\/span><span style=\"font-weight: 400;\">Universit\u00e9 Alqarawyin<br \/>\n<\/span><span style=\"font-weight: 400;\"><em><strong>&#8211; Repas inclus :<\/strong><\/em> Petit d\u00e9jeuner<\/span><\/p>\n<h4>JOUR 5 : FES &#8211; MIDELT &#8211; VALL\u00c9E DU ZIZ &#8211; ERFOUD &#8211; MERZOUGA SAHARA<\/h4>\n<p><span style=\"font-weight: 400;\">Apr\u00e8s le petit d\u00e9jeuner, nous commencerons notre longue journ\u00e9e de route vers Merzouga en traversant les montagnes de l&rsquo;Atlas. En chemin, nous passerons par la ville la plus propre et la plus moderne du pays, Ifrane, avant d&rsquo;arriver \u00e0 Merzouga.<\/span><span style=\"font-weight: 400;\"> la lisi\u00e8re de la for\u00eat de c\u00e8dres jusqu&rsquo;\u00e0 Azrou, une ville situ\u00e9e sur une colline escarp\u00e9e, \u00e0 travers une vari\u00e9t\u00e9 de bois jusqu&rsquo;aux c\u00e9l\u00e8bres for\u00eats de c\u00e8dres habit\u00e9es par des singes de Barbarie en voie de disparition. D\u00e9jeuner dans un village berb\u00e8re <\/span><span style=\"font-weight: 400;\">avant de descendre les courbes et de rejoindre la zone pr\u00e9-saharienne en passant d&rsquo;abord par Errachidia et Erfoud<\/span> <span style=\"font-weight: 400;\">c\u00e9l\u00e8bre pour ses poteries et ses int\u00e9ressantes carri\u00e8res de fossiles<\/span><span style=\"font-weight: 400;\"> o\u00f9 l&rsquo;on sent le d\u00e9but de l&rsquo;oasis saharienne du Tafilalet. <\/span><span style=\"font-weight: 400;\">Depuis un vaste plateau, vous serez impressionn\u00e9s par l&rsquo;immense dune de sable de Merzouga qui appara\u00eet \u00e0 l&rsquo;horizon, <\/span> <span style=\"font-weight: 400;\"> Vous monterez \u00e0 dos de chameau pour explorer la myst\u00e9rieuse mer de sable de l&rsquo;Erg-Chebbi, l&rsquo;un des sites les plus fascinants que vous puissiez voir. passer la nuit dans un camp du d\u00e9sert berb\u00e8re et profiter des \u00e9toiles.<\/span><\/p>\n<p><em><span style=\"font-weight: 400;\"><strong>&#8211; H\u00e9bergement :<\/strong> Camp du d\u00e9sert<br \/>\n<\/span><span style=\"font-weight: 400;\"><strong>&#8211; Activit\u00e9s incluses :<\/strong> Rencontre avec les nomades &#8211; Randonn\u00e9e \u00e0 dos de chameau &#8211; Observation de la faune et de la flore<\/span><span style=\"font-weight: 400;\"><br \/>\n<\/span><span style=\"font-weight: 400;\">&#8211;<strong> Repas inclus :<\/strong> Petit-d\u00e9jeuner &#8211; D\u00eener<\/span><\/em><\/p>\n<h4>JOUR 6 : MERZOUGA &#8211; RISSANI &#8211; GORGES DE TODGHA &#8211; GORGES DU DADES<\/h4>\n<p><span style=\"font-weight: 400;\">De Merzouga, nous poursuivons notre voyage vers Rissani, qui fut la c\u00e9l\u00e8bre capitale du d\u00e9sert, Sijilmassa, entre le 14e et le 18e si\u00e8cle, o\u00f9 des fortunes en or et en esclaves \u00e9taient \u00e9chang\u00e9es par les caravanes qui traversaient le Sahel. Nous ferons une courte visite \u00e0 la Zawiya Moulay Ali ash-Sharif et nous aurons la possibilit\u00e9 d&rsquo;explorer le Souk (march\u00e9) et les Fondouks o\u00f9 les \u00e2nes se rassemblent. Nous traverserons ensuite la vall\u00e9e du Dad\u00e8s en direction des grands canyons marocains des gorges du Todgha, situ\u00e9s au-del\u00e0 des montagnes du Haut Atlas central. Ici, les paysages contrast\u00e9s rappellent au visiteur le Colorado, avec ses hauts plateaux. <\/span><span style=\"font-weight: 400;\">nous irons <\/span><span style=\"font-weight: 400;\">le long de la c\u00e9l\u00e8bre route des 1000 kasbahs, <\/span><span style=\"font-weight: 400;\">traversant la vall\u00e9e du Dad\u00e8s o\u00f9 nous visiterons <\/span> <span style=\"font-weight: 400;\">les gorges et la vall\u00e9e du Dad\u00e8s. puis nous nous rendons chez une famille berb\u00e8re pour le d\u00e9jeuner, le cours de cuisine, une promenade pour d\u00e9couvrir la vall\u00e9e et passer un peu de temps avec les Berb\u00e8res avant de nous rendre \u00e0 notre h\u00f4tel pr\u00e8s de la vall\u00e9e.<\/span><\/p>\n<p><em><span style=\"font-weight: 400;\">&#8211;<strong> H\u00e9bergement :<\/strong> Kasbah<br \/>\n<\/span><span style=\"font-weight: 400;\"><strong>&#8211; Activit\u00e9s incluses :<\/strong> Visite guid\u00e9e \u00e0 pied du Dad\u00e8s &#8211; Visite guid\u00e9e \u00e0 pied de la vall\u00e9e et des gorges &#8211; Coop\u00e9rative de tapis &#8211; Visite des canaux d&rsquo;irrigation souterrains &#8211; March\u00e9s d&rsquo;Errissani &#8211; *COURS DE CUISINE OPTIONNEL &#8211; D\u00e9jeuner des femmes BERBER &#8211; Henn\u00e9<\/span><span style=\"font-weight: 400;\"><br \/>\n<\/span><span style=\"font-weight: 400;\">&#8211;<strong> Repas inclus :<\/strong> Petit d\u00e9jeuner &#8211; D\u00eener<\/span><\/em><\/p>\n<p>Circuit dans le d\u00e9sert du Sahara au Maroc<\/p>\n<h4>JOUR 7 : GORGE DU DADES &#8211; AIT BENAHDDOU &#8211; MARRAKECH<\/h4>\n<p><span style=\"font-weight: 400;\"><a href=\"https:\/\/whc.unesco.org\/en\/list\/444\/\" target=\"_blank\" rel=\"noopener noreferrer\"><img decoding=\"async\" class=\"aligncenter wp-image-1311 size-full\" src=\"https:\/\/womenbesttravel.com\/wp-content\/uploads\/2021\/11\/ait-benhaddou-kasbah.jpeg\" alt=\"Circuit de 10 jours au Maroc, de Casablanca au d\u00e9sert du Sahara\" width=\"1920\" height=\"1078\" srcset=\"https:\/\/womenbesttravel.com\/wp-content\/uploads\/2021\/11\/ait-benhaddou-kasbah.jpeg 1920w, https:\/\/womenbesttravel.com\/wp-content\/uploads\/2021\/11\/ait-benhaddou-kasbah-300x168.jpeg 300w, https:\/\/womenbesttravel.com\/wp-content\/uploads\/2021\/11\/ait-benhaddou-kasbah-1024x575.jpeg 1024w, https:\/\/womenbesttravel.com\/wp-content\/uploads\/2021\/11\/ait-benhaddou-kasbah-768x431.jpeg 768w, https:\/\/womenbesttravel.com\/wp-content\/uploads\/2021\/11\/ait-benhaddou-kasbah-1536x862.jpeg 1536w, https:\/\/womenbesttravel.com\/wp-content\/uploads\/2021\/11\/ait-benhaddou-kasbah-370x208.jpeg 370w, https:\/\/womenbesttravel.com\/wp-content\/uploads\/2021\/11\/ait-benhaddou-kasbah-570x320.jpeg 570w, https:\/\/womenbesttravel.com\/wp-content\/uploads\/2021\/11\/ait-benhaddou-kasbah-770x432.jpeg 770w, https:\/\/womenbesttravel.com\/wp-content\/uploads\/2021\/11\/ait-benhaddou-kasbah-1170x657.jpeg 1170w, https:\/\/womenbesttravel.com\/wp-content\/uploads\/2021\/11\/ait-benhaddou-kasbah-1033x580.jpeg 1033w\" sizes=\"(max-width: 1920px) 100vw, 1920px\" \/><\/a><\/span><\/p>\n<p><span style=\"font-weight: 400;\">La <a href=\"https:\/\/whc.unesco.org\/en\/list\/444\/\" target=\"_blank\" rel=\"noopener noreferrer\">Kasbah d&rsquo;A\u00eft Benhaddou<\/a> est inscrite au patrimoine mondial de l&rsquo;UNESCO depuis 1987,<\/span><span style=\"font-weight: 400;\">cette brique rouge prot\u00e9g\u00e9e par l&rsquo;Unesco <\/span><i><span style=\"font-weight: 400;\">ksar<\/span><\/i><span style=\"font-weight: 400;\"> (village fortifi\u00e9) <\/span><span style=\"font-weight: 400;\">construit au 11\u00e8me si\u00e8cleet \u00e9tait autrefois <\/span><span style=\"font-weight: 400;\"> une \u00e9tape strat\u00e9gique pour les caravanes de chameaux, souvent par centaines, sur la route commerciale transsaharienne du Soudan \u00e0 Marrakech, transportant de l&rsquo;or, de l&rsquo;argent et des esclaves et revenant avec du sel. <\/span><span style=\"font-weight: 400;\">Nous nous arr\u00eaterons pour visiter la ville de Telouet et son ancienne Kasbah du 17\u00e8me si\u00e8cle, puis nous continuerons \u00e0 explorer la route de Tizin&rsquo;tichka, en particulier son grand paysage de villages berb\u00e8res. Nuit dans un riad local dans la m\u00e9dina de Marrakech.<\/span><\/p>\n<p><em><strong>&#8211; H\u00e9bergement :<\/strong><\/em> Riad<br \/>\n<em><strong>&#8211; Activit\u00e9s incluses :<\/strong><\/em> Visite de Skoura &#8211; Visite du mus\u00e9e du cin\u00e9ma &#8211; Visite des studios &#8211; Hammam traditionnel et massage en option &#8211; Temps libre pour explorer.<br \/>\n<strong><em>&#8211; Repas inclus :<\/em><\/strong> Petit d\u00e9jeuner<\/p>\n<h4>JOUR 8 : MARRAKECH, VISITE GUID\u00c9E DE LA VILLE<\/h4>\n<p><span style=\"font-weight: 400;\">Bienvenue \u00e0 Marrakech ou \u00ab\u00a0la ville rouge\u00a0\u00bb. <\/span><span style=\"font-weight: 400;\">situ\u00e9e pr\u00e8s des contreforts de la montagne enneig\u00e9e de l&rsquo;Atlas, \u00e0 Marrakech <\/span> <span style=\"font-weight: 400;\"> L&rsquo;Europe, l&rsquo;Afrique et le Moyen Orient se m\u00e9langent et se confondent car elle est compos\u00e9e de deux parties : la vieille ville appel\u00e9e \u00ab\u00a0m\u00e9dina\u00a0\u00bb o\u00f9 vous visiterez avec votre guide local les monuments int\u00e9ressants de la ville comme la \u00ab\u00a0mosqu\u00e9e Koutoubia\u00a0\u00bb, le \u00ab\u00a0palais de la Bahia\u00a0\u00bb et la c\u00e9l\u00e8bre place Jama lfna ; et la nouvelle ville moderne \u00ab\u00a0Gueliz\u00a0\u00bb <\/span><span style=\"font-weight: 400;\">construit pendant l&rsquo;occupation fran\u00e7aise.<\/span><\/p>\n<p><em><strong>&#8211; Activit\u00e9s incluses :<\/strong><\/em> Visite guid\u00e9e \u00e0 pied de Marrakech &#8211; <span style=\"font-weight: 400;\">Palais Bahia &#8211; <\/span><span style=\"font-weight: 400;\">Souks &#8211; <\/span><span style=\"font-weight: 400;\">Jamaa lfna &amp; Koutoubia<br \/>\n<\/span> &#8211;<span style=\"font-weight: 400;\"><strong><em> Repas inclus :<\/em><\/strong> Petit d\u00e9jeuner<\/span>.<\/p>\n<h4>JOUR 9 : EXCURSION D&rsquo;UNE JOURN\u00c9E \u00c0 ESSAOUIRA<\/h4>\n<p><span style=\"font-weight: 400;\">Essaouira, connue aussi sous le nom de Mogador, se trouve sur la c\u00f4te atlantique \u00e0 170 km de Marrakech. Profitez d&rsquo;une journ\u00e9e de d\u00e9tente dans cette belle ville de bord de mer o\u00f9 les activit\u00e9s ne manquent pas, y compris les sports nautiques tels que la planche \u00e0 voile et la planche \u00e0 neige. <\/span><span style=\"font-weight: 400;\">kitesurf et planche \u00e0 voile, exploration des march\u00e9s de p\u00eache pour les fruits de mer frais et des souks traditionnels de la petite m\u00e9dina d&rsquo;Essouira. <\/span><span style=\"font-weight: 400;\">Sur le chemin de Marrakech, il est possible de s&rsquo;arr\u00eater pour prendre des photos des ch\u00e8vres sur les arganiers le long de la route et de visiter la coop\u00e9rative d&rsquo;huile d&rsquo;argan biologique, qui est une forme d&rsquo;association sociale et organisationnelle qui donne aux visiteurs une grande chance d&rsquo;assister \u00e0 la fabrication des produits. Dans des salles orn\u00e9es d&rsquo;arganiers, les femmes utilisent des outils anciens pour presser \u00e0 la main l&rsquo;huile des amandons. il est int\u00e9ressant de voir le processus comme un mus\u00e9e en plein air<\/span><b>.<\/b><\/p>\n<p><span style=\"font-weight: 400;\"><em><strong>&#8211; H\u00e9bergement :<\/strong><\/em> Riad<br \/>\n<\/span><em><strong>&#8211; Activit\u00e9s incluses : <\/strong><\/em><span style=\"font-weight: 400;\">Visite de la coop\u00e9rative d&rsquo;arganiers <\/span><span style=\"font-weight: 400;\">Temps libre pour explorer Essaouira<br \/>\n<\/span><span style=\"font-weight: 400;\"><em><strong>&#8211; Repas inclus :<\/strong><\/em> Petit d\u00e9jeuner<\/span><\/p>\n<h4>JOUR 10 : CASABLANCA \/ TRANSFERT A L&rsquo;AEROPORT<\/h4>\n<p><b>Ce qui est inclus dans cette excursion de 10 jours au Maroc, de Casablanca au d\u00e9sert du Sahara<\/b><\/p>\n<p><strong><em>&#8211; Un v\u00e9hicule de mod\u00e8le r\u00e9cent tr\u00e8s confortable et climatis\u00e9<br \/>\n<\/em><\/strong><strong><em>&#8211; Carburant pour tout le voyage<br \/>\n&#8211; <\/em><\/strong><strong><em>Guides parlant anglais pendant la visite (vous pouvez sp\u00e9cifier d&rsquo;autres langues)<br \/>\n&#8211; <\/em><\/strong><strong><em>Visite int\u00e9rieure de la mosqu\u00e9e Hassan 2<br \/>\n&#8211; <\/em><\/strong><strong><em>Toutes les nuits dans une suite \u00e0 l&rsquo;h\u00f4tel<br \/>\n&#8211; <\/em><\/strong><strong><em>Randonn\u00e9e \u00e0 dos de chameau<br \/>\n&#8211; <\/em><\/strong><strong><em>Musique et animation berb\u00e8res<br \/>\n&#8211; <\/em><\/strong><strong><em>D\u00eeners et petits d\u00e9jeuners pendant le circuit (les v\u00e9g\u00e9tariens sont les bienvenus), voir l&rsquo;itin\u00e9raire pour les d\u00e9tails.<br \/>\n&#8211; <\/em><\/strong><strong><em>Petits d\u00e9jeuners quotidiens<br \/>\n&#8211; <\/em><\/strong><strong><em>Visite des villes de Marrakech, F\u00e8s, Rabat et Volubilis avec des guides locaux<br \/>\n&#8211; <\/em><\/strong><strong><em>Prise en charge et d\u00e9pose \u00e0 l&rsquo;h\u00f4tel ou \u00e0 l&rsquo;a\u00e9roport<br \/>\n&#8211; <\/em><\/strong><strong><em>Visite du mus\u00e9e de l&rsquo;Oasis<br \/>\n&#8211; <\/em><\/strong><strong><em>Visite d&rsquo;Essaouira<br \/>\n&#8211; <\/em><\/strong><strong><em>Trekking dans les montagnes de l&rsquo;Atlas<br \/>\n&#8211; <\/em><\/strong><strong><em>Exp\u00e9riences r\u00e9elles<\/em><\/strong><\/p>\n<p>\u00ab\u00a0<b>Ce qui n&rsquo;est pas inclus dans les circuits dans le d\u00e9sert du Sahara au Maroc<\/b><\/p>\n<p><strong><em>&#8211; Vols et assurance voyage<br \/>\n&#8211; Tous les d\u00e9jeuners &#8211; ( D\u00eeners, voir itin\u00e9raire)<br \/>\n&#8211; Boissons<br \/>\n&#8211; Pourboires et gratifications pour les guides et le chauffeur<br \/>\n&#8211; Extra, Monuments Entr\u00e9es<\/em><\/strong><\/p>\n<p>Lieux visit\u00e9s au Maroc circuits dans le d\u00e9sert du Sahara<\/p>\n<p><strong><em>&#8211; Rabat et Casablanca<br \/>\n&#8211; Chefchaouen<br \/>\n&#8211; M\u00e9dina de F\u00e8s<br \/>\n&#8211; Mekn\u00e8s<br \/>\n&#8211; Volubilis<br \/>\n&#8211; Col du Tizi n&rsquo;Tichka<br \/>\n&#8211; Kasbah d&rsquo;Ait Benhaddou<br \/>\n&#8211; Ouarzazate<br \/>\n&#8211; Gorges et vall\u00e9e du Dad\u00e8s et du Todra<br \/>\n&#8211; Vall\u00e9e des roses et vall\u00e9e du Ziz<br \/>\n&#8211; March\u00e9s traditionnels d&rsquo;Errissani<br \/>\n&#8211; Montagnes du Haut Atlas<br \/>\n&#8211; Villages berb\u00e8res<br \/>\n&#8211; D\u00e9sert du Sahara<br \/>\n&#8211; Oc\u00e9an Atlantique<\/em><\/strong><\/p>\n<p>Exp\u00e9riences de voyage dans le d\u00e9sert du Sahara au Maroc<\/p>\n<p><strong><em>&#8211; Culture et population marocaines, alimentation et histoire<br \/>\n&#8211; Culture berb\u00e8re<br \/>\n&#8211; Randonn\u00e9e \u00e0 dos de chameau<br \/>\n&#8211; Musique et animation berb\u00e8res<br \/>\n&#8211; Dormir dans un camp du d\u00e9sert<\/em><\/strong><\/p>\n<p>Circuit dans le d\u00e9sert du Sahara au Maroc<\/p>\n","protected":false},"excerpt":{"rendered":"<p>Circuit de 10 jours au Maroc, de Casablanca au d\u00e9sert du Sahara &nbsp; Ce voyage captivant de 10 jours au Maroc, de Casablanca au&#8230;<\/p>\n","protected":false},"author":1,"featured_media":1832,"parent":0,"menu_order":0,"comment_status":"closed","ping_status":"closed","template":"","meta":{"_exactmetrics_skip_tracking":false,"_exactmetrics_sitenote_active":false,"_exactmetrics_sitenote_note":"","_exactmetrics_sitenote_category":0,"_monsterinsights_skip_tracking":false,"_monsterinsights_sitenote_active":false,"_monsterinsights_sitenote_note":"","_monsterinsights_sitenote_category":0,"_joinchat":[],"footnotes":""},"class_list":["post-2183","page","type-page","status-publish","has-post-thumbnail","hentry","post-item","post-even"],"_links":{"self":[{"href":"https:\/\/womenbesttravel.com\/fr\/wp-json\/wp\/v2\/pages\/2183","targetHints":{"allow":["GET"]}}],"collection":[{"href":"https:\/\/womenbesttravel.com\/fr\/wp-json\/wp\/v2\/pages"}],"about":[{"href":"https:\/\/womenbesttravel.com\/fr\/wp-json\/wp\/v2\/types\/page"}],"author":[{"embeddable":true,"href":"https:\/\/womenbesttravel.com\/fr\/wp-json\/wp\/v2\/users\/1"}],"replies":[{"embeddable":true,"href":"https:\/\/womenbesttravel.com\/fr\/wp-json\/wp\/v2\/comments?post=2183"}],"version-history":[{"count":2,"href":"https:\/\/womenbesttravel.com\/fr\/wp-json\/wp\/v2\/pages\/2183\/revisions"}],"predecessor-version":[{"id":2419,"href":"https:\/\/womenbesttravel.com\/fr\/wp-json\/wp\/v2\/pages\/2183\/revisions\/2419"}],"wp:featuredmedia":[{"embeddable":true,"href":"https:\/\/womenbesttravel.com\/fr\/wp-json\/wp\/v2\/media\/1832"}],"wp:attachment":[{"href":"https:\/\/womenbesttravel.com\/fr\/wp-json\/wp\/v2\/media?parent=2183"}],"curies":[{"name":"wp","href":"https:\/\/api.w.org\/{rel}","templated":true}]}}