{"id":2184,"date":"2019-09-23T10:25:12","date_gmt":"2019-09-23T10:25:12","guid":{"rendered":"https:\/\/womenbesttravel.com\/women-best-travel-sahara-desert-best-private-adventure-travel-tours\/"},"modified":"2024-06-19T20:04:33","modified_gmt":"2024-06-19T20:04:33","slug":"women-best-travel-sahara-desert-best-private-adventure-travel-tours","status":"publish","type":"page","link":"https:\/\/womenbesttravel.com\/fr\/","title":{"rendered":"Planificateur de voyage au Maroc et blogueur"},"content":{"rendered":"<h2 style=\"text-align: center;\"><strong> Circuits priv\u00e9s au Maroc con\u00e7us sur mesure par des experts locaux <\/strong><\/h2>\n<p style=\"text-align: left;\">Les <strong>meilleurs circuits priv\u00e9s au Maroc<\/strong> pour tous les voyageurs qui r\u00eavent du Maroc. Rejoignez-nous pour ces <strong>aventures et exp\u00e9riences qui changent la vie<\/strong> et vous emm\u00e8nent vers les attractions les plus magiques du Maroc. Circuits familiaux au Maroc, circuits priv\u00e9s au Maroc et <strong>forfaits personnalis\u00e9s au Maroc <\/strong>.<\/p>\n<header class=\"entry-header\">\n<h2 class=\"entry-title\" style=\"text-align: center;\"><strong>Planifiez votre circuit personnalis\u00e9 au Maroc<\/strong><\/h2>\n<\/header>\n<div class=\"entry-content\">\n<p><strong>Visites priv\u00e9es sur mesure<\/strong> pour les couples voyageant seuls, les <strong>familles<\/strong>, les <strong>petits groupes<\/strong> ou les <strong>voyageurs ind\u00e9pendants<\/strong>.<\/p>\n<p>Nous d\u00e9couvrons vos centres d&rsquo;int\u00e9r\u00eat et cr\u00e9ons ensuite un itin\u00e9raire qui vous offrira un voyage inoubliable.<\/p>\n<p>Que vous pr\u00e9voyiez une escapade en famille, une lune de miel au Maroc ou que vous souhaitiez simplement voyager avec des amis, nous travaillerons avec vous pour planifier un circuit sur mesure, adapt\u00e9 \u00e0 vos besoins. Notre connaissance approfondie du Maroc nous permet de vous proposer des options adapt\u00e9es \u00e0 vos centres d&rsquo;int\u00e9r\u00eat.<\/p>\n<p>Il peut \u00eatre difficile de d\u00e9terminer ce qu&rsquo;il faut faire, ce qu&rsquo;il faut voir, o\u00f9 manger, o\u00f9 loger&#8230; avec toute la beaut\u00e9 du Maroc ! Laissez-nous nous en charger. Nous pouvons travailler ensemble pour comprendre ce qui ferait exactement votre circuit id\u00e9al. Il vous suffit de nous indiquer le nombre de participants \u00e0 votre voyage, le nombre de jours que vous souhaitez passer avec nous et les activit\u00e9s que vous aimez habituellement.<\/p>\n<p>Nous avons \u00e9galement des itin\u00e9raires de visites sur le pont que nous pouvons partager avec vous. De Marrakech \u00e0 F\u00e8s, ou pour un grand tour du Maroc, nous avons plusieurs exemples d&rsquo;itin\u00e9raires de circuits pr\u00e9c\u00e9dents que vous pouvez consulter.<\/p>\n<p>Quelle que soit votre d\u00e9cision, nous ferons en sorte que votre voyage se d\u00e9roule de la mani\u00e8re la plus harmonieuse possible. Votre chauffeur viendra vous chercher directement \u00e0 l&rsquo;a\u00e9roport ou \u00e0 votre riad, et vous escortera confortablement dans votre Land Cruiser priv\u00e9 et climatis\u00e9. Bien que votre itin\u00e9raire soit pr\u00e9par\u00e9, vous aurez la possibilit\u00e9 de vous arr\u00eater o\u00f9 vous le souhaitez pour voyager \u00e0 votre propre rythme.<\/p>\n<h2 style=\"text-align: center;\"><strong>Services personnalis\u00e9s<\/strong><\/h2>\n<p>Nous sommes tr\u00e8s fiers de notre tradition d&rsquo;attention personnalis\u00e9e \u00e0 l&rsquo;\u00e9gard de nos clients ; aucun effort n&rsquo;est \u00e9pargn\u00e9 pour assurer votre s\u00e9curit\u00e9 et votre plaisir. Parce que nous tenons \u00e0 notre r\u00e9putation d&rsquo;excellence, chacun de nos clients est important pour nous. Nous accordons une attention particuli\u00e8re aux d\u00e9tails, qui sont trop souvent absents des circuits organis\u00e9s au Maroc.<\/p>\n<p>&nbsp;<\/p>\n<\/div>\n<h2 style=\"text-align: center;\"><strong>Trekking et randonn\u00e9e au Maroc<\/strong><\/h2>\n<p>Le Maroc est un pays aux paysages vari\u00e9s, comprenant des destinations de randonn\u00e9e exceptionnelles qui offrent \u00e0 la fois des paysages magnifiques et un aper\u00e7u de la richesse de l&rsquo;histoire et de la culture locales.<\/p>\n<p>Au-del\u00e0 de ses villes historiques et de sa cuisine unique et d\u00e9lectable, le Maroc poss\u00e8de quelques-uns des meilleurs sites de randonn\u00e9e o\u00f9 vous pourrez admirer des c\u00f4tes rocheuses spectaculaires, des montagnes enneig\u00e9es, des vall\u00e9es verdoyantes et de magnifiques paysages naturels.<\/p>\n<h2 style=\"text-align: center;\"><strong>Treks dans le d\u00e9sert du Sahara<\/strong><\/h2>\n<p>Si vous r\u00eavez de voyager dans le d\u00e9sert, d&rsquo;harmonie, d&rsquo;\u00e9couter le son du silence, de la beaut\u00e9 et de la spiritualit\u00e9 d&rsquo;une nature pr\u00e9serv\u00e9e et authentique et de la culture nomade du d\u00e9sert. Le trekking dans le d\u00e9sert offre une v\u00e9ritable sensation d&rsquo;espace et d&rsquo;\u00e9loignement, surtout lorsqu&rsquo;on l&rsquo;observe depuis le sommet des vastes champs de dunes. Nos programmes de trekking et de randonn\u00e9e durent \u00e0 partir de 3 jours.<\/p>\n<p>&nbsp;<\/p>\n<div class=\"grid\">\n<div class=\"grid-item\">\n<div class=\"grid-image\"><img decoding=\"async\" src=\"\/wp-content\/uploads\/2019\/11\/fabio-santaniello-bruun-rvMVeSZHZk-unsplash.jpg\" \/><\/div>\n<div class=\"grid-description\"><\/div>\n<div class=\"grid-title\">\n<p style=\"text-align: left;\"><span style=\"color: #ff6600;\"><strong>Circuit de 7 jours de Casablanca au d\u00e9sert du Sahara<\/strong><\/span><\/p>\n<\/div>\n<\/div>\n<div class=\"grid-item\">\n<div class=\"grid-image\"><img decoding=\"async\" src=\"https:\/\/womenbesttravel.com\/wp-content\/uploads\/2021\/11\/10-DAYS-TOURS-FROM-TANGIER-TO-MARRAKECH-scaled.jpeg\" \/><\/div>\n<div class=\"grid-title\"><b> <span style=\"color: #ff6600;\">Itin\u00e9raire de 10 jours de Tanger \u00e0 Marrakech dans le d\u00e9sert<\/span><\/b><\/div>\n<div class=\"grid-description\"><\/div>\n<\/div>\n<div class=\"grid-item\">\n<div class=\"grid-image\"><img decoding=\"async\" src=\"https:\/\/womenbesttravel.com\/wp-content\/uploads\/2019\/12\/MARRAKECH-TO-ERG-CHEGAGA-DUNES-4-DAYS-TOURS.jpg\" \/><\/div>\n<div class=\"grid-title\">\n<p><span style=\"color: #ff6600;\"><strong>4 jours de Casablanca \u00e0 Marrakech via F\u00e8s et le d\u00e9sert du Sahara<\/strong><\/span><\/p>\n<\/div>\n<div class=\"grid-description\"><\/div>\n<\/div>\n<div class=\"grid-item\">\n<div class=\"grid-image\"><img decoding=\"async\" src=\"\/wp-content\/uploads\/2019\/12\/DESERT-IMPERIAL-MOROCCO-TOUR-10-DAYS.jpg\" \/><\/div>\n<p><strong><span style=\"color: #ff6600;\">Circuit de 10 jours au Maroc, de Casablanca au d\u00e9sert du Sahara<\/span><\/strong><\/p>\n<div class=\"grid-description\"><\/div>\n<\/div>\n<div class=\"grid-item\">\n<div class=\"grid-image\"><img decoding=\"async\" src=\"\/wp-content\/uploads\/2019\/12\/kyriacos-georgiou-CMmgfHQiYsc-unsplash-scaled.jpg\" \/><\/div>\n<div class=\"grid-title\"><strong><span style=\"color: #ff6600;\">15 JOURS DE VOYAGE AU MAROC<\/span><\/strong><\/div>\n<div class=\"grid-description\"><\/div>\n<\/div>\n<div class=\"grid-item\">\n<div class=\"grid-image\"><img decoding=\"async\" src=\"https:\/\/womenbesttravel.com\/wp-content\/uploads\/2020\/06\/Untitled-design-1n.png\" \/><\/div>\n<div class=\"grid-title\"><span style=\"color: #ff6600;\"><strong>Circuit de 8 jours de Casablanca au d\u00e9sert de Merzouga, F\u00e8s et Marrakech<\/strong><\/span><\/div>\n<\/div>\n<div><\/div>\n<\/div>\n<p>&nbsp;<\/p>\n<div class=\"grid\">\n<div class=\"grid-item\">\n<div class=\"grid-image\"><img decoding=\"async\" src=\"https:\/\/womenbesttravel.com\/wp-content\/uploads\/2020\/02\/chegaga-scaled.jpg\" \/><\/div>\n<div class=\"grid-description\"><\/div>\n<div class=\"grid-title\">\n<p><strong><span style=\"color: #ff6600;\">4 jours d&rsquo;excursion dans le d\u00e9sert <span style=\"color: #ff6600;\">a partir<\/span> de Marrakech jusqu&rsquo;\u00e0 F\u00e8s<\/span><\/strong><\/p>\n<\/div>\n<\/div>\n<div class=\"grid-item\">\n<div class=\"grid-image\"><img decoding=\"async\" class=\"alignnone\" title=\"CIRCUITS AU D\u00c9PART DE MARRAKECH \" src=\"https:\/\/womenbesttravel.com\/wp-content\/uploads\/2020\/02\/danny-lau-BGeyIvIIHSw-unsplash-scaled.jpg\" alt=\"CIRCUITS AU D\u00c9PART DE MARRAKECH \" width=\"1536\" height=\"2048\" \/><\/div>\n<div class=\"grid-title\">\n<p><strong><span style=\"color: #ff6600;\">3 jours de Marrakech \u00e0 F\u00e8s dans le d\u00e9sert <\/span><\/strong><\/p>\n<\/div>\n<div class=\"grid-description\"><\/div>\n<\/div>\n<div class=\"grid-item\">\n<div class=\"grid-image\"><img decoding=\"async\" src=\"https:\/\/womenbesttravel.com\/wp-content\/uploads\/2019\/12\/MARRAKECH-TO-ERG-CHEGAGA-DUNES-4-DAYS-TOURS.jpg\" \/><\/div>\n<div class=\"grid-title\"><span style=\"color: #ff6600;\"><strong>CIRCUITS DE MARRAKECH AUX DUNES D&rsquo;ERG CHEGAGA 4 JOURS<\/strong><\/span><\/div>\n<div class=\"grid-description\"><\/div>\n<\/div>\n<div class=\"grid-item\">\n<div class=\"grid-image\"><img decoding=\"async\" class=\"alignnone\" title=\"CIRCUITS AU D\u00c9PART DE MARRAKECH \" src=\"https:\/\/womenbesttravel.com\/wp-content\/uploads\/2020\/02\/danny-lau-BGeyIvIIHSw-unsplash-scaled.jpg\" alt=\"CIRCUITS AU D\u00c9PART DE MARRAKECH \" width=\"1365\" height=\"2048\" \/><\/div>\n<div class=\"grid-title\">\n<p><strong><span style=\"color: #ff6600;\">4 jours d&rsquo;excursion dans le d\u00e9sert de Marrakech \u00e0 Merzouga <\/span><\/strong><\/p>\n<\/div>\n<div class=\"grid-description\"><\/div>\n<\/div>\n<div class=\"grid-item\">\n<div class=\"grid-image\"><img decoding=\"async\" class=\"alignnone\" title=\"CIRCUITS AU D\u00c9PART DE MARRAKECH \" src=\"\/wp-content\/uploads\/2019\/12\/kyriacos-georgiou-CMmgfHQiYsc-unsplash-scaled.jpg\" alt=\"CIRCUITS AU D\u00c9PART DE MARRAKECH \" width=\"2560\" height=\"1920\" \/><\/div>\n<div class=\"grid-title\"><span style=\"color: #ff6600;\"><strong>15 JOURS DE VOYAGE AU MAROC<\/strong><\/span><\/div>\n<div class=\"grid-description\"><\/div>\n<\/div>\n<div class=\"grid-item\">\n<div class=\"grid-image\"><img decoding=\"async\" src=\"https:\/\/womenbesttravel.com\/wp-content\/uploads\/2021\/11\/sahara-desert-morocco-scaled.jpeg\" \/><\/div>\n<p class=\"entry-title\"><span style=\"color: #ff6600;\"><strong>3 jours d&rsquo;excursion dans le d\u00e9sert de Marrakech \u00e0 Merzouga <\/strong><\/span><\/p>\n<\/div>\n<\/div>\n<div><\/div>\n<div><\/div>\n<div><\/div>\n<div><\/div>\n<div><\/div>\n<div><\/div>\n<div><\/div>\n<div><\/div>\n<div>\n<div class=\"row\">\n<div class=\"lnt-full-width-wrapper\">\n<div class=\"entry-content\">\n<div class=\"grid\"><\/div>\n<\/div>\n<\/div>\n<\/div>\n<\/div>\n","protected":false},"excerpt":{"rendered":"<p>Circuits priv\u00e9s au Maroc con\u00e7us sur mesure par des experts locaux Les meilleurs circuits priv\u00e9s au Maroc pour tous les voyageurs qui r\u00eavent du&#8230;<\/p>\n","protected":false},"author":1,"featured_media":1827,"parent":0,"menu_order":0,"comment_status":"closed","ping_status":"closed","template":"","meta":{"_exactmetrics_skip_tracking":false,"_exactmetrics_sitenote_active":false,"_exactmetrics_sitenote_note":"","_exactmetrics_sitenote_category":0,"_monsterinsights_skip_tracking":false,"_monsterinsights_sitenote_active":false,"_monsterinsights_sitenote_note":"","_monsterinsights_sitenote_category":0,"_joinchat":{"telephone":"+212665164076"},"footnotes":""},"class_list":["post-2184","page","type-page","status-publish","has-post-thumbnail","hentry","post-item","post-even"],"_links":{"self":[{"href":"https:\/\/womenbesttravel.com\/fr\/wp-json\/wp\/v2\/pages\/2184","targetHints":{"allow":["GET"]}}],"collection":[{"href":"https:\/\/womenbesttravel.com\/fr\/wp-json\/wp\/v2\/pages"}],"about":[{"href":"https:\/\/womenbesttravel.com\/fr\/wp-json\/wp\/v2\/types\/page"}],"author":[{"embeddable":true,"href":"https:\/\/womenbesttravel.com\/fr\/wp-json\/wp\/v2\/users\/1"}],"replies":[{"embeddable":true,"href":"https:\/\/womenbesttravel.com\/fr\/wp-json\/wp\/v2\/comments?post=2184"}],"version-history":[{"count":4,"href":"https:\/\/womenbesttravel.com\/fr\/wp-json\/wp\/v2\/pages\/2184\/revisions"}],"predecessor-version":[{"id":2470,"href":"https:\/\/womenbesttravel.com\/fr\/wp-json\/wp\/v2\/pages\/2184\/revisions\/2470"}],"wp:featuredmedia":[{"embeddable":true,"href":"https:\/\/womenbesttravel.com\/fr\/wp-json\/wp\/v2\/media\/1827"}],"wp:attachment":[{"href":"https:\/\/womenbesttravel.com\/fr\/wp-json\/wp\/v2\/media?parent=2184"}],"curies":[{"name":"wp","href":"https:\/\/api.w.org\/{rel}","templated":true}]}}