{"id":2188,"date":"2020-06-02T21:02:40","date_gmt":"2020-06-02T21:02:40","guid":{"rendered":"https:\/\/womenbesttravel.com\/4-days-from-casablanca-to-marrakech-via-fes-and-sahara-desert-2\/"},"modified":"2023-09-29T16:36:17","modified_gmt":"2023-09-29T16:36:17","slug":"4-days-from-casablanca-to-marrakech-via-fes-and-sahara-desert","status":"publish","type":"page","link":"https:\/\/womenbesttravel.com\/fr\/4-days-from-casablanca-to-marrakech-via-fes-and-sahara-desert\/","title":{"rendered":"4 jours de Casablanca \u00e0 Marrakech via F\u00e8s et le d\u00e9sert du Sahara"},"content":{"rendered":"<h1 style=\"text-align: center;\">4 jours de Casablanca \u00e0 Marrakech via F\u00e8s et le d\u00e9sert du Sahara<\/h1>\n<p>&nbsp;<\/p>\n<p><strong>4 jours de Casablanca \u00e0 Marrakech via F\u00e8s et le d\u00e9sert du Sahara <\/strong><\/p>\n<p>Ce circuit de 4 jours vous permettra de visiter le meilleur du Maroc, notamment ses 4 villes imp\u00e9riales : Rabat, F\u00e8s et Marrakech. Les monuments historiques des nombreuses dynasties qui y ont construit des joyaux architecturaux (palais, \u00e9coles coraniques, jardins, grandes murailles, et belles portes&#8230;). En chemin, vous passerez par le d\u00e9sert du Sahara \u00e0 Merzouga pour une aventure unique de randonn\u00e9e \u00e0 dos de chameau dans les dunes dor\u00e9es, o\u00f9 vous assisterez \u00e0 des couchers et levers de soleil \u00e9poustouflants sur les dunes du Sahara.<\/p>\n<p><b>JOUR &#8211; 1 : CASABLANCA &#8211; RABAT &#8211; FES<\/b><\/p>\n<p>Apr\u00e8s le petit-d\u00e9jeuner, nous nous rendrons \u00e0 une heure de route de Casablanca \u00e0 la capitale Rabat. Une visite guid\u00e9e est pr\u00e9vue, commen\u00e7ant par Chella, une ruine de ville fortifi\u00e9e qui se trouve \u00e0 quelques pas de l&rsquo;actuelle m\u00e9dina de <span style=\"color: #ff6600;\"><a style=\"color: #ff6600;\" href=\"http:\/\/womenbesttravel.com\/\"><b>Rabat<\/b><\/a>,<\/span> au sud de la Ville Nouvelle. Class\u00e9e au patrimoine mondial de l&rsquo;humanit\u00e9 en 2012, la kasbah des Oudayas, situ\u00e9e \u00e0 l&#8217;embouchure de la rivi\u00e8re Bouregrag, avec ses jardins andalous, ses murs bleus et ses ruelles fleuries, continue d&rsquo;\u00eatre explor\u00e9e \u00e0 pied.<\/p>\n<p>Apr\u00e8s Rabat, nous nous rendons \u00e0 F\u00e8s et visitons la ville de F\u00e8s, nous visitons les principaux points forts de la vieille ville avec un guide local certifi\u00e9. Nuit dans un riad \u00e0 F\u00e8s.<\/p>\n<p>H\u00e9bergement : Riad (1 nuit)<\/p>\n<p>Activit\u00e9s : Rabat \/ Chella, Oudaya, Tour Hassan<\/p>\n<p>Visite guid\u00e9e de F\u00e8s<\/p>\n<p>Repas inclus : Petit d\u00e9jeuner<\/p>\n<p>&nbsp;<\/p>\n<p><b>JOUR &#8211; 2 : FES &#8211; MIDELT &#8211; VALL\u00c9E DU ZIZ &#8211; ERFOUD &#8211; MERZOUGA<\/b><\/p>\n<p>Apr\u00e8s le petit-d\u00e9jeuner, nous nous rendrons \u00e0 Midelt o\u00f9 nous d\u00e9jeunerons en passant par la petite ville d&rsquo;Ifrane, la ville la plus propre et la plus moderne du Maroc. Elle a \u00e9t\u00e9 construite en 1929 par les Fran\u00e7ais qui ont essay\u00e9 de recr\u00e9er une station de style alpin, comme lieu de vill\u00e9giature pour les administrateurs fran\u00e7ais et comme r\u00e9pit contre la chaleur f\u00e9roce de l&rsquo;\u00e9t\u00e9 marocain. Ce nom berb\u00e8re d&rsquo;Ifran signifie grottes et est surnomm\u00e9 \u00ab\u00a0la Suisse marocaine\u00a0\u00bb. Elle est \u00e9galement connue pour l&rsquo;Universit\u00e9 Al-Akhawayn (1995), un \u00e9tablissement priv\u00e9 d&rsquo;enseignement sup\u00e9rieur calqu\u00e9 sur le syst\u00e8me universitaire am\u00e9ricain.<\/p>\n<p>Apr\u00e8s le d\u00e9jeuner \u00e0 Midelt, nous continuons \u00e0 rouler \u00e0 travers des paysages offrant de superbes vues sur les montagnes, s&rsquo;\u00e9levant derri\u00e8re la ville jusqu&rsquo;\u00e0 une cha\u00eene massive, le Jebel Ayachi, \u00e0 plus de 3700 m, atteignant la zone pr\u00e9-saharienne en passant d&rsquo;abord par Errachidia. Nous nous arr\u00eaterons dans la vall\u00e9e de Ziz pour prendre des photos. C&rsquo;est ici que commencent les riches palmeraies non touristiques. Nous nous arr\u00eaterons ensuite \u00e0 Erfoud, la capitale des fossiles datant de centaines de millions d&rsquo;ann\u00e9es, la ville qui accueille chaque troisi\u00e8me semaine d&rsquo;octobre le festival des dattes qui propose des expositions et des spectacles. Selon le temps disponible, nous pouvons visiter le mausol\u00e9e du chef Moulay Ali \u00e0 Rissani, d&rsquo;o\u00f9 est originaire le fondateur de la dynastie alaouite. Juste apr\u00e8s, nous continuons vers Merzouga juste avant le coucher du soleil pour passer la nuit dans la tente berb\u00e8re au milieu des dunes les plus spectaculaires du Maroc, Erg Chebi, profiter de la musique, danser autour du feu&#8230; d\u00eener au campement.<\/p>\n<p>H\u00e9bergement : Camp du d\u00e9sert<\/p>\n<p>Activit\u00e9s<\/p>\n<p>Photographie, observation de la faune (singes de Barbarie), randonn\u00e9e \u00e0 dos de chameau, campement dans le d\u00e9sert.<\/p>\n<p>Repas inclus : Petit d\u00e9jeuner \/ D\u00eener<\/p>\n<p>&nbsp;<\/p>\n<p><b>JOUR 3- MERZOUGA &#8211; GORGE DE TODRA &#8211; GORGE DU DADES <\/b><\/p>\n<p>R\u00e9veil matinal pour un lever de soleil inoubliable sur les hautes dunes du d\u00e9sert. Apr\u00e8s avoir profit\u00e9 de ces moments privil\u00e9gi\u00e9s, il est temps de prendre un petit d\u00e9jeuner et une douche au camp et de se pr\u00e9parer \u00e0 poursuivre notre aventure en conduisant de Merzouga vers les gorges les plus spectaculaires du Maroc : Les gorges de Todra qui mesurent seulement 33 pieds de large, mais les falaises sont plus de 500 pieds de haut de chaque c\u00f4t\u00e9 o\u00f9 vous pouvez marcher et explorer les traditions et le mode de vie de la famille berb\u00e8re de cette ville connue pour la fabrication de tapis marocains, Apr\u00e8s le d\u00e9jeuner, nous nous dirigeons vers la vall\u00e9e du Dad\u00e8s. Nuit et d\u00eener \u00e0 l&rsquo;h\u00f4tel.<\/p>\n<p>H\u00e9bergement : H\u00f4tel<\/p>\n<p>Activit\u00e9s incluses<\/p>\n<p>Photographie, marche, Carpets Co-operative<\/p>\n<p>Repas inclus : Petit d\u00e9jeuner \/ D\u00eener<\/p>\n<p>&nbsp;<\/p>\n<p><b>JOUR &#8211; 4 : VALL\u00c9E DU DADES &#8211; OUARZAZATE &#8211; AIT BENHADDOU &#8211; MARRAKECH<\/b><\/p>\n<p>Apr\u00e8s le petit-d\u00e9jeuner, nous commencerons notre journ\u00e9e en visitant les magnifiques formations rocheuses des gorges du Dad\u00e8s. Ensuite, vous longerez la vall\u00e9e des roses jusqu&rsquo;\u00e0 Kalaa M&rsquo;gouna ou la ville des roses, car il fait froid. Le moment id\u00e9al pour visiter cette ville est \u00e0 la fin du printemps, car elle est couverte de roses. La prochaine \u00e9tape sera Ouarzazate, \u00e9galement connue sous le nom de Hollywood de l&rsquo;Afrique, dont le studio de cin\u00e9ma a \u00e9t\u00e9 le lieu de tournage de nombreux grands films am\u00e9ricains tels que <i>Lawrence d&rsquo;Arabie<\/i> (1962), <i>L&rsquo;homme qui serait roi<\/i> (1975), <i>Les feux de la rampe<\/i> (1987), <i>La derni\u00e8re tentation du Christ<\/i> (1988), <i>La momie<\/i> (1999), <i>Gladiator<\/i> (2000), <i>Le Royaume des cieux<\/i> (2005), <i>Kundun<\/i> (1997), <i>Legionnaire<\/i> (1998), <i>Hanna<\/i> (2011), <i>The Hills Have Eyes (2006)<\/i> et <i>Salmon Fishing in the Yemen<\/i> (2011) ont \u00e9t\u00e9 tourn\u00e9s ici, tout comme une partie de la s\u00e9rie t\u00e9l\u00e9vis\u00e9e <i>Game of Thrones<\/i>. Nous visiterons ensuite la Kasbah Ait Benhaddou, un ancien palais class\u00e9 au patrimoine mondial de l&rsquo;UNESCO, o\u00f9 nous d\u00e9jeunerons avant de reprendre la route vers Marrakech en passant par les magnifiques paysages des villages berb\u00e8res et des montagnes de l&rsquo;Atlas. Nuit \u00e0 Marrakech<\/p>\n<p>H\u00e9bergement : Aucun<\/p>\n<p>Activit\u00e9s : Visite d&rsquo;un studio de cin\u00e9ma<\/p>\n<p>Visite de la Kasbah d&rsquo;Ait benhaddou<\/p>\n<p>Repas inclus : Petit d\u00e9jeuner<\/p>\n","protected":false},"excerpt":{"rendered":"<p>4 jours de Casablanca \u00e0 Marrakech via F\u00e8s et le d\u00e9sert du Sahara &nbsp; 4 jours de Casablanca \u00e0 Marrakech via F\u00e8s et le&#8230;<\/p>\n","protected":false},"author":1,"featured_media":1903,"parent":0,"menu_order":0,"comment_status":"closed","ping_status":"closed","template":"","meta":{"_exactmetrics_skip_tracking":false,"_exactmetrics_sitenote_active":false,"_exactmetrics_sitenote_note":"","_exactmetrics_sitenote_category":0,"_monsterinsights_skip_tracking":false,"_monsterinsights_sitenote_active":false,"_monsterinsights_sitenote_note":"","_monsterinsights_sitenote_category":0,"_joinchat":[],"footnotes":""},"class_list":["post-2188","page","type-page","status-publish","has-post-thumbnail","hentry","post-item","post-even"],"_links":{"self":[{"href":"https:\/\/womenbesttravel.com\/fr\/wp-json\/wp\/v2\/pages\/2188","targetHints":{"allow":["GET"]}}],"collection":[{"href":"https:\/\/womenbesttravel.com\/fr\/wp-json\/wp\/v2\/pages"}],"about":[{"href":"https:\/\/womenbesttravel.com\/fr\/wp-json\/wp\/v2\/types\/page"}],"author":[{"embeddable":true,"href":"https:\/\/womenbesttravel.com\/fr\/wp-json\/wp\/v2\/users\/1"}],"replies":[{"embeddable":true,"href":"https:\/\/womenbesttravel.com\/fr\/wp-json\/wp\/v2\/comments?post=2188"}],"version-history":[{"count":0,"href":"https:\/\/womenbesttravel.com\/fr\/wp-json\/wp\/v2\/pages\/2188\/revisions"}],"wp:featuredmedia":[{"embeddable":true,"href":"https:\/\/womenbesttravel.com\/fr\/wp-json\/wp\/v2\/media\/1903"}],"wp:attachment":[{"href":"https:\/\/womenbesttravel.com\/fr\/wp-json\/wp\/v2\/media?parent=2188"}],"curies":[{"name":"wp","href":"https:\/\/api.w.org\/{rel}","templated":true}]}}