{"id":2192,"date":"2019-10-22T08:36:17","date_gmt":"2019-10-22T08:36:17","guid":{"rendered":"https:\/\/womenbesttravel.com\/marrakech-to-erg-chegaga-dunes-4-days-tours-2\/"},"modified":"2023-09-29T16:44:58","modified_gmt":"2023-09-29T16:44:58","slug":"marrakech-to-erg-chegaga-dunes-4-days-tours-2","status":"publish","type":"page","link":"https:\/\/womenbesttravel.com\/fr\/marrakech-to-erg-chegaga-dunes-4-days-tours-2\/","title":{"rendered":"Marrakech To Erg Chegaga Dunes 4 Days Tours"},"content":{"rendered":"<p>&nbsp;<\/p>\n<h1 style=\"text-align: center; color: #ffffff;\"><span style=\"color: #000000;\">MARRAKECH TO ERG CHEGAGA DUNES <\/span><span style=\"color: #000000;\">TOUR<\/span><\/h1>\n<h1 style=\"text-align: center; color: #ffffff;\"><span style=\"color: #000000;\">4 DAYS <\/span><\/h1>\n<p>&nbsp;<\/p>\n<h4><b>Day 1- <strong>Marrakech \u2013 High Atlas \u2013 Ouarzazate \u2013 Agdez<\/strong><\/b><\/h4>\n<p>your <strong><span style=\"color: #000000;\">MARRAKECH TO ERG CHEGAGA DUNES 4 DAYS TOURS <\/span><\/strong>departs from Marrakech, after breakfast at your Hotel\/Riad you will be welcomed by your tour guide and start the drive day heading for the southern Morocco enjoying the fascinating presence of superb and scattered Berber villages, crossing the High Atlas Mountains <span style=\"font-weight: 400;\">via the Tizi n&rsquo;Tichka (2260m)<\/span><span style=\"font-weight: 400;\"> to reach ouarzazate where we will have lunch in a local restaurant and visit the famous kasbah of ait benhaddou that<\/span><span style=\"font-weight: 400;\"> has served as a natural scenery for many movies producers including<\/span><span style=\"font-weight: 400;\"> Gladiator, Game of thrones, prices of Persia. Then we continue driving throught the <\/span>Vall\u00e9e du Draa ; 1052Km et les plus grandes oasis de palmiers. Arriv\u00e9e \u00e0 Agdez et Tamnougalt o\u00f9 vous passerez la premi\u00e8re nuit de votre voyage dans le d\u00e9sert de Marrakech. <a href=\"http:\/\/womenbesttravel.com\"><span style=\"color: #ff6600;\"><strong>circuit dans le d\u00e9sert de Marrakech<\/strong><\/span><\/a> dans le d\u00e9sert.<\/p>\n<p>&nbsp;<\/p>\n<h4><strong>Jour 2 : Agdez &#8211; Zagora -Tamegroute &#8211; Mhamid &#8211; Dunes de Chigaga<\/strong><\/h4>\n<p>Apr\u00e8s le petit d\u00e9jeuner, nous continuons \u00e0 rouler dans la vall\u00e9e du Draa avant de passer par Zagora o\u00f9 l&rsquo;on peut encore voir les vestiges d&rsquo;une forteresse almoravide. <span style=\"font-weight: 400;\">nous nous dirigerons vers tamegrout o\u00f9 nous visiterons les<\/span> <span style=\"font-weight: 400;\">Zawiya Nassiriyya et l&rsquo;ancienne biblioth\u00e8que koranik et arriv\u00e9e au village saharien de Mhamid, le dernier village avant le d\u00e9sert du Sahara o\u00f9 nous nous arr\u00eaterons pour le d\u00e9jeuner et prendrons la piste hors route vers Erg chegaga. <\/span>o\u00f9 vous  <span style=\"font-weight: 400;\"> Vous monterez \u00e0 dos de chameau dans le d\u00e9sert et profiterez de l&rsquo;un des couchers de soleil les plus magiques sur les sables aux couleurs changeantes, <\/span>et profiter d&rsquo;une vue imprenable sur les \u00e9toiles.<span style=\"font-weight: 400;\"> Nuit au Sahara Desert Camp dans les dunes du d\u00e9sert de Chegaga <\/span><\/p>\n<h4><strong>Jour 3 : Dunes de Chigaga &#8211; Lac Iriki &#8211; Foumzguid &#8211; Tazenakht &#8211; Ait Benhaddou<\/strong><\/h4>\n<p><span style=\"font-weight: 400;\">D\u00e9part matinal pour profiter du lever de soleil sur les dunes du d\u00e9sert du Sahara, avant de prendre notre petit-d\u00e9jeuner. Nous prendrons ensuite la route pour une merveilleuse journ\u00e9e de conduite en suivant l&rsquo;ancienne route Paris-Dakar jusqu&rsquo;\u00e0 Foumzguide, en traversant le lac Iraqi.<\/span><span style=\"font-weight: 400;\"> D\u00e9jeuner au village de Tazenakht, c\u00e9l\u00e8bre pour ses tapis berb\u00e8res et poursuite de la route vers Aitbanhaddou, site class\u00e9 au patrimoine mondial de l&rsquo;UNESCO, o\u00f9 vous passerez la nuit dans un h\u00f4tel de la Kasbah.<\/span><\/p>\n<p>&nbsp;<\/p>\n<h4><strong>Jour 4 : Ait Benhaddou &#8211; Telouet &#8211; Col du Tichka &#8211; Marrakech<\/strong><\/h4>\n<p>\u00c0 40 km de la Kasbah d&rsquo;Ait Benhadou, vous verrez une autre Kasbah, celle de Telouet, ancienne route des caravanes du Sahara vers Marrakech en passant par les montagnes de l&rsquo;Atlas. C&rsquo;est aussi le si\u00e8ge du pouvoir de la famille El Glaoui, \u00e0 qui le roi Moulay Hassan avait confi\u00e9 le pouvoir politique sur le Maroc au sud du Haut Atlas. Les Glaouis sont presque aussi puissants que le sultan lui-m\u00eame. Le palais peut encore \u00eatre visit\u00e9, mais il est de plus en plus endommag\u00e9 et s&rsquo;effondre lentement. En 2010, des travaux de restauration ont \u00e9t\u00e9 entrepris. D\u00e9jeuner au col de Tichka et route vers Marrakech. Merci d&rsquo;avoir choisi Womenbesttravel pour vos excursions de 4 jours de MARRAKECH \u00e0 ERG CHEGAGA DUNES.<\/p>\n<p>&nbsp;<\/p>\n","protected":false},"excerpt":{"rendered":"<p>&nbsp; MARRAKECH TO ERG CHEGAGA DUNES TOUR 4 DAYS &nbsp; Day 1- Marrakech \u2013 High Atlas \u2013 Ouarzazate \u2013 Agdez your MARRAKECH TO ERG&#8230;<\/p>\n","protected":false},"author":1,"featured_media":1815,"parent":0,"menu_order":0,"comment_status":"closed","ping_status":"closed","template":"","meta":{"_exactmetrics_skip_tracking":false,"_exactmetrics_sitenote_active":false,"_exactmetrics_sitenote_note":"","_exactmetrics_sitenote_category":0,"_monsterinsights_skip_tracking":false,"_monsterinsights_sitenote_active":false,"_monsterinsights_sitenote_note":"","_monsterinsights_sitenote_category":0,"_joinchat":[],"footnotes":""},"class_list":["post-2192","page","type-page","status-publish","has-post-thumbnail","hentry","post-item","post-even"],"_links":{"self":[{"href":"https:\/\/womenbesttravel.com\/fr\/wp-json\/wp\/v2\/pages\/2192","targetHints":{"allow":["GET"]}}],"collection":[{"href":"https:\/\/womenbesttravel.com\/fr\/wp-json\/wp\/v2\/pages"}],"about":[{"href":"https:\/\/womenbesttravel.com\/fr\/wp-json\/wp\/v2\/types\/page"}],"author":[{"embeddable":true,"href":"https:\/\/womenbesttravel.com\/fr\/wp-json\/wp\/v2\/users\/1"}],"replies":[{"embeddable":true,"href":"https:\/\/womenbesttravel.com\/fr\/wp-json\/wp\/v2\/comments?post=2192"}],"version-history":[{"count":0,"href":"https:\/\/womenbesttravel.com\/fr\/wp-json\/wp\/v2\/pages\/2192\/revisions"}],"wp:featuredmedia":[{"embeddable":true,"href":"https:\/\/womenbesttravel.com\/fr\/wp-json\/wp\/v2\/media\/1815"}],"wp:attachment":[{"href":"https:\/\/womenbesttravel.com\/fr\/wp-json\/wp\/v2\/media?parent=2192"}],"curies":[{"name":"wp","href":"https:\/\/api.w.org\/{rel}","templated":true}]}}