{"id":2203,"date":"2019-09-23T10:28:31","date_gmt":"2019-09-23T10:28:31","guid":{"rendered":"https:\/\/womenbesttravel.com\/about-us\/"},"modified":"2024-06-09T13:19:22","modified_gmt":"2024-06-09T13:19:22","slug":"a-propos","status":"publish","type":"page","link":"https:\/\/womenbesttravel.com\/fr\/a-propos\/","title":{"rendered":"\u00c0 PROPOS DE NOUS"},"content":{"rendered":"<h1>Agence de voyage au Maroc<\/h1>\n<p><span style=\"font-weight: 400; text-align: justify; display: block;\">A propos de l&rsquo;agence de voyage Maroc<\/span><\/p>\n<p><span style=\"font-weight: 400; text-align: justify; display: block;\"><strong><br \/>\n<\/strong><a href=\"https:\/\/womenbesttravel.com\/travel-agent-morocco-specialist\/\"><strong> FADOUA ATIF<\/strong><\/a><\/span><\/p>\n<p><span style=\"font-weight: 400; text-align: justify; display: block;\"><img decoding=\"async\" class=\"size-medium wp-image-824 alignleft\" src=\"https:\/\/womenbesttravel.com\/wp-content\/uploads\/2020\/03\/88344329_243114303360095_2010230967259627520_n-225x300.jpg\" alt=\"Agence de voyage au Maroc\" width=\"225\" height=\"300\" srcset=\"https:\/\/womenbesttravel.com\/wp-content\/uploads\/2020\/03\/88344329_243114303360095_2010230967259627520_n-225x300.jpg 225w, https:\/\/womenbesttravel.com\/wp-content\/uploads\/2020\/03\/88344329_243114303360095_2010230967259627520_n.jpg 360w\" sizes=\"(max-width: 225px) 100vw, 225px\" \/>Bonjour, je m&rsquo;appelle Fadoua et j&rsquo;ai pass\u00e9 des ann\u00e9es \u00e0 travailler comme organisatrice de voyages et accompagnatrice de voyageurs au Maroc, ce qui m&rsquo;a donn\u00e9 l&rsquo;occasion de rencontrer de nombreuses voyageuses du monde entier et de les aider \u00e0 organiser et \u00e0 cr\u00e9er leurs voyages de r\u00eave dans mon pays d&rsquo;origine, le Maroc. Le r\u00e9sultat est <span style=\"color: #ff9900;\"><a style=\"color: #ff9900;\" href=\"http:\/\/womenbesttravel.com\/\">Women Best Travel<\/a><\/span>Je suis l\u00e0 pour aider toutes les voyageuses qui r\u00eavent du Maroc. Venez me rejoindre pour vivre des exp\u00e9riences d&rsquo;aventure dans les attractions les plus magiques du Maroc : les sites historiques de la m\u00e9dina de F\u00e8s et de Marrakech, les montagnes de l&rsquo;Atlas, le d\u00e9sert du Sahara. Partager des exp\u00e9riences avec des locaux parce que je crois que la meilleure fa\u00e7on d&rsquo;avoir un impact positif au niveau local est de se connecter et de former des relations de qualit\u00e9. Je fais de mon mieux, en tant que citoyenne locale, pour cr\u00e9er un changement durable pour les femmes de mon pays. Cela m&rsquo;aide \u00e0 cr\u00e9er des exp\u00e9riences qui seront vraiment utiles \u00e0 tout le monde. Je me r\u00e9jouis de maintenir la culture authentique des communaut\u00e9s locales au Maroc. J&rsquo;esp\u00e8re pouvoir rappeler mon patrimoine immat\u00e9riel par le biais de voyages durables.<\/span><\/p>\n<p>&nbsp;<\/p>\n","protected":false},"excerpt":{"rendered":"<p>Agence de voyage au Maroc A propos de l&rsquo;agence de voyage Maroc FADOUA ATIF Bonjour, je m&rsquo;appelle Fadoua et j&rsquo;ai pass\u00e9 des ann\u00e9es \u00e0&#8230;<\/p>\n","protected":false},"author":1,"featured_media":0,"parent":0,"menu_order":0,"comment_status":"closed","ping_status":"closed","template":"","meta":{"_exactmetrics_skip_tracking":false,"_exactmetrics_sitenote_active":false,"_exactmetrics_sitenote_note":"","_exactmetrics_sitenote_category":0,"_monsterinsights_skip_tracking":false,"_monsterinsights_sitenote_active":false,"_monsterinsights_sitenote_note":"","_monsterinsights_sitenote_category":0,"_joinchat":[],"footnotes":""},"class_list":["post-2203","page","type-page","status-publish","hentry","post-item","post-even"],"_links":{"self":[{"href":"https:\/\/womenbesttravel.com\/fr\/wp-json\/wp\/v2\/pages\/2203","targetHints":{"allow":["GET"]}}],"collection":[{"href":"https:\/\/womenbesttravel.com\/fr\/wp-json\/wp\/v2\/pages"}],"about":[{"href":"https:\/\/womenbesttravel.com\/fr\/wp-json\/wp\/v2\/types\/page"}],"author":[{"embeddable":true,"href":"https:\/\/womenbesttravel.com\/fr\/wp-json\/wp\/v2\/users\/1"}],"replies":[{"embeddable":true,"href":"https:\/\/womenbesttravel.com\/fr\/wp-json\/wp\/v2\/comments?post=2203"}],"version-history":[{"count":0,"href":"https:\/\/womenbesttravel.com\/fr\/wp-json\/wp\/v2\/pages\/2203\/revisions"}],"wp:attachment":[{"href":"https:\/\/womenbesttravel.com\/fr\/wp-json\/wp\/v2\/media?parent=2203"}],"curies":[{"name":"wp","href":"https:\/\/api.w.org\/{rel}","templated":true}]}}